{"id":12484,"date":"2021-12-14T16:38:46","date_gmt":"2021-12-14T15:38:46","guid":{"rendered":"https:\/\/turschwellenrampe.de\/shop\/unkategorisiert\/einbaurampe-325-cm-doppelt-klappbar-extra-breit\/"},"modified":"2024-01-18T16:46:58","modified_gmt":"2024-01-18T15:46:58","slug":"einbaurampe-325-cm-doppelt-faltig-extra-breit","status":"publish","type":"product","link":"https:\/\/turschwellenrampe.de\/de\/rollstuhlrampen\/klappbare-einbaurampen\/einbaurampe-325-cm-doppelt-faltig-extra-breit\/","title":{"rendered":"Einbaurampe &#8211; 325 cm doppelt klappbar (extra breit)"},"content":{"rendered":"<p>Im zusammengeklappten Zustand haben die dreiteiligen Rampen eine geringere H\u00f6he als die zweiteiligen Rampen. Im ausgeklappten Zustand sind sie l\u00e4nger, was bedeutet, dass die Neigung weniger steil ist.e helling minder steil is. Die einzigartige Oberfl\u00e4chenbeschichtung sorgt f\u00fcr einen sehr guten Halt und macht das Be- und Entladen einfach und sicher. Die perforierte Oberfl\u00e4che der Rampe erm\u00f6glicht es dem Fahrer, im R\u00fcckspiegel durch die erh\u00f6hte Rampe zu sehen. Mit der mitgelieferten Adapterplatte k\u00f6nnen Sie Ihre Einbaurampe einfach und schnell an Ihrem Fahrzeug montieren.<\/p>\n<p>Mit einer Breite von <strong>90 cm<\/strong> sind diese Rampen breiter als die durchschnittlichen Rampen. Ideal z. B. f\u00fcr einen breiten Scooter oder wenn Sie mehr Platz beim Auffahren auf die Rampen w\u00fcnschen.<\/p>\n<p><strong>Spezifikationen:<\/strong><\/p>\n<ul>\n<li>Ausgefahrene L\u00e4nge: 325 cm<\/li>\n<li>Gewicht: 40 kg<\/li>\n<li>Max. Belastung: 400 kg<\/li>\n<li>Innere Breite: 90 cm<\/li>\n<li>H\u00f6he zusammengeklappt: 122 cm<\/li>\n<\/ul>\n<p><iframe title=\"YouTube video player\" src=\"https:\/\/www.youtube.com\/embed\/Hq3LTbmfwEQ\" width=\"560\" height=\"315\" frameborder=\"0\" allowfullscreen=\"allowfullscreen\"><\/iframe><\/p>\n","protected":false},"excerpt":{"rendered":"<p>Im zusammengeklappten Zustand haben die dreiteiligen Rampen eine geringere H\u00f6he als die zweiteiligen Rampen. Im ausgeklappten Zustand sind sie l\u00e4nger, was bedeutet, dass die Neigung weniger steil ist.e helling minder steil is. Die einzigartige Oberfl\u00e4chenbeschichtung sorgt f\u00fcr einen sehr guten Halt und macht das Be- und Entladen einfach und sicher. Die perforierte Oberfl\u00e4che der Rampe erm\u00f6glicht es dem Fahrer, im R\u00fcckspiegel durch die erh\u00f6hte Rampe zu sehen. Mit der mitgelieferten Adapterplatte k\u00f6nnen Sie Ihre Einbaurampe einfach und schnell an Ihrem Fahrzeug montieren.<\/p>\n<p>Mit einer Breite von <strong>90 cm<\/strong> sind diese Rampen breiter als die durchschnittlichen Rampen. Ideal z. B. f\u00fcr einen breiten Scooter oder wenn Sie mehr Platz beim Auffahren auf die Rampen w\u00fcnschen.<\/p>\n<p><strong>Spezifikationen:<\/strong><\/p>\n<ul>\n<li>Ausgefahrene L\u00e4nge: 325 cm<\/li>\n<li>Gewicht: 40 kg<\/li>\n<li>Max. Belastung: 400 kg<\/li>\n<li>Innere Breite: 90 cm<\/li>\n<li>H\u00f6he zusammengeklappt: 122 cm<\/li>\n<\/ul>\n","protected":false},"featured_media":12372,"comment_status":"open","ping_status":"closed","template":"","meta":[],"product_brand":[],"product_cat":[537],"product_tag":[],"class_list":{"0":"post-12484","1":"product","2":"type-product","3":"status-publish","4":"has-post-thumbnail","6":"product_cat-klappbare-einbaurampen","8":"first","9":"instock","10":"taxable","11":"shipping-taxable","12":"product-type-simple"},"yoast_head":"<!-- This site is optimized with the Yoast SEO plugin v27.5 - https:\/\/yoast.com\/product\/yoast-seo-wordpress\/ -->\n<title>Einbaurampe - 325 cm doppelt klappbar (extra breit) - Turschwellenrampe.de<\/title>\n<meta name=\"robots\" content=\"index, follow, max-snippet:-1, max-image-preview:large, max-video-preview:-1\" \/>\n<link rel=\"canonical\" href=\"https:\/\/turschwellenrampe.de\/de\/rollstuhlrampen\/klappbare-einbaurampen\/einbaurampe-325-cm-doppelt-faltig-extra-breit\/\" \/>\n<meta property=\"og:locale\" content=\"de_DE\" \/>\n<meta property=\"og:type\" content=\"article\" \/>\n<meta property=\"og:title\" content=\"Einbaurampe - 325 cm doppelt klappbar (extra breit) - Turschwellenrampe.de\" \/>\n<meta property=\"og:description\" content=\"Im zusammengeklappten Zustand haben die dreiteiligen Rampen eine geringere H\u00f6he als die zweiteiligen Rampen. Im ausgeklappten Zustand sind sie l\u00e4nger, was bedeutet, dass die Neigung weniger steil ist.e helling minder steil is. Die einzigartige Oberfl\u00e4chenbeschichtung sorgt f\u00fcr einen sehr guten Halt und macht das Be- und Entladen einfach und sicher. Die perforierte Oberfl\u00e4che der Rampe erm\u00f6glicht es dem Fahrer, im R\u00fcckspiegel durch die erh\u00f6hte Rampe zu sehen. Mit der mitgelieferten Adapterplatte k\u00f6nnen Sie Ihre Einbaurampe einfach und schnell an Ihrem Fahrzeug montieren. Mit einer Breite von 90 cm sind diese Rampen breiter als die durchschnittlichen Rampen. Ideal z. B. f\u00fcr einen breiten Scooter oder wenn Sie mehr Platz beim Auffahren auf die Rampen w\u00fcnschen. Spezifikationen:  Ausgefahrene L\u00e4nge: 325 cm  Gewicht: 40 kg  Max. Belastung: 400 kg  Innere Breite: 90 cm  H\u00f6he zusammengeklappt: 122 cm\" \/>\n<meta property=\"og:url\" content=\"https:\/\/turschwellenrampe.de\/de\/rollstuhlrampen\/klappbare-einbaurampen\/einbaurampe-325-cm-doppelt-faltig-extra-breit\/\" \/>\n<meta property=\"og:site_name\" content=\"Turschwellenrampe.de\" \/>\n<meta property=\"article:publisher\" content=\"https:\/\/www.facebook.com\/Drempelhulp\/\" \/>\n<meta property=\"article:modified_time\" content=\"2024-01-18T15:46:58+00:00\" \/>\n<meta property=\"og:image\" content=\"https:\/\/turschwellenrampe.de\/wp-content\/uploads\/2021\/12\/Untitled-2.jpg\" \/>\n\t<meta property=\"og:image:width\" content=\"1200\" \/>\n\t<meta property=\"og:image:height\" content=\"1200\" \/>\n\t<meta property=\"og:image:type\" content=\"image\/jpeg\" \/>\n<meta name=\"twitter:card\" content=\"summary_large_image\" \/>\n<meta name=\"twitter:label1\" content=\"Gesch\u00e4tzte Lesezeit\" \/>\n\t<meta name=\"twitter:data1\" content=\"1\u00a0Minute\" \/>\n<script type=\"application\/ld+json\" class=\"yoast-schema-graph\">{\"@context\":\"https:\\\/\\\/schema.org\",\"@graph\":[{\"@type\":\"WebPage\",\"@id\":\"https:\\\/\\\/turschwellenrampe.de\\\/de\\\/rollstuhlrampen\\\/klappbare-einbaurampen\\\/einbaurampe-325-cm-doppelt-faltig-extra-breit\\\/\",\"url\":\"https:\\\/\\\/turschwellenrampe.de\\\/de\\\/rollstuhlrampen\\\/klappbare-einbaurampen\\\/einbaurampe-325-cm-doppelt-faltig-extra-breit\\\/\",\"name\":\"Einbaurampe - 325 cm doppelt klappbar (extra breit) - Turschwellenrampe.de\",\"isPartOf\":{\"@id\":\"https:\\\/\\\/turschwellenrampe.de\\\/de\\\/#website\"},\"primaryImageOfPage\":{\"@id\":\"https:\\\/\\\/turschwellenrampe.de\\\/de\\\/rollstuhlrampen\\\/klappbare-einbaurampen\\\/einbaurampe-325-cm-doppelt-faltig-extra-breit\\\/#primaryimage\"},\"image\":{\"@id\":\"https:\\\/\\\/turschwellenrampe.de\\\/de\\\/rollstuhlrampen\\\/klappbare-einbaurampen\\\/einbaurampe-325-cm-doppelt-faltig-extra-breit\\\/#primaryimage\"},\"thumbnailUrl\":\"https:\\\/\\\/turschwellenrampe.de\\\/wp-content\\\/uploads\\\/2021\\\/12\\\/Untitled-2.jpg\",\"datePublished\":\"2021-12-14T15:38:46+00:00\",\"dateModified\":\"2024-01-18T15:46:58+00:00\",\"breadcrumb\":{\"@id\":\"https:\\\/\\\/turschwellenrampe.de\\\/de\\\/rollstuhlrampen\\\/klappbare-einbaurampen\\\/einbaurampe-325-cm-doppelt-faltig-extra-breit\\\/#breadcrumb\"},\"inLanguage\":\"de\",\"potentialAction\":[{\"@type\":\"ReadAction\",\"target\":[\"https:\\\/\\\/turschwellenrampe.de\\\/de\\\/rollstuhlrampen\\\/klappbare-einbaurampen\\\/einbaurampe-325-cm-doppelt-faltig-extra-breit\\\/\"]}]},{\"@type\":\"ImageObject\",\"inLanguage\":\"de\",\"@id\":\"https:\\\/\\\/turschwellenrampe.de\\\/de\\\/rollstuhlrampen\\\/klappbare-einbaurampen\\\/einbaurampe-325-cm-doppelt-faltig-extra-breit\\\/#primaryimage\",\"url\":\"https:\\\/\\\/turschwellenrampe.de\\\/wp-content\\\/uploads\\\/2021\\\/12\\\/Untitled-2.jpg\",\"contentUrl\":\"https:\\\/\\\/turschwellenrampe.de\\\/wp-content\\\/uploads\\\/2021\\\/12\\\/Untitled-2.jpg\",\"width\":1200,\"height\":1200},{\"@type\":\"BreadcrumbList\",\"@id\":\"https:\\\/\\\/turschwellenrampe.de\\\/de\\\/rollstuhlrampen\\\/klappbare-einbaurampen\\\/einbaurampe-325-cm-doppelt-faltig-extra-breit\\\/#breadcrumb\",\"itemListElement\":[{\"@type\":\"ListItem\",\"position\":1,\"name\":\"Home\",\"item\":\"https:\\\/\\\/turschwellenrampe.de\\\/de\\\/\"},{\"@type\":\"ListItem\",\"position\":2,\"name\":\"Shop\",\"item\":\"https:\\\/\\\/turschwellenrampe.de\\\/de\\\/geschaft\\\/\"},{\"@type\":\"ListItem\",\"position\":3,\"name\":\"Einbaurampe &#8211; 325 cm doppelt klappbar (extra breit)\"}]},{\"@type\":\"WebSite\",\"@id\":\"https:\\\/\\\/turschwellenrampe.de\\\/de\\\/#website\",\"url\":\"https:\\\/\\\/turschwellenrampe.de\\\/de\\\/\",\"name\":\"Turschwellenrampe.de\",\"description\":\"De Specialist in Toegankelijkheid\",\"potentialAction\":[{\"@type\":\"SearchAction\",\"target\":{\"@type\":\"EntryPoint\",\"urlTemplate\":\"https:\\\/\\\/turschwellenrampe.de\\\/de\\\/?s={search_term_string}\"},\"query-input\":{\"@type\":\"PropertyValueSpecification\",\"valueRequired\":true,\"valueName\":\"search_term_string\"}}],\"inLanguage\":\"de\"}]}<\/script>\n<!-- \/ Yoast SEO plugin. -->","yoast_head_json":{"title":"Einbaurampe - 325 cm doppelt klappbar (extra breit) - Turschwellenrampe.de","robots":{"index":"index","follow":"follow","max-snippet":"max-snippet:-1","max-image-preview":"max-image-preview:large","max-video-preview":"max-video-preview:-1"},"canonical":"https:\/\/turschwellenrampe.de\/de\/rollstuhlrampen\/klappbare-einbaurampen\/einbaurampe-325-cm-doppelt-faltig-extra-breit\/","og_locale":"de_DE","og_type":"article","og_title":"Einbaurampe - 325 cm doppelt klappbar (extra breit) - Turschwellenrampe.de","og_description":"Im zusammengeklappten Zustand haben die dreiteiligen Rampen eine geringere H\u00f6he als die zweiteiligen Rampen. Im ausgeklappten Zustand sind sie l\u00e4nger, was bedeutet, dass die Neigung weniger steil ist.e helling minder steil is. Die einzigartige Oberfl\u00e4chenbeschichtung sorgt f\u00fcr einen sehr guten Halt und macht das Be- und Entladen einfach und sicher. Die perforierte Oberfl\u00e4che der Rampe erm\u00f6glicht es dem Fahrer, im R\u00fcckspiegel durch die erh\u00f6hte Rampe zu sehen. Mit der mitgelieferten Adapterplatte k\u00f6nnen Sie Ihre Einbaurampe einfach und schnell an Ihrem Fahrzeug montieren. Mit einer Breite von 90 cm sind diese Rampen breiter als die durchschnittlichen Rampen. Ideal z. B. f\u00fcr einen breiten Scooter oder wenn Sie mehr Platz beim Auffahren auf die Rampen w\u00fcnschen. Spezifikationen:  Ausgefahrene L\u00e4nge: 325 cm  Gewicht: 40 kg  Max. Belastung: 400 kg  Innere Breite: 90 cm  H\u00f6he zusammengeklappt: 122 cm","og_url":"https:\/\/turschwellenrampe.de\/de\/rollstuhlrampen\/klappbare-einbaurampen\/einbaurampe-325-cm-doppelt-faltig-extra-breit\/","og_site_name":"Turschwellenrampe.de","article_publisher":"https:\/\/www.facebook.com\/Drempelhulp\/","article_modified_time":"2024-01-18T15:46:58+00:00","og_image":[{"width":1200,"height":1200,"url":"https:\/\/turschwellenrampe.de\/wp-content\/uploads\/2021\/12\/Untitled-2.jpg","type":"image\/jpeg"}],"twitter_card":"summary_large_image","twitter_misc":{"Gesch\u00e4tzte Lesezeit":"1\u00a0Minute"},"schema":{"@context":"https:\/\/schema.org","@graph":[{"@type":"WebPage","@id":"https:\/\/turschwellenrampe.de\/de\/rollstuhlrampen\/klappbare-einbaurampen\/einbaurampe-325-cm-doppelt-faltig-extra-breit\/","url":"https:\/\/turschwellenrampe.de\/de\/rollstuhlrampen\/klappbare-einbaurampen\/einbaurampe-325-cm-doppelt-faltig-extra-breit\/","name":"Einbaurampe - 325 cm doppelt klappbar (extra breit) - Turschwellenrampe.de","isPartOf":{"@id":"https:\/\/turschwellenrampe.de\/de\/#website"},"primaryImageOfPage":{"@id":"https:\/\/turschwellenrampe.de\/de\/rollstuhlrampen\/klappbare-einbaurampen\/einbaurampe-325-cm-doppelt-faltig-extra-breit\/#primaryimage"},"image":{"@id":"https:\/\/turschwellenrampe.de\/de\/rollstuhlrampen\/klappbare-einbaurampen\/einbaurampe-325-cm-doppelt-faltig-extra-breit\/#primaryimage"},"thumbnailUrl":"https:\/\/turschwellenrampe.de\/wp-content\/uploads\/2021\/12\/Untitled-2.jpg","datePublished":"2021-12-14T15:38:46+00:00","dateModified":"2024-01-18T15:46:58+00:00","breadcrumb":{"@id":"https:\/\/turschwellenrampe.de\/de\/rollstuhlrampen\/klappbare-einbaurampen\/einbaurampe-325-cm-doppelt-faltig-extra-breit\/#breadcrumb"},"inLanguage":"de","potentialAction":[{"@type":"ReadAction","target":["https:\/\/turschwellenrampe.de\/de\/rollstuhlrampen\/klappbare-einbaurampen\/einbaurampe-325-cm-doppelt-faltig-extra-breit\/"]}]},{"@type":"ImageObject","inLanguage":"de","@id":"https:\/\/turschwellenrampe.de\/de\/rollstuhlrampen\/klappbare-einbaurampen\/einbaurampe-325-cm-doppelt-faltig-extra-breit\/#primaryimage","url":"https:\/\/turschwellenrampe.de\/wp-content\/uploads\/2021\/12\/Untitled-2.jpg","contentUrl":"https:\/\/turschwellenrampe.de\/wp-content\/uploads\/2021\/12\/Untitled-2.jpg","width":1200,"height":1200},{"@type":"BreadcrumbList","@id":"https:\/\/turschwellenrampe.de\/de\/rollstuhlrampen\/klappbare-einbaurampen\/einbaurampe-325-cm-doppelt-faltig-extra-breit\/#breadcrumb","itemListElement":[{"@type":"ListItem","position":1,"name":"Home","item":"https:\/\/turschwellenrampe.de\/de\/"},{"@type":"ListItem","position":2,"name":"Shop","item":"https:\/\/turschwellenrampe.de\/de\/geschaft\/"},{"@type":"ListItem","position":3,"name":"Einbaurampe &#8211; 325 cm doppelt klappbar (extra breit)"}]},{"@type":"WebSite","@id":"https:\/\/turschwellenrampe.de\/de\/#website","url":"https:\/\/turschwellenrampe.de\/de\/","name":"Turschwellenrampe.de","description":"De Specialist in Toegankelijkheid","potentialAction":[{"@type":"SearchAction","target":{"@type":"EntryPoint","urlTemplate":"https:\/\/turschwellenrampe.de\/de\/?s={search_term_string}"},"query-input":{"@type":"PropertyValueSpecification","valueRequired":true,"valueName":"search_term_string"}}],"inLanguage":"de"}]}},"_links":{"self":[{"href":"https:\/\/turschwellenrampe.de\/de\/wp-json\/wp\/v2\/product\/12484","targetHints":{"allow":["GET"]}}],"collection":[{"href":"https:\/\/turschwellenrampe.de\/de\/wp-json\/wp\/v2\/product"}],"about":[{"href":"https:\/\/turschwellenrampe.de\/de\/wp-json\/wp\/v2\/types\/product"}],"replies":[{"embeddable":true,"href":"https:\/\/turschwellenrampe.de\/de\/wp-json\/wp\/v2\/comments?post=12484"}],"wp:featuredmedia":[{"embeddable":true,"href":"https:\/\/turschwellenrampe.de\/de\/wp-json\/wp\/v2\/media\/12372"}],"wp:attachment":[{"href":"https:\/\/turschwellenrampe.de\/de\/wp-json\/wp\/v2\/media?parent=12484"}],"wp:term":[{"taxonomy":"product_brand","embeddable":true,"href":"https:\/\/turschwellenrampe.de\/de\/wp-json\/wp\/v2\/product_brand?post=12484"},{"taxonomy":"product_cat","embeddable":true,"href":"https:\/\/turschwellenrampe.de\/de\/wp-json\/wp\/v2\/product_cat?post=12484"},{"taxonomy":"product_tag","embeddable":true,"href":"https:\/\/turschwellenrampe.de\/de\/wp-json\/wp\/v2\/product_tag?post=12484"}],"curies":[{"name":"wp","href":"https:\/\/api.w.org\/{rel}","templated":true}]}}