{"id":12480,"date":"2021-12-15T09:07:52","date_gmt":"2021-12-15T08:07:52","guid":{"rendered":"https:\/\/turschwellenrampe.de\/shop\/unkategorisiert\/einbaurampe-extra-stark-238-cm-schmal\/"},"modified":"2024-01-18T16:47:09","modified_gmt":"2024-01-18T15:47:09","slug":"einbaurampe-extra-stark-238-cm-schmal","status":"publish","type":"product","link":"https:\/\/turschwellenrampe.de\/de\/rollstuhlrampen\/klappbare-einbaurampen\/einbaurampe-extra-stark-238-cm-schmal\/","title":{"rendered":"Einbaurampe extra stark &#8211; 238 cm (schmal)"},"content":{"rendered":"<p>Perforierte Rampen aus strapazierf\u00e4higem Material, die sich leicht in den Kofferraum eines Autos einbauen lassen. Auf Anfrage ist es m\u00f6glich, eine speziell angepasste Einbaurampe zu fertigen. Mit der mitgelieferten Adapterplatte k\u00f6nnen Sie diese Heckklappenrampe einfach und schnell in Ihrem Fahrzeug installieren.<\/p>\n<p><strong>Spezifikationen:<\/strong><\/p>\n<ul>\n<li>Ausgefahrene L\u00e4nge: 238 cm<\/li>\n<li>Gewicht: 23 kg<\/li>\n<li>Max. Belastung: 650 kg<\/li>\n<li>Innere Breite: 48 cm<\/li>\n<li>H\u00f6he zusammengeklappt: 131 cm<\/li>\n<\/ul>\n<p><iframe title=\"YouTube video player\" src=\"https:\/\/www.youtube.com\/embed\/Hq3LTbmfwEQ\" width=\"560\" height=\"315\" frameborder=\"0\" allowfullscreen=\"allowfullscreen\"><\/iframe><\/p>\n","protected":false},"excerpt":{"rendered":"<p>Perforierte Rampen aus strapazierf\u00e4higem Material, die sich leicht in den Kofferraum eines Autos einbauen lassen. Auf Anfrage ist es m\u00f6glich, eine speziell angepasste Einbaurampe zu fertigen. Mit der mitgelieferten Adapterplatte k\u00f6nnen Sie diese Heckklappenrampe einfach und schnell in Ihrem Fahrzeug installieren.<\/p>\n<p><strong>Spezifikationen:<\/strong><\/p>\n<ul>\n<li>Ausgefahrene L\u00e4nge: 238 cm<\/li>\n<li>Gewicht: 23 kg<\/li>\n<li>Max. Belastung: 650 kg<\/li>\n<li>Innere Breite: 48 cm<\/li>\n<li>H\u00f6he zusammengeklappt: 131 cm<\/li>\n<\/ul>\n","protected":false},"featured_media":12371,"comment_status":"open","ping_status":"closed","template":"","meta":[],"product_brand":[],"product_cat":[537],"product_tag":[],"class_list":{"0":"post-12480","1":"product","2":"type-product","3":"status-publish","4":"has-post-thumbnail","6":"product_cat-klappbare-einbaurampen","8":"first","9":"instock","10":"taxable","11":"shipping-taxable","12":"product-type-simple"},"yoast_head":"<!-- This site is optimized with the Yoast SEO plugin v27.5 - https:\/\/yoast.com\/product\/yoast-seo-wordpress\/ -->\n<title>Einbaurampe extra stark - 238 cm (schmal) - Turschwellenrampe.de<\/title>\n<meta name=\"robots\" content=\"index, follow, max-snippet:-1, max-image-preview:large, max-video-preview:-1\" \/>\n<link rel=\"canonical\" href=\"https:\/\/turschwellenrampe.de\/de\/rollstuhlrampen\/klappbare-einbaurampen\/einbaurampe-extra-stark-238-cm-schmal\/\" \/>\n<meta property=\"og:locale\" content=\"de_DE\" \/>\n<meta property=\"og:type\" content=\"article\" \/>\n<meta property=\"og:title\" content=\"Einbaurampe extra stark - 238 cm (schmal) - Turschwellenrampe.de\" \/>\n<meta property=\"og:description\" content=\"Perforierte Rampen aus strapazierf\u00e4higem Material, die sich leicht in den Kofferraum eines Autos einbauen lassen. Auf Anfrage ist es m\u00f6glich, eine speziell angepasste Einbaurampe zu fertigen. Mit der mitgelieferten Adapterplatte k\u00f6nnen Sie diese Heckklappenrampe einfach und schnell in Ihrem Fahrzeug installieren. Spezifikationen:  Ausgefahrene L\u00e4nge: 238 cm  Gewicht: 23 kg  Max. Belastung: 650 kg  Innere Breite: 48 cm  H\u00f6he zusammengeklappt: 131 cm\" \/>\n<meta property=\"og:url\" content=\"https:\/\/turschwellenrampe.de\/de\/rollstuhlrampen\/klappbare-einbaurampen\/einbaurampe-extra-stark-238-cm-schmal\/\" \/>\n<meta property=\"og:site_name\" content=\"Turschwellenrampe.de\" \/>\n<meta property=\"article:publisher\" content=\"https:\/\/www.facebook.com\/Drempelhulp\/\" \/>\n<meta property=\"article:modified_time\" content=\"2024-01-18T15:47:09+00:00\" \/>\n<meta property=\"og:image\" content=\"https:\/\/turschwellenrampe.de\/wp-content\/uploads\/2021\/12\/Oprijplaat-extra-sterk.jpg\" \/>\n\t<meta property=\"og:image:width\" content=\"1200\" \/>\n\t<meta property=\"og:image:height\" content=\"1200\" \/>\n\t<meta property=\"og:image:type\" content=\"image\/jpeg\" \/>\n<meta name=\"twitter:card\" content=\"summary_large_image\" \/>\n<script type=\"application\/ld+json\" class=\"yoast-schema-graph\">{\"@context\":\"https:\\\/\\\/schema.org\",\"@graph\":[{\"@type\":\"WebPage\",\"@id\":\"https:\\\/\\\/turschwellenrampe.de\\\/de\\\/rollstuhlrampen\\\/klappbare-einbaurampen\\\/einbaurampe-extra-stark-238-cm-schmal\\\/\",\"url\":\"https:\\\/\\\/turschwellenrampe.de\\\/de\\\/rollstuhlrampen\\\/klappbare-einbaurampen\\\/einbaurampe-extra-stark-238-cm-schmal\\\/\",\"name\":\"Einbaurampe extra stark - 238 cm (schmal) - Turschwellenrampe.de\",\"isPartOf\":{\"@id\":\"https:\\\/\\\/turschwellenrampe.de\\\/de\\\/#website\"},\"primaryImageOfPage\":{\"@id\":\"https:\\\/\\\/turschwellenrampe.de\\\/de\\\/rollstuhlrampen\\\/klappbare-einbaurampen\\\/einbaurampe-extra-stark-238-cm-schmal\\\/#primaryimage\"},\"image\":{\"@id\":\"https:\\\/\\\/turschwellenrampe.de\\\/de\\\/rollstuhlrampen\\\/klappbare-einbaurampen\\\/einbaurampe-extra-stark-238-cm-schmal\\\/#primaryimage\"},\"thumbnailUrl\":\"https:\\\/\\\/turschwellenrampe.de\\\/wp-content\\\/uploads\\\/2021\\\/12\\\/Oprijplaat-extra-sterk.jpg\",\"datePublished\":\"2021-12-15T08:07:52+00:00\",\"dateModified\":\"2024-01-18T15:47:09+00:00\",\"breadcrumb\":{\"@id\":\"https:\\\/\\\/turschwellenrampe.de\\\/de\\\/rollstuhlrampen\\\/klappbare-einbaurampen\\\/einbaurampe-extra-stark-238-cm-schmal\\\/#breadcrumb\"},\"inLanguage\":\"de\",\"potentialAction\":[{\"@type\":\"ReadAction\",\"target\":[\"https:\\\/\\\/turschwellenrampe.de\\\/de\\\/rollstuhlrampen\\\/klappbare-einbaurampen\\\/einbaurampe-extra-stark-238-cm-schmal\\\/\"]}]},{\"@type\":\"ImageObject\",\"inLanguage\":\"de\",\"@id\":\"https:\\\/\\\/turschwellenrampe.de\\\/de\\\/rollstuhlrampen\\\/klappbare-einbaurampen\\\/einbaurampe-extra-stark-238-cm-schmal\\\/#primaryimage\",\"url\":\"https:\\\/\\\/turschwellenrampe.de\\\/wp-content\\\/uploads\\\/2021\\\/12\\\/Oprijplaat-extra-sterk.jpg\",\"contentUrl\":\"https:\\\/\\\/turschwellenrampe.de\\\/wp-content\\\/uploads\\\/2021\\\/12\\\/Oprijplaat-extra-sterk.jpg\",\"width\":1200,\"height\":1200},{\"@type\":\"BreadcrumbList\",\"@id\":\"https:\\\/\\\/turschwellenrampe.de\\\/de\\\/rollstuhlrampen\\\/klappbare-einbaurampen\\\/einbaurampe-extra-stark-238-cm-schmal\\\/#breadcrumb\",\"itemListElement\":[{\"@type\":\"ListItem\",\"position\":1,\"name\":\"Home\",\"item\":\"https:\\\/\\\/turschwellenrampe.de\\\/de\\\/\"},{\"@type\":\"ListItem\",\"position\":2,\"name\":\"Shop\",\"item\":\"https:\\\/\\\/turschwellenrampe.de\\\/de\\\/geschaft\\\/\"},{\"@type\":\"ListItem\",\"position\":3,\"name\":\"Einbaurampe extra stark &#8211; 238 cm (schmal)\"}]},{\"@type\":\"WebSite\",\"@id\":\"https:\\\/\\\/turschwellenrampe.de\\\/de\\\/#website\",\"url\":\"https:\\\/\\\/turschwellenrampe.de\\\/de\\\/\",\"name\":\"Turschwellenrampe.de\",\"description\":\"De Specialist in Toegankelijkheid\",\"potentialAction\":[{\"@type\":\"SearchAction\",\"target\":{\"@type\":\"EntryPoint\",\"urlTemplate\":\"https:\\\/\\\/turschwellenrampe.de\\\/de\\\/?s={search_term_string}\"},\"query-input\":{\"@type\":\"PropertyValueSpecification\",\"valueRequired\":true,\"valueName\":\"search_term_string\"}}],\"inLanguage\":\"de\"}]}<\/script>\n<!-- \/ Yoast SEO plugin. -->","yoast_head_json":{"title":"Einbaurampe extra stark - 238 cm (schmal) - Turschwellenrampe.de","robots":{"index":"index","follow":"follow","max-snippet":"max-snippet:-1","max-image-preview":"max-image-preview:large","max-video-preview":"max-video-preview:-1"},"canonical":"https:\/\/turschwellenrampe.de\/de\/rollstuhlrampen\/klappbare-einbaurampen\/einbaurampe-extra-stark-238-cm-schmal\/","og_locale":"de_DE","og_type":"article","og_title":"Einbaurampe extra stark - 238 cm (schmal) - Turschwellenrampe.de","og_description":"Perforierte Rampen aus strapazierf\u00e4higem Material, die sich leicht in den Kofferraum eines Autos einbauen lassen. Auf Anfrage ist es m\u00f6glich, eine speziell angepasste Einbaurampe zu fertigen. Mit der mitgelieferten Adapterplatte k\u00f6nnen Sie diese Heckklappenrampe einfach und schnell in Ihrem Fahrzeug installieren. Spezifikationen:  Ausgefahrene L\u00e4nge: 238 cm  Gewicht: 23 kg  Max. Belastung: 650 kg  Innere Breite: 48 cm  H\u00f6he zusammengeklappt: 131 cm","og_url":"https:\/\/turschwellenrampe.de\/de\/rollstuhlrampen\/klappbare-einbaurampen\/einbaurampe-extra-stark-238-cm-schmal\/","og_site_name":"Turschwellenrampe.de","article_publisher":"https:\/\/www.facebook.com\/Drempelhulp\/","article_modified_time":"2024-01-18T15:47:09+00:00","og_image":[{"width":1200,"height":1200,"url":"https:\/\/turschwellenrampe.de\/wp-content\/uploads\/2021\/12\/Oprijplaat-extra-sterk.jpg","type":"image\/jpeg"}],"twitter_card":"summary_large_image","schema":{"@context":"https:\/\/schema.org","@graph":[{"@type":"WebPage","@id":"https:\/\/turschwellenrampe.de\/de\/rollstuhlrampen\/klappbare-einbaurampen\/einbaurampe-extra-stark-238-cm-schmal\/","url":"https:\/\/turschwellenrampe.de\/de\/rollstuhlrampen\/klappbare-einbaurampen\/einbaurampe-extra-stark-238-cm-schmal\/","name":"Einbaurampe extra stark - 238 cm (schmal) - Turschwellenrampe.de","isPartOf":{"@id":"https:\/\/turschwellenrampe.de\/de\/#website"},"primaryImageOfPage":{"@id":"https:\/\/turschwellenrampe.de\/de\/rollstuhlrampen\/klappbare-einbaurampen\/einbaurampe-extra-stark-238-cm-schmal\/#primaryimage"},"image":{"@id":"https:\/\/turschwellenrampe.de\/de\/rollstuhlrampen\/klappbare-einbaurampen\/einbaurampe-extra-stark-238-cm-schmal\/#primaryimage"},"thumbnailUrl":"https:\/\/turschwellenrampe.de\/wp-content\/uploads\/2021\/12\/Oprijplaat-extra-sterk.jpg","datePublished":"2021-12-15T08:07:52+00:00","dateModified":"2024-01-18T15:47:09+00:00","breadcrumb":{"@id":"https:\/\/turschwellenrampe.de\/de\/rollstuhlrampen\/klappbare-einbaurampen\/einbaurampe-extra-stark-238-cm-schmal\/#breadcrumb"},"inLanguage":"de","potentialAction":[{"@type":"ReadAction","target":["https:\/\/turschwellenrampe.de\/de\/rollstuhlrampen\/klappbare-einbaurampen\/einbaurampe-extra-stark-238-cm-schmal\/"]}]},{"@type":"ImageObject","inLanguage":"de","@id":"https:\/\/turschwellenrampe.de\/de\/rollstuhlrampen\/klappbare-einbaurampen\/einbaurampe-extra-stark-238-cm-schmal\/#primaryimage","url":"https:\/\/turschwellenrampe.de\/wp-content\/uploads\/2021\/12\/Oprijplaat-extra-sterk.jpg","contentUrl":"https:\/\/turschwellenrampe.de\/wp-content\/uploads\/2021\/12\/Oprijplaat-extra-sterk.jpg","width":1200,"height":1200},{"@type":"BreadcrumbList","@id":"https:\/\/turschwellenrampe.de\/de\/rollstuhlrampen\/klappbare-einbaurampen\/einbaurampe-extra-stark-238-cm-schmal\/#breadcrumb","itemListElement":[{"@type":"ListItem","position":1,"name":"Home","item":"https:\/\/turschwellenrampe.de\/de\/"},{"@type":"ListItem","position":2,"name":"Shop","item":"https:\/\/turschwellenrampe.de\/de\/geschaft\/"},{"@type":"ListItem","position":3,"name":"Einbaurampe extra stark &#8211; 238 cm (schmal)"}]},{"@type":"WebSite","@id":"https:\/\/turschwellenrampe.de\/de\/#website","url":"https:\/\/turschwellenrampe.de\/de\/","name":"Turschwellenrampe.de","description":"De Specialist in Toegankelijkheid","potentialAction":[{"@type":"SearchAction","target":{"@type":"EntryPoint","urlTemplate":"https:\/\/turschwellenrampe.de\/de\/?s={search_term_string}"},"query-input":{"@type":"PropertyValueSpecification","valueRequired":true,"valueName":"search_term_string"}}],"inLanguage":"de"}]}},"_links":{"self":[{"href":"https:\/\/turschwellenrampe.de\/de\/wp-json\/wp\/v2\/product\/12480","targetHints":{"allow":["GET"]}}],"collection":[{"href":"https:\/\/turschwellenrampe.de\/de\/wp-json\/wp\/v2\/product"}],"about":[{"href":"https:\/\/turschwellenrampe.de\/de\/wp-json\/wp\/v2\/types\/product"}],"replies":[{"embeddable":true,"href":"https:\/\/turschwellenrampe.de\/de\/wp-json\/wp\/v2\/comments?post=12480"}],"wp:featuredmedia":[{"embeddable":true,"href":"https:\/\/turschwellenrampe.de\/de\/wp-json\/wp\/v2\/media\/12371"}],"wp:attachment":[{"href":"https:\/\/turschwellenrampe.de\/de\/wp-json\/wp\/v2\/media?parent=12480"}],"wp:term":[{"taxonomy":"product_brand","embeddable":true,"href":"https:\/\/turschwellenrampe.de\/de\/wp-json\/wp\/v2\/product_brand?post=12480"},{"taxonomy":"product_cat","embeddable":true,"href":"https:\/\/turschwellenrampe.de\/de\/wp-json\/wp\/v2\/product_cat?post=12480"},{"taxonomy":"product_tag","embeddable":true,"href":"https:\/\/turschwellenrampe.de\/de\/wp-json\/wp\/v2\/product_tag?post=12480"}],"curies":[{"name":"wp","href":"https:\/\/api.w.org\/{rel}","templated":true}]}}