{"id":12466,"date":"2021-12-15T15:32:01","date_gmt":"2021-12-15T14:32:01","guid":{"rendered":"https:\/\/turschwellenrampe.de\/shop\/unkategorisiert\/extra-starke-einbaurampe-202-cm-ambulanz\/"},"modified":"2024-01-18T17:07:20","modified_gmt":"2024-01-18T16:07:20","slug":"laderampe-extra-stark-202-cm-ambulanz","status":"publish","type":"product","link":"https:\/\/turschwellenrampe.de\/de\/rollstuhlrampen\/klappbare-einbaurampen\/laderampe-extra-stark-202-cm-ambulanz\/","title":{"rendered":"Extra starke Einbaurampe &#8211; 202 cm (Ambulanz)"},"content":{"rendered":"<p>Diese Einbaurampen f\u00fcr den professionellen Einsatz wurden entwickelt, um den besonderen Anforderungen von Rettungsfahrzeugen gerecht zu werden. Die Rampen sind mit zus\u00e4tzlichen Verst\u00e4rkungen, stark reflektierenden Seitenprofilen und einer Notentriegelung ausgestattet, die es erm\u00f6glicht, die Rampe mit nur einer Handbewegung von innen zu \u00f6ffnen.<\/p>\n<p><strong>Spezifikationen:<\/strong><\/p>\n<ul>\n<li>Ausgefahrene L\u00e4nge: 202 cm<\/li>\n<li>Gewicht: 28 kg<\/li>\n<li>Max. Belastung: 600 kg<\/li>\n<li>Innere Breite: 90 cm<\/li>\n<li>H\u00f6he zusammengeklappt: 112 cm<\/li>\n<\/ul>\n<p><iframe title=\"YouTube video player\" src=\"https:\/\/www.youtube.com\/embed\/Hq3LTbmfwEQ\" width=\"560\" height=\"315\" frameborder=\"0\" allowfullscreen=\"allowfullscreen\"><\/iframe><\/p>\n","protected":false},"excerpt":{"rendered":"<p>Diese Einbaurampen f\u00fcr den professionellen Einsatz wurden entwickelt, um den besonderen Anforderungen von Rettungsfahrzeugen gerecht zu werden. Die Rampen sind mit zus\u00e4tzlichen Verst\u00e4rkungen, stark reflektierenden Seitenprofilen und einer Notentriegelung ausgestattet, die es erm\u00f6glicht, die Rampe mit nur einer Handbewegung von innen zu \u00f6ffnen.<\/p>\n<p><strong>Spezifikationen:<\/strong><\/p>\n<ul>\n<li>Ausgefahrene L\u00e4nge: 202 cm<\/li>\n<li>Gewicht: 28 kg<\/li>\n<li>Max. Belastung: 600 kg<\/li>\n<li>Innere Breite: 90 cm<\/li>\n<li>H\u00f6he zusammengeklappt: 112 cm<\/li>\n<\/ul>\n","protected":false},"featured_media":12369,"comment_status":"open","ping_status":"closed","template":"","meta":[],"product_brand":[],"product_cat":[537],"product_tag":[],"class_list":{"0":"post-12466","1":"product","2":"type-product","3":"status-publish","4":"has-post-thumbnail","6":"product_cat-klappbare-einbaurampen","8":"first","9":"instock","10":"taxable","11":"shipping-taxable","12":"product-type-simple"},"yoast_head":"<!-- This site is optimized with the Yoast SEO plugin v27.3 - https:\/\/yoast.com\/product\/yoast-seo-wordpress\/ -->\n<title>Extra starke Einbaurampe - 202 cm (Ambulanz) - Turschwellenrampe.de<\/title>\n<meta name=\"robots\" content=\"index, follow, max-snippet:-1, max-image-preview:large, max-video-preview:-1\" \/>\n<link rel=\"canonical\" href=\"https:\/\/turschwellenrampe.de\/de\/rollstuhlrampen\/klappbare-einbaurampen\/laderampe-extra-stark-202-cm-ambulanz\/\" \/>\n<meta property=\"og:locale\" content=\"de_DE\" \/>\n<meta property=\"og:type\" content=\"article\" \/>\n<meta property=\"og:title\" content=\"Extra starke Einbaurampe - 202 cm (Ambulanz) - Turschwellenrampe.de\" \/>\n<meta property=\"og:description\" content=\"Diese Einbaurampen f\u00fcr den professionellen Einsatz wurden entwickelt, um den besonderen Anforderungen von Rettungsfahrzeugen gerecht zu werden. Die Rampen sind mit zus\u00e4tzlichen Verst\u00e4rkungen, stark reflektierenden Seitenprofilen und einer Notentriegelung ausgestattet, die es erm\u00f6glicht, die Rampe mit nur einer Handbewegung von innen zu \u00f6ffnen. Spezifikationen:  Ausgefahrene L\u00e4nge: 202 cm  Gewicht: 28 kg  Max. Belastung: 600 kg  Innere Breite: 90 cm  H\u00f6he zusammengeklappt: 112 cm\" \/>\n<meta property=\"og:url\" content=\"https:\/\/turschwellenrampe.de\/de\/rollstuhlrampen\/klappbare-einbaurampen\/laderampe-extra-stark-202-cm-ambulanz\/\" \/>\n<meta property=\"og:site_name\" content=\"Turschwellenrampe.de\" \/>\n<meta property=\"article:publisher\" content=\"https:\/\/www.facebook.com\/Drempelhulp\/\" \/>\n<meta property=\"article:modified_time\" content=\"2024-01-18T16:07:20+00:00\" \/>\n<meta property=\"og:image\" content=\"https:\/\/turschwellenrampe.de\/wp-content\/uploads\/2021\/12\/Untitled-1.jpg\" \/>\n\t<meta property=\"og:image:width\" content=\"1200\" \/>\n\t<meta property=\"og:image:height\" content=\"1200\" \/>\n\t<meta property=\"og:image:type\" content=\"image\/jpeg\" \/>\n<meta name=\"twitter:card\" content=\"summary_large_image\" \/>\n<script type=\"application\/ld+json\" class=\"yoast-schema-graph\">{\"@context\":\"https:\\\/\\\/schema.org\",\"@graph\":[{\"@type\":\"WebPage\",\"@id\":\"https:\\\/\\\/turschwellenrampe.de\\\/de\\\/rollstuhlrampen\\\/klappbare-einbaurampen\\\/laderampe-extra-stark-202-cm-ambulanz\\\/\",\"url\":\"https:\\\/\\\/turschwellenrampe.de\\\/de\\\/rollstuhlrampen\\\/klappbare-einbaurampen\\\/laderampe-extra-stark-202-cm-ambulanz\\\/\",\"name\":\"Extra starke Einbaurampe - 202 cm (Ambulanz) - Turschwellenrampe.de\",\"isPartOf\":{\"@id\":\"https:\\\/\\\/turschwellenrampe.de\\\/de\\\/#website\"},\"primaryImageOfPage\":{\"@id\":\"https:\\\/\\\/turschwellenrampe.de\\\/de\\\/rollstuhlrampen\\\/klappbare-einbaurampen\\\/laderampe-extra-stark-202-cm-ambulanz\\\/#primaryimage\"},\"image\":{\"@id\":\"https:\\\/\\\/turschwellenrampe.de\\\/de\\\/rollstuhlrampen\\\/klappbare-einbaurampen\\\/laderampe-extra-stark-202-cm-ambulanz\\\/#primaryimage\"},\"thumbnailUrl\":\"https:\\\/\\\/turschwellenrampe.de\\\/wp-content\\\/uploads\\\/2021\\\/12\\\/Untitled-1.jpg\",\"datePublished\":\"2021-12-15T14:32:01+00:00\",\"dateModified\":\"2024-01-18T16:07:20+00:00\",\"breadcrumb\":{\"@id\":\"https:\\\/\\\/turschwellenrampe.de\\\/de\\\/rollstuhlrampen\\\/klappbare-einbaurampen\\\/laderampe-extra-stark-202-cm-ambulanz\\\/#breadcrumb\"},\"inLanguage\":\"de\",\"potentialAction\":[{\"@type\":\"ReadAction\",\"target\":[\"https:\\\/\\\/turschwellenrampe.de\\\/de\\\/rollstuhlrampen\\\/klappbare-einbaurampen\\\/laderampe-extra-stark-202-cm-ambulanz\\\/\"]}]},{\"@type\":\"ImageObject\",\"inLanguage\":\"de\",\"@id\":\"https:\\\/\\\/turschwellenrampe.de\\\/de\\\/rollstuhlrampen\\\/klappbare-einbaurampen\\\/laderampe-extra-stark-202-cm-ambulanz\\\/#primaryimage\",\"url\":\"https:\\\/\\\/turschwellenrampe.de\\\/wp-content\\\/uploads\\\/2021\\\/12\\\/Untitled-1.jpg\",\"contentUrl\":\"https:\\\/\\\/turschwellenrampe.de\\\/wp-content\\\/uploads\\\/2021\\\/12\\\/Untitled-1.jpg\",\"width\":1200,\"height\":1200},{\"@type\":\"BreadcrumbList\",\"@id\":\"https:\\\/\\\/turschwellenrampe.de\\\/de\\\/rollstuhlrampen\\\/klappbare-einbaurampen\\\/laderampe-extra-stark-202-cm-ambulanz\\\/#breadcrumb\",\"itemListElement\":[{\"@type\":\"ListItem\",\"position\":1,\"name\":\"Home\",\"item\":\"https:\\\/\\\/turschwellenrampe.de\\\/de\\\/\"},{\"@type\":\"ListItem\",\"position\":2,\"name\":\"Shop\",\"item\":\"https:\\\/\\\/turschwellenrampe.de\\\/de\\\/geschaft\\\/\"},{\"@type\":\"ListItem\",\"position\":3,\"name\":\"Extra starke Einbaurampe &#8211; 202 cm (Ambulanz)\"}]},{\"@type\":\"WebSite\",\"@id\":\"https:\\\/\\\/turschwellenrampe.de\\\/de\\\/#website\",\"url\":\"https:\\\/\\\/turschwellenrampe.de\\\/de\\\/\",\"name\":\"Turschwellenrampe.de\",\"description\":\"De Specialist in Toegankelijkheid\",\"potentialAction\":[{\"@type\":\"SearchAction\",\"target\":{\"@type\":\"EntryPoint\",\"urlTemplate\":\"https:\\\/\\\/turschwellenrampe.de\\\/de\\\/?s={search_term_string}\"},\"query-input\":{\"@type\":\"PropertyValueSpecification\",\"valueRequired\":true,\"valueName\":\"search_term_string\"}}],\"inLanguage\":\"de\"}]}<\/script>\n<!-- \/ Yoast SEO plugin. -->","yoast_head_json":{"title":"Extra starke Einbaurampe - 202 cm (Ambulanz) - Turschwellenrampe.de","robots":{"index":"index","follow":"follow","max-snippet":"max-snippet:-1","max-image-preview":"max-image-preview:large","max-video-preview":"max-video-preview:-1"},"canonical":"https:\/\/turschwellenrampe.de\/de\/rollstuhlrampen\/klappbare-einbaurampen\/laderampe-extra-stark-202-cm-ambulanz\/","og_locale":"de_DE","og_type":"article","og_title":"Extra starke Einbaurampe - 202 cm (Ambulanz) - Turschwellenrampe.de","og_description":"Diese Einbaurampen f\u00fcr den professionellen Einsatz wurden entwickelt, um den besonderen Anforderungen von Rettungsfahrzeugen gerecht zu werden. Die Rampen sind mit zus\u00e4tzlichen Verst\u00e4rkungen, stark reflektierenden Seitenprofilen und einer Notentriegelung ausgestattet, die es erm\u00f6glicht, die Rampe mit nur einer Handbewegung von innen zu \u00f6ffnen. Spezifikationen:  Ausgefahrene L\u00e4nge: 202 cm  Gewicht: 28 kg  Max. Belastung: 600 kg  Innere Breite: 90 cm  H\u00f6he zusammengeklappt: 112 cm","og_url":"https:\/\/turschwellenrampe.de\/de\/rollstuhlrampen\/klappbare-einbaurampen\/laderampe-extra-stark-202-cm-ambulanz\/","og_site_name":"Turschwellenrampe.de","article_publisher":"https:\/\/www.facebook.com\/Drempelhulp\/","article_modified_time":"2024-01-18T16:07:20+00:00","og_image":[{"width":1200,"height":1200,"url":"https:\/\/turschwellenrampe.de\/wp-content\/uploads\/2021\/12\/Untitled-1.jpg","type":"image\/jpeg"}],"twitter_card":"summary_large_image","schema":{"@context":"https:\/\/schema.org","@graph":[{"@type":"WebPage","@id":"https:\/\/turschwellenrampe.de\/de\/rollstuhlrampen\/klappbare-einbaurampen\/laderampe-extra-stark-202-cm-ambulanz\/","url":"https:\/\/turschwellenrampe.de\/de\/rollstuhlrampen\/klappbare-einbaurampen\/laderampe-extra-stark-202-cm-ambulanz\/","name":"Extra starke Einbaurampe - 202 cm (Ambulanz) - Turschwellenrampe.de","isPartOf":{"@id":"https:\/\/turschwellenrampe.de\/de\/#website"},"primaryImageOfPage":{"@id":"https:\/\/turschwellenrampe.de\/de\/rollstuhlrampen\/klappbare-einbaurampen\/laderampe-extra-stark-202-cm-ambulanz\/#primaryimage"},"image":{"@id":"https:\/\/turschwellenrampe.de\/de\/rollstuhlrampen\/klappbare-einbaurampen\/laderampe-extra-stark-202-cm-ambulanz\/#primaryimage"},"thumbnailUrl":"https:\/\/turschwellenrampe.de\/wp-content\/uploads\/2021\/12\/Untitled-1.jpg","datePublished":"2021-12-15T14:32:01+00:00","dateModified":"2024-01-18T16:07:20+00:00","breadcrumb":{"@id":"https:\/\/turschwellenrampe.de\/de\/rollstuhlrampen\/klappbare-einbaurampen\/laderampe-extra-stark-202-cm-ambulanz\/#breadcrumb"},"inLanguage":"de","potentialAction":[{"@type":"ReadAction","target":["https:\/\/turschwellenrampe.de\/de\/rollstuhlrampen\/klappbare-einbaurampen\/laderampe-extra-stark-202-cm-ambulanz\/"]}]},{"@type":"ImageObject","inLanguage":"de","@id":"https:\/\/turschwellenrampe.de\/de\/rollstuhlrampen\/klappbare-einbaurampen\/laderampe-extra-stark-202-cm-ambulanz\/#primaryimage","url":"https:\/\/turschwellenrampe.de\/wp-content\/uploads\/2021\/12\/Untitled-1.jpg","contentUrl":"https:\/\/turschwellenrampe.de\/wp-content\/uploads\/2021\/12\/Untitled-1.jpg","width":1200,"height":1200},{"@type":"BreadcrumbList","@id":"https:\/\/turschwellenrampe.de\/de\/rollstuhlrampen\/klappbare-einbaurampen\/laderampe-extra-stark-202-cm-ambulanz\/#breadcrumb","itemListElement":[{"@type":"ListItem","position":1,"name":"Home","item":"https:\/\/turschwellenrampe.de\/de\/"},{"@type":"ListItem","position":2,"name":"Shop","item":"https:\/\/turschwellenrampe.de\/de\/geschaft\/"},{"@type":"ListItem","position":3,"name":"Extra starke Einbaurampe &#8211; 202 cm (Ambulanz)"}]},{"@type":"WebSite","@id":"https:\/\/turschwellenrampe.de\/de\/#website","url":"https:\/\/turschwellenrampe.de\/de\/","name":"Turschwellenrampe.de","description":"De Specialist in Toegankelijkheid","potentialAction":[{"@type":"SearchAction","target":{"@type":"EntryPoint","urlTemplate":"https:\/\/turschwellenrampe.de\/de\/?s={search_term_string}"},"query-input":{"@type":"PropertyValueSpecification","valueRequired":true,"valueName":"search_term_string"}}],"inLanguage":"de"}]}},"_links":{"self":[{"href":"https:\/\/turschwellenrampe.de\/de\/wp-json\/wp\/v2\/product\/12466","targetHints":{"allow":["GET"]}}],"collection":[{"href":"https:\/\/turschwellenrampe.de\/de\/wp-json\/wp\/v2\/product"}],"about":[{"href":"https:\/\/turschwellenrampe.de\/de\/wp-json\/wp\/v2\/types\/product"}],"replies":[{"embeddable":true,"href":"https:\/\/turschwellenrampe.de\/de\/wp-json\/wp\/v2\/comments?post=12466"}],"wp:featuredmedia":[{"embeddable":true,"href":"https:\/\/turschwellenrampe.de\/de\/wp-json\/wp\/v2\/media\/12369"}],"wp:attachment":[{"href":"https:\/\/turschwellenrampe.de\/de\/wp-json\/wp\/v2\/media?parent=12466"}],"wp:term":[{"taxonomy":"product_brand","embeddable":true,"href":"https:\/\/turschwellenrampe.de\/de\/wp-json\/wp\/v2\/product_brand?post=12466"},{"taxonomy":"product_cat","embeddable":true,"href":"https:\/\/turschwellenrampe.de\/de\/wp-json\/wp\/v2\/product_cat?post=12466"},{"taxonomy":"product_tag","embeddable":true,"href":"https:\/\/turschwellenrampe.de\/de\/wp-json\/wp\/v2\/product_tag?post=12466"}],"curies":[{"name":"wp","href":"https:\/\/api.w.org\/{rel}","templated":true}]}}