{"id":12456,"date":"2022-01-07T11:40:17","date_gmt":"2022-01-07T10:40:17","guid":{"rendered":"https:\/\/turschwellenrampe.de\/shop\/unkategorisiert\/242-cm-einbaurampe-krankenwagen-verstaerktes-gitter-schmal\/"},"modified":"2024-01-18T16:28:44","modified_gmt":"2024-01-18T15:28:44","slug":"einbaurampe-242-cm-ambulanz-verstarktes-gitter-schmal","status":"publish","type":"product","link":"https:\/\/turschwellenrampe.de\/de\/rollstuhlrampen\/klappbare-einbaurampen\/einbaurampe-242-cm-ambulanz-verstarktes-gitter-schmal\/","title":{"rendered":"242 cm Einbaurampe (Krankenwagen &#8211; verst\u00e4rktes Gitter &#8211; schmal)"},"content":{"rendered":"<p>Diese Einbaurampen f\u00fcr den professionellen Einsatz wurden entwickelt, um den besonderen Anforderungen von Rettungsfahrzeugen gerecht zu werden. Die Rampen sind mit zus\u00e4tzlichen Verst\u00e4rkungen, stark reflektierenden Seitenprofilen und einer Notentriegelung ausgestattet, die es erm\u00f6glicht, die Rampe mit nur einer Handbewegung von innen zu \u00f6ffnen.<\/p>\n<p>Im Gegensatz zu anderen Rettungswagenrampen haben diese ein extra verst\u00e4rktes Gitter auf den Fahrfl\u00e4chen.<\/p>\n<p><strong>Spezifikationen:<\/strong><\/p>\n<ul>\n<li>Ausgefahrene L\u00e4nge: 242 cm<\/li>\n<li>Gewicht: 33 kg<\/li>\n<li>Max. Belastung: 600 kg<\/li>\n<li>Innere Breite: 82 cm<\/li>\n<li>H\u00f6he zusammengeklappt: 132 cm<\/li>\n<\/ul>\n<p><iframe title=\"YouTube video player\" src=\"https:\/\/www.youtube.com\/embed\/Hq3LTbmfwEQ\" width=\"560\" height=\"315\" frameborder=\"0\" allowfullscreen=\"allowfullscreen\"><\/iframe><\/p>\n","protected":false},"excerpt":{"rendered":"<p>Diese Einbaurampen f\u00fcr den professionellen Einsatz wurden entwickelt, um den besonderen Anforderungen von Rettungsfahrzeugen gerecht zu werden. Die Rampen sind mit zus\u00e4tzlichen Verst\u00e4rkungen, stark reflektierenden Seitenprofilen und einer Notentriegelung ausgestattet, die es erm\u00f6glicht, die Rampe mit nur einer Handbewegung von innen zu \u00f6ffnen.<\/p>\n<p>Im Gegensatz zu anderen Rettungswagenrampen haben diese ein extra verst\u00e4rktes Gitter auf den Fahrfl\u00e4chen.<\/p>\n<p><strong>Spezifikationen:<\/strong><\/p>\n<ul>\n<li>Ausgefahrene L\u00e4nge: 242 cm<\/li>\n<li>Gewicht: 33 kg<\/li>\n<li>Max. Belastung: 600 kg<\/li>\n<li>Innere Breite: 82 cm<\/li>\n<li>H\u00f6he zusammengeklappt: 132 cm<\/li>\n<\/ul>\n","protected":false},"featured_media":12369,"comment_status":"open","ping_status":"closed","template":"","meta":[],"product_brand":[],"product_cat":[537],"product_tag":[],"class_list":{"0":"post-12456","1":"product","2":"type-product","3":"status-publish","4":"has-post-thumbnail","6":"product_cat-klappbare-einbaurampen","8":"first","9":"instock","10":"taxable","11":"shipping-taxable","12":"product-type-simple"},"yoast_head":"<!-- This site is optimized with the Yoast SEO plugin v27.5 - https:\/\/yoast.com\/product\/yoast-seo-wordpress\/ -->\n<title>242 cm Einbaurampe (Krankenwagen - verst\u00e4rktes Gitter - schmal) - Turschwellenrampe.de<\/title>\n<meta name=\"robots\" content=\"index, follow, max-snippet:-1, max-image-preview:large, max-video-preview:-1\" \/>\n<link rel=\"canonical\" href=\"https:\/\/turschwellenrampe.de\/de\/rollstuhlrampen\/klappbare-einbaurampen\/einbaurampe-242-cm-ambulanz-verstarktes-gitter-schmal\/\" \/>\n<meta property=\"og:locale\" content=\"de_DE\" \/>\n<meta property=\"og:type\" content=\"article\" \/>\n<meta property=\"og:title\" content=\"242 cm Einbaurampe (Krankenwagen - verst\u00e4rktes Gitter - schmal) - Turschwellenrampe.de\" \/>\n<meta property=\"og:description\" content=\"Diese Einbaurampen f\u00fcr den professionellen Einsatz wurden entwickelt, um den besonderen Anforderungen von Rettungsfahrzeugen gerecht zu werden. Die Rampen sind mit zus\u00e4tzlichen Verst\u00e4rkungen, stark reflektierenden Seitenprofilen und einer Notentriegelung ausgestattet, die es erm\u00f6glicht, die Rampe mit nur einer Handbewegung von innen zu \u00f6ffnen. Im Gegensatz zu anderen Rettungswagenrampen haben diese ein extra verst\u00e4rktes Gitter auf den Fahrfl\u00e4chen. Spezifikationen:  Ausgefahrene L\u00e4nge: 242 cm  Gewicht: 33 kg  Max. Belastung: 600 kg  Innere Breite: 82 cm  H\u00f6he zusammengeklappt: 132 cm\" \/>\n<meta property=\"og:url\" content=\"https:\/\/turschwellenrampe.de\/de\/rollstuhlrampen\/klappbare-einbaurampen\/einbaurampe-242-cm-ambulanz-verstarktes-gitter-schmal\/\" \/>\n<meta property=\"og:site_name\" content=\"Turschwellenrampe.de\" \/>\n<meta property=\"article:publisher\" content=\"https:\/\/www.facebook.com\/Drempelhulp\/\" \/>\n<meta property=\"article:modified_time\" content=\"2024-01-18T15:28:44+00:00\" \/>\n<meta property=\"og:image\" content=\"https:\/\/turschwellenrampe.de\/wp-content\/uploads\/2021\/12\/Untitled-1.jpg\" \/>\n\t<meta property=\"og:image:width\" content=\"1200\" \/>\n\t<meta property=\"og:image:height\" content=\"1200\" \/>\n\t<meta property=\"og:image:type\" content=\"image\/jpeg\" \/>\n<meta name=\"twitter:card\" content=\"summary_large_image\" \/>\n<script type=\"application\/ld+json\" class=\"yoast-schema-graph\">{\"@context\":\"https:\\\/\\\/schema.org\",\"@graph\":[{\"@type\":\"WebPage\",\"@id\":\"https:\\\/\\\/turschwellenrampe.de\\\/de\\\/rollstuhlrampen\\\/klappbare-einbaurampen\\\/einbaurampe-242-cm-ambulanz-verstarktes-gitter-schmal\\\/\",\"url\":\"https:\\\/\\\/turschwellenrampe.de\\\/de\\\/rollstuhlrampen\\\/klappbare-einbaurampen\\\/einbaurampe-242-cm-ambulanz-verstarktes-gitter-schmal\\\/\",\"name\":\"242 cm Einbaurampe (Krankenwagen - verst\u00e4rktes Gitter - schmal) - Turschwellenrampe.de\",\"isPartOf\":{\"@id\":\"https:\\\/\\\/turschwellenrampe.de\\\/de\\\/#website\"},\"primaryImageOfPage\":{\"@id\":\"https:\\\/\\\/turschwellenrampe.de\\\/de\\\/rollstuhlrampen\\\/klappbare-einbaurampen\\\/einbaurampe-242-cm-ambulanz-verstarktes-gitter-schmal\\\/#primaryimage\"},\"image\":{\"@id\":\"https:\\\/\\\/turschwellenrampe.de\\\/de\\\/rollstuhlrampen\\\/klappbare-einbaurampen\\\/einbaurampe-242-cm-ambulanz-verstarktes-gitter-schmal\\\/#primaryimage\"},\"thumbnailUrl\":\"https:\\\/\\\/turschwellenrampe.de\\\/wp-content\\\/uploads\\\/2021\\\/12\\\/Untitled-1.jpg\",\"datePublished\":\"2022-01-07T10:40:17+00:00\",\"dateModified\":\"2024-01-18T15:28:44+00:00\",\"breadcrumb\":{\"@id\":\"https:\\\/\\\/turschwellenrampe.de\\\/de\\\/rollstuhlrampen\\\/klappbare-einbaurampen\\\/einbaurampe-242-cm-ambulanz-verstarktes-gitter-schmal\\\/#breadcrumb\"},\"inLanguage\":\"de\",\"potentialAction\":[{\"@type\":\"ReadAction\",\"target\":[\"https:\\\/\\\/turschwellenrampe.de\\\/de\\\/rollstuhlrampen\\\/klappbare-einbaurampen\\\/einbaurampe-242-cm-ambulanz-verstarktes-gitter-schmal\\\/\"]}]},{\"@type\":\"ImageObject\",\"inLanguage\":\"de\",\"@id\":\"https:\\\/\\\/turschwellenrampe.de\\\/de\\\/rollstuhlrampen\\\/klappbare-einbaurampen\\\/einbaurampe-242-cm-ambulanz-verstarktes-gitter-schmal\\\/#primaryimage\",\"url\":\"https:\\\/\\\/turschwellenrampe.de\\\/wp-content\\\/uploads\\\/2021\\\/12\\\/Untitled-1.jpg\",\"contentUrl\":\"https:\\\/\\\/turschwellenrampe.de\\\/wp-content\\\/uploads\\\/2021\\\/12\\\/Untitled-1.jpg\",\"width\":1200,\"height\":1200},{\"@type\":\"BreadcrumbList\",\"@id\":\"https:\\\/\\\/turschwellenrampe.de\\\/de\\\/rollstuhlrampen\\\/klappbare-einbaurampen\\\/einbaurampe-242-cm-ambulanz-verstarktes-gitter-schmal\\\/#breadcrumb\",\"itemListElement\":[{\"@type\":\"ListItem\",\"position\":1,\"name\":\"Home\",\"item\":\"https:\\\/\\\/turschwellenrampe.de\\\/de\\\/\"},{\"@type\":\"ListItem\",\"position\":2,\"name\":\"Shop\",\"item\":\"https:\\\/\\\/turschwellenrampe.de\\\/de\\\/geschaft\\\/\"},{\"@type\":\"ListItem\",\"position\":3,\"name\":\"242 cm Einbaurampe (Krankenwagen &#8211; verst\u00e4rktes Gitter &#8211; schmal)\"}]},{\"@type\":\"WebSite\",\"@id\":\"https:\\\/\\\/turschwellenrampe.de\\\/de\\\/#website\",\"url\":\"https:\\\/\\\/turschwellenrampe.de\\\/de\\\/\",\"name\":\"Turschwellenrampe.de\",\"description\":\"De Specialist in Toegankelijkheid\",\"potentialAction\":[{\"@type\":\"SearchAction\",\"target\":{\"@type\":\"EntryPoint\",\"urlTemplate\":\"https:\\\/\\\/turschwellenrampe.de\\\/de\\\/?s={search_term_string}\"},\"query-input\":{\"@type\":\"PropertyValueSpecification\",\"valueRequired\":true,\"valueName\":\"search_term_string\"}}],\"inLanguage\":\"de\"}]}<\/script>\n<!-- \/ Yoast SEO plugin. -->","yoast_head_json":{"title":"242 cm Einbaurampe (Krankenwagen - verst\u00e4rktes Gitter - schmal) - Turschwellenrampe.de","robots":{"index":"index","follow":"follow","max-snippet":"max-snippet:-1","max-image-preview":"max-image-preview:large","max-video-preview":"max-video-preview:-1"},"canonical":"https:\/\/turschwellenrampe.de\/de\/rollstuhlrampen\/klappbare-einbaurampen\/einbaurampe-242-cm-ambulanz-verstarktes-gitter-schmal\/","og_locale":"de_DE","og_type":"article","og_title":"242 cm Einbaurampe (Krankenwagen - verst\u00e4rktes Gitter - schmal) - Turschwellenrampe.de","og_description":"Diese Einbaurampen f\u00fcr den professionellen Einsatz wurden entwickelt, um den besonderen Anforderungen von Rettungsfahrzeugen gerecht zu werden. Die Rampen sind mit zus\u00e4tzlichen Verst\u00e4rkungen, stark reflektierenden Seitenprofilen und einer Notentriegelung ausgestattet, die es erm\u00f6glicht, die Rampe mit nur einer Handbewegung von innen zu \u00f6ffnen. Im Gegensatz zu anderen Rettungswagenrampen haben diese ein extra verst\u00e4rktes Gitter auf den Fahrfl\u00e4chen. Spezifikationen:  Ausgefahrene L\u00e4nge: 242 cm  Gewicht: 33 kg  Max. Belastung: 600 kg  Innere Breite: 82 cm  H\u00f6he zusammengeklappt: 132 cm","og_url":"https:\/\/turschwellenrampe.de\/de\/rollstuhlrampen\/klappbare-einbaurampen\/einbaurampe-242-cm-ambulanz-verstarktes-gitter-schmal\/","og_site_name":"Turschwellenrampe.de","article_publisher":"https:\/\/www.facebook.com\/Drempelhulp\/","article_modified_time":"2024-01-18T15:28:44+00:00","og_image":[{"width":1200,"height":1200,"url":"https:\/\/turschwellenrampe.de\/wp-content\/uploads\/2021\/12\/Untitled-1.jpg","type":"image\/jpeg"}],"twitter_card":"summary_large_image","schema":{"@context":"https:\/\/schema.org","@graph":[{"@type":"WebPage","@id":"https:\/\/turschwellenrampe.de\/de\/rollstuhlrampen\/klappbare-einbaurampen\/einbaurampe-242-cm-ambulanz-verstarktes-gitter-schmal\/","url":"https:\/\/turschwellenrampe.de\/de\/rollstuhlrampen\/klappbare-einbaurampen\/einbaurampe-242-cm-ambulanz-verstarktes-gitter-schmal\/","name":"242 cm Einbaurampe (Krankenwagen - verst\u00e4rktes Gitter - schmal) - Turschwellenrampe.de","isPartOf":{"@id":"https:\/\/turschwellenrampe.de\/de\/#website"},"primaryImageOfPage":{"@id":"https:\/\/turschwellenrampe.de\/de\/rollstuhlrampen\/klappbare-einbaurampen\/einbaurampe-242-cm-ambulanz-verstarktes-gitter-schmal\/#primaryimage"},"image":{"@id":"https:\/\/turschwellenrampe.de\/de\/rollstuhlrampen\/klappbare-einbaurampen\/einbaurampe-242-cm-ambulanz-verstarktes-gitter-schmal\/#primaryimage"},"thumbnailUrl":"https:\/\/turschwellenrampe.de\/wp-content\/uploads\/2021\/12\/Untitled-1.jpg","datePublished":"2022-01-07T10:40:17+00:00","dateModified":"2024-01-18T15:28:44+00:00","breadcrumb":{"@id":"https:\/\/turschwellenrampe.de\/de\/rollstuhlrampen\/klappbare-einbaurampen\/einbaurampe-242-cm-ambulanz-verstarktes-gitter-schmal\/#breadcrumb"},"inLanguage":"de","potentialAction":[{"@type":"ReadAction","target":["https:\/\/turschwellenrampe.de\/de\/rollstuhlrampen\/klappbare-einbaurampen\/einbaurampe-242-cm-ambulanz-verstarktes-gitter-schmal\/"]}]},{"@type":"ImageObject","inLanguage":"de","@id":"https:\/\/turschwellenrampe.de\/de\/rollstuhlrampen\/klappbare-einbaurampen\/einbaurampe-242-cm-ambulanz-verstarktes-gitter-schmal\/#primaryimage","url":"https:\/\/turschwellenrampe.de\/wp-content\/uploads\/2021\/12\/Untitled-1.jpg","contentUrl":"https:\/\/turschwellenrampe.de\/wp-content\/uploads\/2021\/12\/Untitled-1.jpg","width":1200,"height":1200},{"@type":"BreadcrumbList","@id":"https:\/\/turschwellenrampe.de\/de\/rollstuhlrampen\/klappbare-einbaurampen\/einbaurampe-242-cm-ambulanz-verstarktes-gitter-schmal\/#breadcrumb","itemListElement":[{"@type":"ListItem","position":1,"name":"Home","item":"https:\/\/turschwellenrampe.de\/de\/"},{"@type":"ListItem","position":2,"name":"Shop","item":"https:\/\/turschwellenrampe.de\/de\/geschaft\/"},{"@type":"ListItem","position":3,"name":"242 cm Einbaurampe (Krankenwagen &#8211; verst\u00e4rktes Gitter &#8211; schmal)"}]},{"@type":"WebSite","@id":"https:\/\/turschwellenrampe.de\/de\/#website","url":"https:\/\/turschwellenrampe.de\/de\/","name":"Turschwellenrampe.de","description":"De Specialist in Toegankelijkheid","potentialAction":[{"@type":"SearchAction","target":{"@type":"EntryPoint","urlTemplate":"https:\/\/turschwellenrampe.de\/de\/?s={search_term_string}"},"query-input":{"@type":"PropertyValueSpecification","valueRequired":true,"valueName":"search_term_string"}}],"inLanguage":"de"}]}},"_links":{"self":[{"href":"https:\/\/turschwellenrampe.de\/de\/wp-json\/wp\/v2\/product\/12456","targetHints":{"allow":["GET"]}}],"collection":[{"href":"https:\/\/turschwellenrampe.de\/de\/wp-json\/wp\/v2\/product"}],"about":[{"href":"https:\/\/turschwellenrampe.de\/de\/wp-json\/wp\/v2\/types\/product"}],"replies":[{"embeddable":true,"href":"https:\/\/turschwellenrampe.de\/de\/wp-json\/wp\/v2\/comments?post=12456"}],"wp:featuredmedia":[{"embeddable":true,"href":"https:\/\/turschwellenrampe.de\/de\/wp-json\/wp\/v2\/media\/12369"}],"wp:attachment":[{"href":"https:\/\/turschwellenrampe.de\/de\/wp-json\/wp\/v2\/media?parent=12456"}],"wp:term":[{"taxonomy":"product_brand","embeddable":true,"href":"https:\/\/turschwellenrampe.de\/de\/wp-json\/wp\/v2\/product_brand?post=12456"},{"taxonomy":"product_cat","embeddable":true,"href":"https:\/\/turschwellenrampe.de\/de\/wp-json\/wp\/v2\/product_cat?post=12456"},{"taxonomy":"product_tag","embeddable":true,"href":"https:\/\/turschwellenrampe.de\/de\/wp-json\/wp\/v2\/product_tag?post=12456"}],"curies":[{"name":"wp","href":"https:\/\/api.w.org\/{rel}","templated":true}]}}