{"id":12435,"date":"2021-12-16T11:13:57","date_gmt":"2021-12-16T10:13:57","guid":{"rendered":"https:\/\/turschwellenrampe.de\/shop\/unkategorisiert\/iramp-260-cm-fuer-fahrzeuge\/"},"modified":"2024-01-18T17:06:24","modified_gmt":"2024-01-18T16:06:24","slug":"iramp-260-cm-fur-fahrzeuge","status":"publish","type":"product","link":"https:\/\/turschwellenrampe.de\/de\/rollstuhlrampen\/klappbare-einbaurampen\/iramp-260-cm-fur-fahrzeuge\/","title":{"rendered":"iRamp &#8211; 260 cm f\u00fcr Fahrzeuge"},"content":{"rendered":"<p>Unsere Transport- und Verladerampen haben eine einzigartige Oberfl\u00e4chenbehandlung, die eine hervorragende Griffigkeit bietet und die Benutzung der Rampe einfach und sicher macht. Die Perforationen des Netzes lassen Regen, Schnee und Schmutz durch, so dass die Sicht nach hinten gut ist und der Innenraum Ihres Fahrzeugs so sauber wie m\u00f6glich bleibt. Die Rampen k\u00f6nnen mit drei verschiedenen Oberfl\u00e4chen bestellt werden: Standardgitter, enges Gitter oder eine Kombination aus Riffelblech und Gitter.<\/p>\n<p>Die patentierte, klappbare Oberseite der Rampe l\u00e4sst sich auf jede H\u00f6he einstellen, um Unebenheiten zu vermeiden und einen sanfteren \u00dcbergang in und aus dem Fahrzeug zu erm\u00f6glichen. Au\u00dferdem sind die faltbaren Rampen mit R\u00e4dern ausgestattet, damit sie sich leichter zusammenklappen lassen.<\/p>\n<p>Die Rampe wird auf ihre Verkehrssicherheit gepr\u00fcft.d in het verkeer.<\/p>\n<p><strong>Spezifikationen:<\/strong><\/p>\n<ul>\n<li>H\u00f6he zusammengeklappt: 146,1 cm (A)<\/li>\n<li>Tiefe: 24,1 cm (B)<\/li>\n<li>\u00c4u\u00dfere Breite inkl. Kupplungspunkt: 105 cm (C)<\/li>\n<li>\u00c4u\u00dfere Breite inkl. Griff: 103,8 cm (D)<\/li>\n<li>Gesamtl\u00e4nge: 260 cm (E)<\/li>\n<li>Breite der Rampe: 90 cm (F)<\/li>\n<li>Gewicht: 35 kg<\/li>\n<li>Maximale Gewichtskapazit\u00e4t: 400 kg<\/li>\n<\/ul>\n","protected":false},"excerpt":{"rendered":"<p>Unsere Transport- und Verladerampen haben eine einzigartige Oberfl\u00e4chenbehandlung, die eine hervorragende Griffigkeit bietet und die Benutzung der Rampe einfach und sicher macht. Die Perforationen des Netzes lassen Regen, Schnee und Schmutz durch, so dass die Sicht nach hinten gut ist und der Innenraum Ihres Fahrzeugs so sauber wie m\u00f6glich bleibt. Die Rampen k\u00f6nnen mit drei verschiedenen Oberfl\u00e4chen bestellt werden: Standardgitter, enges Gitter oder eine Kombination aus Riffelblech und Gitter.<\/p>\n<p>Die patentierte, klappbare Oberseite der Rampe l\u00e4sst sich auf jede H\u00f6he einstellen, um Unebenheiten zu vermeiden und einen sanfteren \u00dcbergang in und aus dem Fahrzeug zu erm\u00f6glichen. Au\u00dferdem sind die faltbaren Rampen mit R\u00e4dern ausgestattet, damit sie sich leichter zusammenklappen lassen.<\/p>\n<p>Die Rampe wird auf ihre Verkehrssicherheit gepr\u00fcft.d in het verkeer.<\/p>\n<p><strong>Spezifikationen:<\/strong><\/p>\n<ul>\n<li>H\u00f6he zusammengeklappt: 146,1 cm (A)<\/li>\n<li>Tiefe: 24,1 cm (B)<\/li>\n<li>\u00c4u\u00dfere Breite inkl. Kupplungspunkt: 105 cm (C)<\/li>\n<li>\u00c4u\u00dfere Breite inkl. Griff: 103,8 cm (D)<\/li>\n<li>Gesamtl\u00e4nge: 260 cm (E)<\/li>\n<li>Breite der Rampe: 90 cm (F)<\/li>\n<li>Gewicht: 35 kg<\/li>\n<li>Maximale Gewichtskapazit\u00e4t: 400 kg<\/li>\n<\/ul>\n","protected":false},"featured_media":12364,"comment_status":"closed","ping_status":"closed","template":"","meta":[],"product_brand":[],"product_cat":[537],"product_tag":[],"class_list":{"0":"post-12435","1":"product","2":"type-product","3":"status-publish","4":"has-post-thumbnail","6":"product_cat-klappbare-einbaurampen","8":"first","9":"instock","10":"taxable","11":"shipping-taxable","12":"purchasable","13":"product-type-variable"},"yoast_head":"<!-- This site is optimized with the Yoast SEO plugin v27.5 - https:\/\/yoast.com\/product\/yoast-seo-wordpress\/ -->\n<title>iRamp - 260 cm f\u00fcr Fahrzeuge - Turschwellenrampe.de<\/title>\n<meta name=\"robots\" content=\"index, follow, max-snippet:-1, max-image-preview:large, max-video-preview:-1\" \/>\n<link rel=\"canonical\" href=\"https:\/\/turschwellenrampe.de\/de\/rollstuhlrampen\/klappbare-einbaurampen\/iramp-260-cm-fur-fahrzeuge\/\" \/>\n<meta property=\"og:locale\" content=\"de_DE\" \/>\n<meta property=\"og:type\" content=\"article\" \/>\n<meta property=\"og:title\" content=\"iRamp - 260 cm f\u00fcr Fahrzeuge - Turschwellenrampe.de\" \/>\n<meta property=\"og:description\" content=\"Unsere Transport- und Verladerampen haben eine einzigartige Oberfl\u00e4chenbehandlung, die eine hervorragende Griffigkeit bietet und die Benutzung der Rampe einfach und sicher macht. Die Perforationen des Netzes lassen Regen, Schnee und Schmutz durch, so dass die Sicht nach hinten gut ist und der Innenraum Ihres Fahrzeugs so sauber wie m\u00f6glich bleibt. Die Rampen k\u00f6nnen mit drei verschiedenen Oberfl\u00e4chen bestellt werden: Standardgitter, enges Gitter oder eine Kombination aus Riffelblech und Gitter. Die patentierte, klappbare Oberseite der Rampe l\u00e4sst sich auf jede H\u00f6he einstellen, um Unebenheiten zu vermeiden und einen sanfteren \u00dcbergang in und aus dem Fahrzeug zu erm\u00f6glichen. Au\u00dferdem sind die faltbaren Rampen mit R\u00e4dern ausgestattet, damit sie sich leichter zusammenklappen lassen. Die Rampe wird auf ihre Verkehrssicherheit gepr\u00fcft.d in het verkeer. Spezifikationen:  H\u00f6he zusammengeklappt: 146,1 cm (A)  Tiefe: 24,1 cm (B)  \u00c4u\u00dfere Breite inkl. Kupplungspunkt: 105 cm (C)  \u00c4u\u00dfere Breite inkl. Griff: 103,8 cm (D)  Gesamtl\u00e4nge: 260 cm (E)  Breite der Rampe: 90 cm (F)  Gewicht: 35 kg  Maximale Gewichtskapazit\u00e4t: 400 kg\" \/>\n<meta property=\"og:url\" content=\"https:\/\/turschwellenrampe.de\/de\/rollstuhlrampen\/klappbare-einbaurampen\/iramp-260-cm-fur-fahrzeuge\/\" \/>\n<meta property=\"og:site_name\" content=\"Turschwellenrampe.de\" \/>\n<meta property=\"article:publisher\" content=\"https:\/\/www.facebook.com\/Drempelhulp\/\" \/>\n<meta property=\"article:modified_time\" content=\"2024-01-18T16:06:24+00:00\" \/>\n<meta property=\"og:image\" content=\"https:\/\/turschwellenrampe.de\/wp-content\/uploads\/2021\/12\/Untitled.jpg\" \/>\n\t<meta property=\"og:image:width\" content=\"1200\" \/>\n\t<meta property=\"og:image:height\" content=\"1200\" \/>\n\t<meta property=\"og:image:type\" content=\"image\/jpeg\" \/>\n<meta name=\"twitter:card\" content=\"summary_large_image\" \/>\n<meta name=\"twitter:label1\" content=\"Gesch\u00e4tzte Lesezeit\" \/>\n\t<meta name=\"twitter:data1\" content=\"1\u00a0Minute\" \/>\n<script type=\"application\/ld+json\" class=\"yoast-schema-graph\">{\"@context\":\"https:\\\/\\\/schema.org\",\"@graph\":[{\"@type\":\"WebPage\",\"@id\":\"https:\\\/\\\/turschwellenrampe.de\\\/de\\\/rollstuhlrampen\\\/klappbare-einbaurampen\\\/iramp-260-cm-fur-fahrzeuge\\\/\",\"url\":\"https:\\\/\\\/turschwellenrampe.de\\\/de\\\/rollstuhlrampen\\\/klappbare-einbaurampen\\\/iramp-260-cm-fur-fahrzeuge\\\/\",\"name\":\"iRamp - 260 cm f\u00fcr Fahrzeuge - Turschwellenrampe.de\",\"isPartOf\":{\"@id\":\"https:\\\/\\\/turschwellenrampe.de\\\/de\\\/#website\"},\"primaryImageOfPage\":{\"@id\":\"https:\\\/\\\/turschwellenrampe.de\\\/de\\\/rollstuhlrampen\\\/klappbare-einbaurampen\\\/iramp-260-cm-fur-fahrzeuge\\\/#primaryimage\"},\"image\":{\"@id\":\"https:\\\/\\\/turschwellenrampe.de\\\/de\\\/rollstuhlrampen\\\/klappbare-einbaurampen\\\/iramp-260-cm-fur-fahrzeuge\\\/#primaryimage\"},\"thumbnailUrl\":\"https:\\\/\\\/turschwellenrampe.de\\\/wp-content\\\/uploads\\\/2021\\\/12\\\/Untitled.jpg\",\"datePublished\":\"2021-12-16T10:13:57+00:00\",\"dateModified\":\"2024-01-18T16:06:24+00:00\",\"breadcrumb\":{\"@id\":\"https:\\\/\\\/turschwellenrampe.de\\\/de\\\/rollstuhlrampen\\\/klappbare-einbaurampen\\\/iramp-260-cm-fur-fahrzeuge\\\/#breadcrumb\"},\"inLanguage\":\"de\",\"potentialAction\":[{\"@type\":\"ReadAction\",\"target\":[\"https:\\\/\\\/turschwellenrampe.de\\\/de\\\/rollstuhlrampen\\\/klappbare-einbaurampen\\\/iramp-260-cm-fur-fahrzeuge\\\/\"]}]},{\"@type\":\"ImageObject\",\"inLanguage\":\"de\",\"@id\":\"https:\\\/\\\/turschwellenrampe.de\\\/de\\\/rollstuhlrampen\\\/klappbare-einbaurampen\\\/iramp-260-cm-fur-fahrzeuge\\\/#primaryimage\",\"url\":\"https:\\\/\\\/turschwellenrampe.de\\\/wp-content\\\/uploads\\\/2021\\\/12\\\/Untitled.jpg\",\"contentUrl\":\"https:\\\/\\\/turschwellenrampe.de\\\/wp-content\\\/uploads\\\/2021\\\/12\\\/Untitled.jpg\",\"width\":1200,\"height\":1200},{\"@type\":\"BreadcrumbList\",\"@id\":\"https:\\\/\\\/turschwellenrampe.de\\\/de\\\/rollstuhlrampen\\\/klappbare-einbaurampen\\\/iramp-260-cm-fur-fahrzeuge\\\/#breadcrumb\",\"itemListElement\":[{\"@type\":\"ListItem\",\"position\":1,\"name\":\"Home\",\"item\":\"https:\\\/\\\/turschwellenrampe.de\\\/de\\\/\"},{\"@type\":\"ListItem\",\"position\":2,\"name\":\"Shop\",\"item\":\"https:\\\/\\\/turschwellenrampe.de\\\/de\\\/geschaft\\\/\"},{\"@type\":\"ListItem\",\"position\":3,\"name\":\"iRamp &#8211; 260 cm f\u00fcr Fahrzeuge\"}]},{\"@type\":\"WebSite\",\"@id\":\"https:\\\/\\\/turschwellenrampe.de\\\/de\\\/#website\",\"url\":\"https:\\\/\\\/turschwellenrampe.de\\\/de\\\/\",\"name\":\"Turschwellenrampe.de\",\"description\":\"De Specialist in Toegankelijkheid\",\"potentialAction\":[{\"@type\":\"SearchAction\",\"target\":{\"@type\":\"EntryPoint\",\"urlTemplate\":\"https:\\\/\\\/turschwellenrampe.de\\\/de\\\/?s={search_term_string}\"},\"query-input\":{\"@type\":\"PropertyValueSpecification\",\"valueRequired\":true,\"valueName\":\"search_term_string\"}}],\"inLanguage\":\"de\"}]}<\/script>\n<!-- \/ Yoast SEO plugin. -->","yoast_head_json":{"title":"iRamp - 260 cm f\u00fcr Fahrzeuge - Turschwellenrampe.de","robots":{"index":"index","follow":"follow","max-snippet":"max-snippet:-1","max-image-preview":"max-image-preview:large","max-video-preview":"max-video-preview:-1"},"canonical":"https:\/\/turschwellenrampe.de\/de\/rollstuhlrampen\/klappbare-einbaurampen\/iramp-260-cm-fur-fahrzeuge\/","og_locale":"de_DE","og_type":"article","og_title":"iRamp - 260 cm f\u00fcr Fahrzeuge - Turschwellenrampe.de","og_description":"Unsere Transport- und Verladerampen haben eine einzigartige Oberfl\u00e4chenbehandlung, die eine hervorragende Griffigkeit bietet und die Benutzung der Rampe einfach und sicher macht. Die Perforationen des Netzes lassen Regen, Schnee und Schmutz durch, so dass die Sicht nach hinten gut ist und der Innenraum Ihres Fahrzeugs so sauber wie m\u00f6glich bleibt. Die Rampen k\u00f6nnen mit drei verschiedenen Oberfl\u00e4chen bestellt werden: Standardgitter, enges Gitter oder eine Kombination aus Riffelblech und Gitter. Die patentierte, klappbare Oberseite der Rampe l\u00e4sst sich auf jede H\u00f6he einstellen, um Unebenheiten zu vermeiden und einen sanfteren \u00dcbergang in und aus dem Fahrzeug zu erm\u00f6glichen. Au\u00dferdem sind die faltbaren Rampen mit R\u00e4dern ausgestattet, damit sie sich leichter zusammenklappen lassen. Die Rampe wird auf ihre Verkehrssicherheit gepr\u00fcft.d in het verkeer. Spezifikationen:  H\u00f6he zusammengeklappt: 146,1 cm (A)  Tiefe: 24,1 cm (B)  \u00c4u\u00dfere Breite inkl. Kupplungspunkt: 105 cm (C)  \u00c4u\u00dfere Breite inkl. Griff: 103,8 cm (D)  Gesamtl\u00e4nge: 260 cm (E)  Breite der Rampe: 90 cm (F)  Gewicht: 35 kg  Maximale Gewichtskapazit\u00e4t: 400 kg","og_url":"https:\/\/turschwellenrampe.de\/de\/rollstuhlrampen\/klappbare-einbaurampen\/iramp-260-cm-fur-fahrzeuge\/","og_site_name":"Turschwellenrampe.de","article_publisher":"https:\/\/www.facebook.com\/Drempelhulp\/","article_modified_time":"2024-01-18T16:06:24+00:00","og_image":[{"width":1200,"height":1200,"url":"https:\/\/turschwellenrampe.de\/wp-content\/uploads\/2021\/12\/Untitled.jpg","type":"image\/jpeg"}],"twitter_card":"summary_large_image","twitter_misc":{"Gesch\u00e4tzte Lesezeit":"1\u00a0Minute"},"schema":{"@context":"https:\/\/schema.org","@graph":[{"@type":"WebPage","@id":"https:\/\/turschwellenrampe.de\/de\/rollstuhlrampen\/klappbare-einbaurampen\/iramp-260-cm-fur-fahrzeuge\/","url":"https:\/\/turschwellenrampe.de\/de\/rollstuhlrampen\/klappbare-einbaurampen\/iramp-260-cm-fur-fahrzeuge\/","name":"iRamp - 260 cm f\u00fcr Fahrzeuge - Turschwellenrampe.de","isPartOf":{"@id":"https:\/\/turschwellenrampe.de\/de\/#website"},"primaryImageOfPage":{"@id":"https:\/\/turschwellenrampe.de\/de\/rollstuhlrampen\/klappbare-einbaurampen\/iramp-260-cm-fur-fahrzeuge\/#primaryimage"},"image":{"@id":"https:\/\/turschwellenrampe.de\/de\/rollstuhlrampen\/klappbare-einbaurampen\/iramp-260-cm-fur-fahrzeuge\/#primaryimage"},"thumbnailUrl":"https:\/\/turschwellenrampe.de\/wp-content\/uploads\/2021\/12\/Untitled.jpg","datePublished":"2021-12-16T10:13:57+00:00","dateModified":"2024-01-18T16:06:24+00:00","breadcrumb":{"@id":"https:\/\/turschwellenrampe.de\/de\/rollstuhlrampen\/klappbare-einbaurampen\/iramp-260-cm-fur-fahrzeuge\/#breadcrumb"},"inLanguage":"de","potentialAction":[{"@type":"ReadAction","target":["https:\/\/turschwellenrampe.de\/de\/rollstuhlrampen\/klappbare-einbaurampen\/iramp-260-cm-fur-fahrzeuge\/"]}]},{"@type":"ImageObject","inLanguage":"de","@id":"https:\/\/turschwellenrampe.de\/de\/rollstuhlrampen\/klappbare-einbaurampen\/iramp-260-cm-fur-fahrzeuge\/#primaryimage","url":"https:\/\/turschwellenrampe.de\/wp-content\/uploads\/2021\/12\/Untitled.jpg","contentUrl":"https:\/\/turschwellenrampe.de\/wp-content\/uploads\/2021\/12\/Untitled.jpg","width":1200,"height":1200},{"@type":"BreadcrumbList","@id":"https:\/\/turschwellenrampe.de\/de\/rollstuhlrampen\/klappbare-einbaurampen\/iramp-260-cm-fur-fahrzeuge\/#breadcrumb","itemListElement":[{"@type":"ListItem","position":1,"name":"Home","item":"https:\/\/turschwellenrampe.de\/de\/"},{"@type":"ListItem","position":2,"name":"Shop","item":"https:\/\/turschwellenrampe.de\/de\/geschaft\/"},{"@type":"ListItem","position":3,"name":"iRamp &#8211; 260 cm f\u00fcr Fahrzeuge"}]},{"@type":"WebSite","@id":"https:\/\/turschwellenrampe.de\/de\/#website","url":"https:\/\/turschwellenrampe.de\/de\/","name":"Turschwellenrampe.de","description":"De Specialist in Toegankelijkheid","potentialAction":[{"@type":"SearchAction","target":{"@type":"EntryPoint","urlTemplate":"https:\/\/turschwellenrampe.de\/de\/?s={search_term_string}"},"query-input":{"@type":"PropertyValueSpecification","valueRequired":true,"valueName":"search_term_string"}}],"inLanguage":"de"}]}},"_links":{"self":[{"href":"https:\/\/turschwellenrampe.de\/de\/wp-json\/wp\/v2\/product\/12435","targetHints":{"allow":["GET"]}}],"collection":[{"href":"https:\/\/turschwellenrampe.de\/de\/wp-json\/wp\/v2\/product"}],"about":[{"href":"https:\/\/turschwellenrampe.de\/de\/wp-json\/wp\/v2\/types\/product"}],"replies":[{"embeddable":true,"href":"https:\/\/turschwellenrampe.de\/de\/wp-json\/wp\/v2\/comments?post=12435"}],"wp:featuredmedia":[{"embeddable":true,"href":"https:\/\/turschwellenrampe.de\/de\/wp-json\/wp\/v2\/media\/12364"}],"wp:attachment":[{"href":"https:\/\/turschwellenrampe.de\/de\/wp-json\/wp\/v2\/media?parent=12435"}],"wp:term":[{"taxonomy":"product_brand","embeddable":true,"href":"https:\/\/turschwellenrampe.de\/de\/wp-json\/wp\/v2\/product_brand?post=12435"},{"taxonomy":"product_cat","embeddable":true,"href":"https:\/\/turschwellenrampe.de\/de\/wp-json\/wp\/v2\/product_cat?post=12435"},{"taxonomy":"product_tag","embeddable":true,"href":"https:\/\/turschwellenrampe.de\/de\/wp-json\/wp\/v2\/product_tag?post=12435"}],"curies":[{"name":"wp","href":"https:\/\/api.w.org\/{rel}","templated":true}]}}