{"id":14529,"date":"2023-12-21T14:53:50","date_gmt":"2023-12-21T13:53:50","guid":{"rendered":"https:\/\/turschwellenrampe.de\/kontakt\/"},"modified":"2024-01-10T11:53:05","modified_gmt":"2024-01-10T10:53:05","slug":"kontakt","status":"publish","type":"page","link":"https:\/\/turschwellenrampe.de\/de\/kontakt\/","title":{"rendered":"Kontakt"},"content":{"rendered":"\t\t<div data-elementor-type=\"wp-page\" data-elementor-id=\"14529\" class=\"elementor elementor-14529 elementor-14292\">\n\t\t\t\t\t\t<div class=\"elementor-section elementor-top-section elementor-element elementor-element-48b3ff6 elementor-section-boxed elementor-section-height-default elementor-section-height-default\" data-id=\"48b3ff6\" data-element_type=\"section\" data-e-type=\"section\" data-settings=\"{&quot;background_background&quot;:&quot;classic&quot;}\">\r\n\t\t\r\n\t\t\t\t\t\t\t<div class=\"elementor-container elementor-column-gap-no\">\r\n\t\t\t\t\t\t\t\t\t\t\t<div class=\"elementor-column elementor-col-50 elementor-top-column elementor-element elementor-element-5e354e9d contact-info\" data-id=\"5e354e9d\" data-element_type=\"column\" data-e-type=\"column\">\r\n\t\t\t\t\t<div class=\"elementor-widget-wrap elementor-element-populated\">\r\n\t\t\t\t\t\t\t\t<div class=\"elementor-element elementor-element-656c7cea mb-3 elementor-widget elementor-widget-heading\" data-id=\"656c7cea\" data-element_type=\"widget\" data-e-type=\"widget\" data-widget_type=\"heading.default\">\n\t\t\t\t<div class=\"elementor-widget-container\">\n\t\t\t\t\t<h2 class=\"elementor-heading-title elementor-size-default\">Kontakt<\/h2>\t\t\t\t<\/div>\n\t\t\t\t<\/div>\n\t\t\t\t<div class=\"elementor-element elementor-element-6d7c166c mb-0 elementor-widget elementor-widget-porto_ultimate_heading\" data-id=\"6d7c166c\" data-element_type=\"widget\" data-e-type=\"widget\" data-widget_type=\"porto_ultimate_heading.default\">\n\t\t\t\t<div class=\"elementor-widget-container\">\n\t\t\t\t\t<div class=\"porto-u-heading  porto-u-7cde7bb859728a21207628191890e260 \"><div class=\"porto-u-sub-heading\" style=\"margin-bottom:24px;\"><p style=\"font-weight: 400;\">Wir von Turschwellenrampe.de haben mehr als 20 Jahre Erfahrung im Verkauf und Einbau von Schwellenrampen.<\/p><p style=\"font-weight: 400;\">F\u00fcr uns ist keine Schwelle zu verr\u00fcckt. Wenn Sie sich nicht sicher sind, welche Art von Schwellenrampe Sie ben\u00f6tigen, schicken Sie uns am besten eine E-Mail mit den Ma\u00dfen der Schwellen und einigen Bildern der Situation. Wir werden uns dann die Situation ansehen und k\u00f6nnen schnell feststellen, welche Art von L\u00f6sung am besten geeignet ist.<\/p><p>\u00a0<\/p><\/div><style>.porto-u-7cde7bb859728a21207628191890e260.porto-u-heading{text-align:left}<\/style><\/div>\t\t\t\t<\/div>\n\t\t\t\t<\/div>\n\t\t\t\t<div class=\"elementor-element elementor-element-74056d37 mb-0 elementor-widget elementor-widget-porto_ultimate_heading\" data-id=\"74056d37\" data-element_type=\"widget\" data-e-type=\"widget\" data-widget_type=\"porto_ultimate_heading.default\">\n\t\t\t\t<div class=\"elementor-widget-container\">\n\t\t\t\t\t<div class=\"porto-u-heading  porto-u-7cde7bb859728a21207628191890e260 \"><div class=\"porto-u-main-heading\"><h3   >E-Mail<\/h3><\/div><div class=\"porto-u-sub-heading\" style=\"margin-bottom:24px;\"><p><a href=\"mailto:info@turschwellenrampe.de\">info@turschwellenrampe.de<\/a><\/p><\/div><style>.porto-u-7cde7bb859728a21207628191890e260.porto-u-heading{text-align:left}<\/style><\/div>\t\t\t\t<\/div>\n\t\t\t\t<\/div>\n\t\t\t\t\t<\/div>\r\n\t\t\t\t<\/div>\r\n\t\t\t\t<div class=\"elementor-column elementor-col-50 elementor-top-column elementor-element elementor-element-54602a05 fluid-col-lg-5\" data-id=\"54602a05\" data-element_type=\"column\" data-e-type=\"column\">\r\n\t\t\t\t\t<div class=\"elementor-widget-wrap elementor-element-populated\">\r\n\t\t\t\t\t\t\t\t<div class=\"elementor-element elementor-element-a03987e elementor-widget elementor-widget-image\" data-id=\"a03987e\" data-element_type=\"widget\" data-e-type=\"widget\" data-settings=\"{&quot;_animation&quot;:&quot;none&quot;}\" data-widget_type=\"image.default\">\n\t\t\t\t<div class=\"elementor-widget-container\">\n\t\t\t\t\t\t\t\t\t\t\t\t\t\t\t<img fetchpriority=\"high\" decoding=\"async\" width=\"1024\" height=\"683\" src=\"https:\/\/turschwellenrampe.de\/wp-content\/uploads\/2024\/01\/Homercare-Nieuwerkerk-ad-IJssel-28-1-1024x683.jpg\" class=\"attachment-large size-large wp-image-14493\" alt=\"\" srcset=\"https:\/\/turschwellenrampe.de\/wp-content\/uploads\/2024\/01\/Homercare-Nieuwerkerk-ad-IJssel-28-1-1024x683.jpg 1024w, https:\/\/turschwellenrampe.de\/wp-content\/uploads\/2024\/01\/Homercare-Nieuwerkerk-ad-IJssel-28-1-768x512.jpg 768w, https:\/\/turschwellenrampe.de\/wp-content\/uploads\/2024\/01\/Homercare-Nieuwerkerk-ad-IJssel-28-1-640x427.jpg 640w, https:\/\/turschwellenrampe.de\/wp-content\/uploads\/2024\/01\/Homercare-Nieuwerkerk-ad-IJssel-28-1-400x267.jpg 400w, https:\/\/turschwellenrampe.de\/wp-content\/uploads\/2024\/01\/Homercare-Nieuwerkerk-ad-IJssel-28-1-600x400.jpg 600w\" sizes=\"(max-width: 1024px) 100vw, 1024px\" \/>\t\t\t\t\t\t\t\t\t\t\t\t\t\t\t<\/div>\n\t\t\t\t<\/div>\n\t\t\t\t\t<\/div>\r\n\t\t\t\t<\/div>\r\n\t\t\t\t\t<\/div>\r\n\t\t\t\t<\/div>\r\n\t\t\t\t<\/div>\n\t\t","protected":false},"excerpt":{"rendered":"<p>Kontakt Wir von Turschwellenrampe.de haben mehr als 20 Jahre Erfahrung im Verkauf und Einbau von Schwellenrampen. F\u00fcr uns ist keine Schwelle zu verr\u00fcckt. Wenn Sie sich nicht sicher sind, welche Art von Schwellenrampe Sie ben\u00f6tigen, schicken Sie uns am besten eine E-Mail mit den Ma\u00dfen der Schwellen und einigen Bildern der Situation. Wir werden uns [&hellip;]<\/p>\n","protected":false},"author":2,"featured_media":0,"parent":0,"menu_order":0,"comment_status":"closed","ping_status":"closed","template":"","meta":{"footnotes":""},"class_list":["post-14529","page","type-page","status-publish","hentry"],"yoast_head":"<!-- This site is optimized with the Yoast SEO plugin v27.5 - https:\/\/yoast.com\/product\/yoast-seo-wordpress\/ -->\n<title>Kontakt - Turschwellenrampe.de<\/title>\n<meta name=\"robots\" content=\"index, follow, max-snippet:-1, max-image-preview:large, max-video-preview:-1\" \/>\n<link rel=\"canonical\" href=\"https:\/\/turschwellenrampe.de\/de\/kontakt\/\" \/>\n<meta property=\"og:locale\" content=\"de_DE\" \/>\n<meta property=\"og:type\" content=\"article\" \/>\n<meta property=\"og:title\" content=\"Kontakt - Turschwellenrampe.de\" \/>\n<meta property=\"og:description\" content=\"Kontakt Wir von Turschwellenrampe.de haben mehr als 20 Jahre Erfahrung im Verkauf und Einbau von Schwellenrampen. F\u00fcr uns ist keine Schwelle zu verr\u00fcckt. Wenn Sie sich nicht sicher sind, welche Art von Schwellenrampe Sie ben\u00f6tigen, schicken Sie uns am besten eine E-Mail mit den Ma\u00dfen der Schwellen und einigen Bildern der Situation. Wir werden uns [&hellip;]\" \/>\n<meta property=\"og:url\" content=\"https:\/\/turschwellenrampe.de\/de\/kontakt\/\" \/>\n<meta property=\"og:site_name\" content=\"Turschwellenrampe.de\" \/>\n<meta property=\"article:publisher\" content=\"https:\/\/www.facebook.com\/Drempelhulp\/\" \/>\n<meta property=\"article:modified_time\" content=\"2024-01-10T10:53:05+00:00\" \/>\n<meta property=\"og:image\" content=\"https:\/\/turschwellenrampe.de\/wp-content\/uploads\/2024\/01\/Homercare-Nieuwerkerk-ad-IJssel-28-1-1024x683.jpg\" \/>\n<meta name=\"twitter:card\" content=\"summary_large_image\" \/>\n<meta name=\"twitter:label1\" content=\"Gesch\u00e4tzte Lesezeit\" \/>\n\t<meta name=\"twitter:data1\" content=\"1\u00a0Minute\" \/>\n<script type=\"application\/ld+json\" class=\"yoast-schema-graph\">{\"@context\":\"https:\\\/\\\/schema.org\",\"@graph\":[{\"@type\":\"WebPage\",\"@id\":\"https:\\\/\\\/turschwellenrampe.de\\\/de\\\/kontakt\\\/\",\"url\":\"https:\\\/\\\/turschwellenrampe.de\\\/de\\\/kontakt\\\/\",\"name\":\"Kontakt - Turschwellenrampe.de\",\"isPartOf\":{\"@id\":\"https:\\\/\\\/turschwellenrampe.de\\\/de\\\/#website\"},\"primaryImageOfPage\":{\"@id\":\"https:\\\/\\\/turschwellenrampe.de\\\/de\\\/kontakt\\\/#primaryimage\"},\"image\":{\"@id\":\"https:\\\/\\\/turschwellenrampe.de\\\/de\\\/kontakt\\\/#primaryimage\"},\"thumbnailUrl\":\"https:\\\/\\\/turschwellenrampe.de\\\/wp-content\\\/uploads\\\/2024\\\/01\\\/Homercare-Nieuwerkerk-ad-IJssel-28-1-1024x683.jpg\",\"datePublished\":\"2023-12-21T13:53:50+00:00\",\"dateModified\":\"2024-01-10T10:53:05+00:00\",\"breadcrumb\":{\"@id\":\"https:\\\/\\\/turschwellenrampe.de\\\/de\\\/kontakt\\\/#breadcrumb\"},\"inLanguage\":\"de\",\"potentialAction\":[{\"@type\":\"ReadAction\",\"target\":[\"https:\\\/\\\/turschwellenrampe.de\\\/de\\\/kontakt\\\/\"]}]},{\"@type\":\"ImageObject\",\"inLanguage\":\"de\",\"@id\":\"https:\\\/\\\/turschwellenrampe.de\\\/de\\\/kontakt\\\/#primaryimage\",\"url\":\"https:\\\/\\\/turschwellenrampe.de\\\/wp-content\\\/uploads\\\/2024\\\/01\\\/Homercare-Nieuwerkerk-ad-IJssel-28-1-1024x683.jpg\",\"contentUrl\":\"https:\\\/\\\/turschwellenrampe.de\\\/wp-content\\\/uploads\\\/2024\\\/01\\\/Homercare-Nieuwerkerk-ad-IJssel-28-1-1024x683.jpg\"},{\"@type\":\"BreadcrumbList\",\"@id\":\"https:\\\/\\\/turschwellenrampe.de\\\/de\\\/kontakt\\\/#breadcrumb\",\"itemListElement\":[{\"@type\":\"ListItem\",\"position\":1,\"name\":\"Home\",\"item\":\"https:\\\/\\\/turschwellenrampe.de\\\/de\\\/\"},{\"@type\":\"ListItem\",\"position\":2,\"name\":\"Kontakt\"}]},{\"@type\":\"WebSite\",\"@id\":\"https:\\\/\\\/turschwellenrampe.de\\\/de\\\/#website\",\"url\":\"https:\\\/\\\/turschwellenrampe.de\\\/de\\\/\",\"name\":\"Turschwellenrampe.de\",\"description\":\"De Specialist in Toegankelijkheid\",\"potentialAction\":[{\"@type\":\"SearchAction\",\"target\":{\"@type\":\"EntryPoint\",\"urlTemplate\":\"https:\\\/\\\/turschwellenrampe.de\\\/de\\\/?s={search_term_string}\"},\"query-input\":{\"@type\":\"PropertyValueSpecification\",\"valueRequired\":true,\"valueName\":\"search_term_string\"}}],\"inLanguage\":\"de\"}]}<\/script>\n<!-- \/ Yoast SEO plugin. -->","yoast_head_json":{"title":"Kontakt - Turschwellenrampe.de","robots":{"index":"index","follow":"follow","max-snippet":"max-snippet:-1","max-image-preview":"max-image-preview:large","max-video-preview":"max-video-preview:-1"},"canonical":"https:\/\/turschwellenrampe.de\/de\/kontakt\/","og_locale":"de_DE","og_type":"article","og_title":"Kontakt - Turschwellenrampe.de","og_description":"Kontakt Wir von Turschwellenrampe.de haben mehr als 20 Jahre Erfahrung im Verkauf und Einbau von Schwellenrampen. F\u00fcr uns ist keine Schwelle zu verr\u00fcckt. Wenn Sie sich nicht sicher sind, welche Art von Schwellenrampe Sie ben\u00f6tigen, schicken Sie uns am besten eine E-Mail mit den Ma\u00dfen der Schwellen und einigen Bildern der Situation. Wir werden uns [&hellip;]","og_url":"https:\/\/turschwellenrampe.de\/de\/kontakt\/","og_site_name":"Turschwellenrampe.de","article_publisher":"https:\/\/www.facebook.com\/Drempelhulp\/","article_modified_time":"2024-01-10T10:53:05+00:00","og_image":[{"url":"https:\/\/turschwellenrampe.de\/wp-content\/uploads\/2024\/01\/Homercare-Nieuwerkerk-ad-IJssel-28-1-1024x683.jpg","type":"","width":"","height":""}],"twitter_card":"summary_large_image","twitter_misc":{"Gesch\u00e4tzte Lesezeit":"1\u00a0Minute"},"schema":{"@context":"https:\/\/schema.org","@graph":[{"@type":"WebPage","@id":"https:\/\/turschwellenrampe.de\/de\/kontakt\/","url":"https:\/\/turschwellenrampe.de\/de\/kontakt\/","name":"Kontakt - Turschwellenrampe.de","isPartOf":{"@id":"https:\/\/turschwellenrampe.de\/de\/#website"},"primaryImageOfPage":{"@id":"https:\/\/turschwellenrampe.de\/de\/kontakt\/#primaryimage"},"image":{"@id":"https:\/\/turschwellenrampe.de\/de\/kontakt\/#primaryimage"},"thumbnailUrl":"https:\/\/turschwellenrampe.de\/wp-content\/uploads\/2024\/01\/Homercare-Nieuwerkerk-ad-IJssel-28-1-1024x683.jpg","datePublished":"2023-12-21T13:53:50+00:00","dateModified":"2024-01-10T10:53:05+00:00","breadcrumb":{"@id":"https:\/\/turschwellenrampe.de\/de\/kontakt\/#breadcrumb"},"inLanguage":"de","potentialAction":[{"@type":"ReadAction","target":["https:\/\/turschwellenrampe.de\/de\/kontakt\/"]}]},{"@type":"ImageObject","inLanguage":"de","@id":"https:\/\/turschwellenrampe.de\/de\/kontakt\/#primaryimage","url":"https:\/\/turschwellenrampe.de\/wp-content\/uploads\/2024\/01\/Homercare-Nieuwerkerk-ad-IJssel-28-1-1024x683.jpg","contentUrl":"https:\/\/turschwellenrampe.de\/wp-content\/uploads\/2024\/01\/Homercare-Nieuwerkerk-ad-IJssel-28-1-1024x683.jpg"},{"@type":"BreadcrumbList","@id":"https:\/\/turschwellenrampe.de\/de\/kontakt\/#breadcrumb","itemListElement":[{"@type":"ListItem","position":1,"name":"Home","item":"https:\/\/turschwellenrampe.de\/de\/"},{"@type":"ListItem","position":2,"name":"Kontakt"}]},{"@type":"WebSite","@id":"https:\/\/turschwellenrampe.de\/de\/#website","url":"https:\/\/turschwellenrampe.de\/de\/","name":"Turschwellenrampe.de","description":"De Specialist in Toegankelijkheid","potentialAction":[{"@type":"SearchAction","target":{"@type":"EntryPoint","urlTemplate":"https:\/\/turschwellenrampe.de\/de\/?s={search_term_string}"},"query-input":{"@type":"PropertyValueSpecification","valueRequired":true,"valueName":"search_term_string"}}],"inLanguage":"de"}]}},"_links":{"self":[{"href":"https:\/\/turschwellenrampe.de\/de\/wp-json\/wp\/v2\/pages\/14529","targetHints":{"allow":["GET"]}}],"collection":[{"href":"https:\/\/turschwellenrampe.de\/de\/wp-json\/wp\/v2\/pages"}],"about":[{"href":"https:\/\/turschwellenrampe.de\/de\/wp-json\/wp\/v2\/types\/page"}],"author":[{"embeddable":true,"href":"https:\/\/turschwellenrampe.de\/de\/wp-json\/wp\/v2\/users\/2"}],"replies":[{"embeddable":true,"href":"https:\/\/turschwellenrampe.de\/de\/wp-json\/wp\/v2\/comments?post=14529"}],"version-history":[{"count":0,"href":"https:\/\/turschwellenrampe.de\/de\/wp-json\/wp\/v2\/pages\/14529\/revisions"}],"wp:attachment":[{"href":"https:\/\/turschwellenrampe.de\/de\/wp-json\/wp\/v2\/media?parent=14529"}],"curies":[{"name":"wp","href":"https:\/\/api.w.org\/{rel}","templated":true}]}}