{"id":13173,"date":"2020-03-31T09:54:58","date_gmt":"2020-03-31T07:54:58","guid":{"rendered":"https:\/\/turschwellenrampe.de\/datenschutzerklaerung\/"},"modified":"2024-01-09T15:19:15","modified_gmt":"2024-01-09T14:19:15","slug":"datenschutzerklaerung","status":"publish","type":"page","link":"https:\/\/turschwellenrampe.de\/de\/datenschutzerklaerung\/","title":{"rendered":"Datenschutzerkl\u00e4rung"},"content":{"rendered":"\t\t<div data-elementor-type=\"wp-post\" data-elementor-id=\"13173\" class=\"elementor elementor-13173 elementor-5912\">\n\t\t\t\t\t\t<section class=\"elementor-section elementor-top-section elementor-element elementor-element-98bab09 elementor-section-boxed elementor-section-height-default elementor-section-height-default\" data-id=\"98bab09\" data-element_type=\"section\" data-e-type=\"section\">\r\n\t\t\r\n\t\t\t\t\t\t\t<div class=\"elementor-container elementor-column-gap-default\">\r\n\t\t\t\t\t\t\t\t\t\t\t<div class=\"elementor-column elementor-col-100 elementor-top-column elementor-element elementor-element-d7af16c\" data-id=\"d7af16c\" data-element_type=\"column\" data-e-type=\"column\">\r\n\t\t\t\t\t<div class=\"elementor-widget-wrap elementor-element-populated\">\r\n\t\t\t\t\t\t\t\t<div class=\"elementor-element elementor-element-e8c83f4 elementor-widget elementor-widget-heading\" data-id=\"e8c83f4\" data-element_type=\"widget\" data-e-type=\"widget\" data-widget_type=\"heading.default\">\n\t\t\t\t<div class=\"elementor-widget-container\">\n\t\t\t\t\t<h1 class=\"elementor-heading-title elementor-size-default\">Datenschutzrichtlinie<\/h1>\t\t\t\t<\/div>\n\t\t\t\t<\/div>\n\t\t\t\t\t<\/div>\r\n\t\t\t\t<\/div>\r\n\t\t\t\t\t<\/div>\r\n\t\t\t\t<\/section>\r\n\t\t\t\t<section class=\"elementor-section elementor-top-section elementor-element elementor-element-b847ef0 elementor-section-boxed elementor-section-height-default elementor-section-height-default\" data-id=\"b847ef0\" data-element_type=\"section\" data-e-type=\"section\">\r\n\t\t\r\n\t\t\t\t\t\t\t<div class=\"elementor-container elementor-column-gap-default\">\r\n\t\t\t\t\t\t\t\t\t\t\t<div class=\"elementor-column elementor-col-100 elementor-top-column elementor-element elementor-element-6185286\" data-id=\"6185286\" data-element_type=\"column\" data-e-type=\"column\">\r\n\t\t\t\t\t<div class=\"elementor-widget-wrap elementor-element-populated\">\r\n\t\t\t\t\t\t\t\t<div class=\"elementor-element elementor-element-993a628 elementor-widget elementor-widget-text-editor\" data-id=\"993a628\" data-element_type=\"widget\" data-e-type=\"widget\" data-widget_type=\"text-editor.default\">\n\t\t\t\t<div class=\"elementor-widget-container\">\n\t\t\t\t\t\t\t\t\t<p><strong>Datenschutzerkl\u00e4rung [Turschwellenrampe.de]<\/strong><br>Versie 1.0<br>Diese Seite wurde zuletzt am wpcodeself ge\u00e4ndert. [9-1-2024]<\/p>\n<p>Wir sind uns bewusst, dass Sie Ihr Vertrauen in uns setzen. Wir sehen es daher als unsere Verantwortung an, Ihre Privatsph\u00e4re zu sch\u00fctzen. Auf dieser Seite erfahren Sie, welche Daten wir sammeln, wenn Sie unsere Website nutzen, warum wir sie sammeln und wie wir sie verwenden, um Ihre Nutzererfahrung zu verbessern. Sie verstehen also genau, wie wir arbeiten.<\/p>\n<p>Diese Datenschutzrichtlinie gilt f\u00fcr die Dienste von www.Turschwellenrampe.de. Bitte beachten Sie, dass www.Turschwellenrampe.de nicht f\u00fcr die Datenschutzpraktiken anderer Websites und Ressourcen verantwortlich ist. Durch die Nutzung dieser Website erkl\u00e4ren Sie Ihr Einverst\u00e4ndnis mit der Datenschutzpolitik.<\/p>\n<p>www.Turschwellenrampe.de respektiert die Privatsph\u00e4re aller Nutzer seiner Website und stellt sicher, dass die von Ihnen zur Verf\u00fcgung gestellten pers\u00f6nlichen Daten vertraulich behandelt werden.<\/p>\n<p><em><strong>Unsere Verwendung der gesammelten Daten<\/strong><\/em><\/p>\n<p><strong>Nutzung unserer Dienste <\/strong>                                                                                                                                                                                                                                                      <span style=\"letter-spacing: 0px;\">Wenn Sie sich f\u00fcr einen unserer Dienste anmelden, bitten wir Sie um die Angabe pers\u00f6nlicher Daten. Diese Daten werden zur Erbringung der Dienstleistung verwendet. Die Daten werden auf den eigenen sicheren Servern von www.Turschwellenrampe.de oder denen eines Dritten gespeichert. Wir werden diese Daten nicht mit anderen uns vorliegenden personenbezogenen Daten kombinieren.<\/span><\/p>\n<p><strong>Kommunikation<\/strong><br>Wenn Sie E-Mails oder andere Nachrichten an uns senden, k\u00f6nnen wir diese Nachrichten speichern. Manchmal werden wir Sie um pers\u00f6nliche Angaben bitten, die f\u00fcr die jeweilige Situation relevant sind. Dies erm\u00f6glicht uns, Ihre Fragen zu bearbeiten und Ihre Anfragen zu beantworten. Die Daten werden auf den eigenen sicheren Servern von www.Turschwellenrampe.de oder denen eines Dritten gespeichert. Wir werden diese Daten nicht mit anderen uns vorliegenden personenbezogenen Daten kombinieren.<\/p>\n<p><strong>Cookies<\/strong><br>Wir sammeln Daten zu Forschungszwecken, um unsere Kunden besser zu verstehen und unsere Dienstleistungen entsprechend anzupassen.<\/p>\n<p>Diese Website verwendet &#8222;Cookies&#8220; (Textdateien, die auf Ihrem Computer gespeichert werden), um zu analysieren, wie die Nutzer die Website verwenden. Die von dem Cookie erzeugten Informationen \u00fcber Ihre Nutzung der Website k\u00f6nnen an die sicheren Server von www.Turschwellenrampe.de oder eines Dritten \u00fcbertragen werden. Wir verwenden diese Informationen, um zu verfolgen, wie Sie die Website nutzen, um Berichte \u00fcber die Website-Aktivit\u00e4ten zu erstellen und um weitere Dienstleistungen im Zusammenhang mit der Website-Aktivit\u00e4t und der Internetnutzung zu erbringen.<\/p>\n<p><strong>Verwendungszwecke<\/strong><br>Wir sammeln oder verwenden keine Informationen f\u00fcr andere als die in dieser Datenschutzrichtlinie beschriebenen Zwecke, es sei denn, wir haben Ihre vorherige Zustimmung eingeholt.<\/p>\n<p><span style=\"letter-spacing: 0px;\"><strong>Dritte Parteien <\/strong>                                                                                                                                                                                                                                                                      <\/span><span style=\"letter-spacing: 0px;\">Die Informationen werden nicht an Dritte weitergegeben, mit Ausnahme der Webanwendungen, die wir f\u00fcr unseren Webshop verwenden. Dazu geh\u00f6rt auch das WebwinkelKeur-Bewertungssystem. Diese Daten werden nur f\u00fcr den Zweck der jeweiligen Bewerbung verwendet und nicht weitergegeben. In einigen F\u00e4llen k\u00f6nnen die Informationen auch intern weitergegeben werden. Unsere Mitarbeiter sind verpflichtet, die Vertraulichkeit Ihrer Daten zu wahren.<\/span><\/p>\n<p><strong>\u00c4nderungen<\/strong><br>Diese Erkl\u00e4rung zum Datenschutz ist auf die Nutzung und das Angebot dieser Website zugeschnitten. Jegliche Anpassungen und\/oder \u00c4nderungen an dieser Website k\u00f6nnen zu \u00c4nderungen an dieser Datenschutzerkl\u00e4rung f\u00fchren. Es ist daher ratsam, diese Datenschutzerkl\u00e4rung regelm\u00e4\u00dfig zu lesen.<\/p>\n<p><strong>Wahlm\u00f6glichkeiten f\u00fcr pers\u00f6nliche Daten<\/strong><br>Wir bieten allen Besuchern die M\u00f6glichkeit, die uns zur Verf\u00fcgung gestellten pers\u00f6nlichen Daten einzusehen, zu \u00e4ndern oder zu l\u00f6schen.<\/p>\n<p><strong>Newsletter \u00e4ndern\/abbestellen<\/strong><br>Am Ende jedes Mailings finden Sie die M\u00f6glichkeit, Ihre Daten zu bearbeiten oder sich abzumelden.<\/p>\n<p><strong>Anpassen\/Abbestellen der Kommunikation<\/strong><br>Wenn Sie Ihre Daten \u00e4ndern oder sich aus unseren Dateien entfernen m\u00f6chten, nehmen Sie bitte Kontakt mit uns auf. Siehe Kontaktinformationen unten.<\/p>\n<p><strong>Deaktivieren von Cookies<\/strong><br>Die meisten Browser sind von vornherein so eingestellt, dass sie Cookies akzeptieren, aber Sie k\u00f6nnen Ihren Browser so einstellen, dass er alle Cookies ablehnt oder anzeigt, wenn ein Cookie gesendet wird. Allerdings k\u00f6nnen einige Funktionen und Dienste auf unserer und anderen Websites nicht richtig funktionieren, wenn Cookies in Ihrem Browser deaktiviert sind.<\/p>\n<p><strong>Fragen und Feedback<\/strong><\/p>\n<p>Wir \u00fcberpr\u00fcfen regelm\u00e4\u00dfig, ob wir diese Datenschutzrichtlinie einhalten. Wenn Sie Fragen zu dieser Datenschutzrichtlinie haben, wenden Sie sich bitte an uns:<\/p>\n<p><a href=\"\/\">www.Turschwellenrampe.de<\/a><br>Adresse: Steenbakkerij 16<br>Telefonnummer: <a href=\"TEL:\/\/0102420914\">+311024201913<\/a><br>E-mail: <a href=\"mailto:info@drempelhulp.nl\">info@turschwellenrampe.de<\/a><\/p>\t\t\t\t\t\t\t\t<\/div>\n\t\t\t\t<\/div>\n\t\t\t\t\t<\/div>\r\n\t\t\t\t<\/div>\r\n\t\t\t\t\t<\/div>\r\n\t\t\t\t<\/section>\r\n\t\t\t\t<\/div>\n\t\t","protected":false},"excerpt":{"rendered":"<p>Datenschutzrichtlinie Datenschutzerkl\u00e4rung [Turschwellenrampe.de]Versie 1.0Diese Seite wurde zuletzt am wpcodeself ge\u00e4ndert. [9-1-2024] Wir sind uns bewusst, dass Sie Ihr Vertrauen in uns setzen. Wir sehen es daher als unsere Verantwortung an, Ihre Privatsph\u00e4re zu sch\u00fctzen. Auf dieser Seite erfahren Sie, welche Daten wir sammeln, wenn Sie unsere Website nutzen, warum wir sie sammeln und wie wir [&hellip;]<\/p>\n","protected":false},"author":2,"featured_media":0,"parent":0,"menu_order":0,"comment_status":"closed","ping_status":"closed","template":"","meta":{"footnotes":""},"class_list":["post-13173","page","type-page","status-publish","hentry"],"yoast_head":"<!-- This site is optimized with the Yoast SEO plugin v27.5 - https:\/\/yoast.com\/product\/yoast-seo-wordpress\/ -->\n<title>Datenschutzerkl\u00e4rung - Turschwellenrampe.de<\/title>\n<meta name=\"robots\" content=\"index, follow, max-snippet:-1, max-image-preview:large, max-video-preview:-1\" \/>\n<link rel=\"canonical\" href=\"https:\/\/turschwellenrampe.de\/de\/datenschutzerklaerung\/\" \/>\n<meta property=\"og:locale\" content=\"de_DE\" \/>\n<meta property=\"og:type\" content=\"article\" \/>\n<meta property=\"og:title\" content=\"Datenschutzerkl\u00e4rung - Turschwellenrampe.de\" \/>\n<meta property=\"og:description\" content=\"Datenschutzrichtlinie Datenschutzerkl\u00e4rung [Turschwellenrampe.de]Versie 1.0Diese Seite wurde zuletzt am wpcodeself ge\u00e4ndert. [9-1-2024] Wir sind uns bewusst, dass Sie Ihr Vertrauen in uns setzen. Wir sehen es daher als unsere Verantwortung an, Ihre Privatsph\u00e4re zu sch\u00fctzen. Auf dieser Seite erfahren Sie, welche Daten wir sammeln, wenn Sie unsere Website nutzen, warum wir sie sammeln und wie wir [&hellip;]\" \/>\n<meta property=\"og:url\" content=\"https:\/\/turschwellenrampe.de\/de\/datenschutzerklaerung\/\" \/>\n<meta property=\"og:site_name\" content=\"Turschwellenrampe.de\" \/>\n<meta property=\"article:publisher\" content=\"https:\/\/www.facebook.com\/Drempelhulp\/\" \/>\n<meta property=\"article:modified_time\" content=\"2024-01-09T14:19:15+00:00\" \/>\n<meta name=\"twitter:card\" content=\"summary_large_image\" \/>\n<meta name=\"twitter:label1\" content=\"Gesch\u00e4tzte Lesezeit\" \/>\n\t<meta name=\"twitter:data1\" content=\"4\u00a0Minuten\" \/>\n<script type=\"application\/ld+json\" class=\"yoast-schema-graph\">{\"@context\":\"https:\\\/\\\/schema.org\",\"@graph\":[{\"@type\":\"WebPage\",\"@id\":\"https:\\\/\\\/turschwellenrampe.de\\\/de\\\/datenschutzerklaerung\\\/\",\"url\":\"https:\\\/\\\/turschwellenrampe.de\\\/de\\\/datenschutzerklaerung\\\/\",\"name\":\"Datenschutzerkl\u00e4rung - Turschwellenrampe.de\",\"isPartOf\":{\"@id\":\"https:\\\/\\\/turschwellenrampe.de\\\/de\\\/#website\"},\"datePublished\":\"2020-03-31T07:54:58+00:00\",\"dateModified\":\"2024-01-09T14:19:15+00:00\",\"breadcrumb\":{\"@id\":\"https:\\\/\\\/turschwellenrampe.de\\\/de\\\/datenschutzerklaerung\\\/#breadcrumb\"},\"inLanguage\":\"de\",\"potentialAction\":[{\"@type\":\"ReadAction\",\"target\":[\"https:\\\/\\\/turschwellenrampe.de\\\/de\\\/datenschutzerklaerung\\\/\"]}]},{\"@type\":\"BreadcrumbList\",\"@id\":\"https:\\\/\\\/turschwellenrampe.de\\\/de\\\/datenschutzerklaerung\\\/#breadcrumb\",\"itemListElement\":[{\"@type\":\"ListItem\",\"position\":1,\"name\":\"Home\",\"item\":\"https:\\\/\\\/turschwellenrampe.de\\\/de\\\/\"},{\"@type\":\"ListItem\",\"position\":2,\"name\":\"Datenschutzerkl\u00e4rung\"}]},{\"@type\":\"WebSite\",\"@id\":\"https:\\\/\\\/turschwellenrampe.de\\\/de\\\/#website\",\"url\":\"https:\\\/\\\/turschwellenrampe.de\\\/de\\\/\",\"name\":\"Turschwellenrampe.de\",\"description\":\"De Specialist in Toegankelijkheid\",\"potentialAction\":[{\"@type\":\"SearchAction\",\"target\":{\"@type\":\"EntryPoint\",\"urlTemplate\":\"https:\\\/\\\/turschwellenrampe.de\\\/de\\\/?s={search_term_string}\"},\"query-input\":{\"@type\":\"PropertyValueSpecification\",\"valueRequired\":true,\"valueName\":\"search_term_string\"}}],\"inLanguage\":\"de\"}]}<\/script>\n<!-- \/ Yoast SEO plugin. -->","yoast_head_json":{"title":"Datenschutzerkl\u00e4rung - Turschwellenrampe.de","robots":{"index":"index","follow":"follow","max-snippet":"max-snippet:-1","max-image-preview":"max-image-preview:large","max-video-preview":"max-video-preview:-1"},"canonical":"https:\/\/turschwellenrampe.de\/de\/datenschutzerklaerung\/","og_locale":"de_DE","og_type":"article","og_title":"Datenschutzerkl\u00e4rung - Turschwellenrampe.de","og_description":"Datenschutzrichtlinie Datenschutzerkl\u00e4rung [Turschwellenrampe.de]Versie 1.0Diese Seite wurde zuletzt am wpcodeself ge\u00e4ndert. [9-1-2024] Wir sind uns bewusst, dass Sie Ihr Vertrauen in uns setzen. Wir sehen es daher als unsere Verantwortung an, Ihre Privatsph\u00e4re zu sch\u00fctzen. Auf dieser Seite erfahren Sie, welche Daten wir sammeln, wenn Sie unsere Website nutzen, warum wir sie sammeln und wie wir [&hellip;]","og_url":"https:\/\/turschwellenrampe.de\/de\/datenschutzerklaerung\/","og_site_name":"Turschwellenrampe.de","article_publisher":"https:\/\/www.facebook.com\/Drempelhulp\/","article_modified_time":"2024-01-09T14:19:15+00:00","twitter_card":"summary_large_image","twitter_misc":{"Gesch\u00e4tzte Lesezeit":"4\u00a0Minuten"},"schema":{"@context":"https:\/\/schema.org","@graph":[{"@type":"WebPage","@id":"https:\/\/turschwellenrampe.de\/de\/datenschutzerklaerung\/","url":"https:\/\/turschwellenrampe.de\/de\/datenschutzerklaerung\/","name":"Datenschutzerkl\u00e4rung - Turschwellenrampe.de","isPartOf":{"@id":"https:\/\/turschwellenrampe.de\/de\/#website"},"datePublished":"2020-03-31T07:54:58+00:00","dateModified":"2024-01-09T14:19:15+00:00","breadcrumb":{"@id":"https:\/\/turschwellenrampe.de\/de\/datenschutzerklaerung\/#breadcrumb"},"inLanguage":"de","potentialAction":[{"@type":"ReadAction","target":["https:\/\/turschwellenrampe.de\/de\/datenschutzerklaerung\/"]}]},{"@type":"BreadcrumbList","@id":"https:\/\/turschwellenrampe.de\/de\/datenschutzerklaerung\/#breadcrumb","itemListElement":[{"@type":"ListItem","position":1,"name":"Home","item":"https:\/\/turschwellenrampe.de\/de\/"},{"@type":"ListItem","position":2,"name":"Datenschutzerkl\u00e4rung"}]},{"@type":"WebSite","@id":"https:\/\/turschwellenrampe.de\/de\/#website","url":"https:\/\/turschwellenrampe.de\/de\/","name":"Turschwellenrampe.de","description":"De Specialist in Toegankelijkheid","potentialAction":[{"@type":"SearchAction","target":{"@type":"EntryPoint","urlTemplate":"https:\/\/turschwellenrampe.de\/de\/?s={search_term_string}"},"query-input":{"@type":"PropertyValueSpecification","valueRequired":true,"valueName":"search_term_string"}}],"inLanguage":"de"}]}},"_links":{"self":[{"href":"https:\/\/turschwellenrampe.de\/de\/wp-json\/wp\/v2\/pages\/13173","targetHints":{"allow":["GET"]}}],"collection":[{"href":"https:\/\/turschwellenrampe.de\/de\/wp-json\/wp\/v2\/pages"}],"about":[{"href":"https:\/\/turschwellenrampe.de\/de\/wp-json\/wp\/v2\/types\/page"}],"author":[{"embeddable":true,"href":"https:\/\/turschwellenrampe.de\/de\/wp-json\/wp\/v2\/users\/2"}],"replies":[{"embeddable":true,"href":"https:\/\/turschwellenrampe.de\/de\/wp-json\/wp\/v2\/comments?post=13173"}],"version-history":[{"count":0,"href":"https:\/\/turschwellenrampe.de\/de\/wp-json\/wp\/v2\/pages\/13173\/revisions"}],"wp:attachment":[{"href":"https:\/\/turschwellenrampe.de\/de\/wp-json\/wp\/v2\/media?parent=13173"}],"curies":[{"name":"wp","href":"https:\/\/api.w.org\/{rel}","templated":true}]}}