{"id":13169,"date":"2020-03-31T13:45:25","date_gmt":"2020-03-31T11:45:25","guid":{"rendered":"https:\/\/turschwellenrampe.de\/faltbare-rampe-schwellenloesungen\/"},"modified":"2023-05-30T11:44:31","modified_gmt":"2023-05-30T09:44:31","slug":"faltbare-rampe-schwellenloesungen","status":"publish","type":"page","link":"https:\/\/turschwellenrampe.de\/de\/faltbare-rampe-schwellenloesungen\/","title":{"rendered":"Faltbare Rampe &#8211; Schwellenl\u00f6sungen"},"content":{"rendered":"\t\t<div data-elementor-type=\"wp-post\" data-elementor-id=\"13169\" class=\"elementor elementor-13169 elementor-5936\">\n\t\t\t\t\t\t<section class=\"elementor-section elementor-top-section elementor-element elementor-element-01e4acf elementor-section-boxed elementor-section-height-default elementor-section-height-default\" data-id=\"01e4acf\" data-element_type=\"section\" data-e-type=\"section\">\r\n\t\t\r\n\t\t\t\t\t\t\t<div class=\"elementor-container elementor-column-gap-default\">\r\n\t\t\t\t\t\t\t\t\t\t\t<div class=\"elementor-column elementor-col-100 elementor-top-column elementor-element elementor-element-452f503\" data-id=\"452f503\" data-element_type=\"column\" data-e-type=\"column\">\r\n\t\t\t\t\t<div class=\"elementor-widget-wrap elementor-element-populated\">\r\n\t\t\t\t\t\t\t\t<div class=\"elementor-element elementor-element-fb46bf7 elementor-widget elementor-widget-heading\" data-id=\"fb46bf7\" data-element_type=\"widget\" data-e-type=\"widget\" data-widget_type=\"heading.default\">\n\t\t\t\t<div class=\"elementor-widget-container\">\n\t\t\t\t\t<h1 class=\"elementor-heading-title elementor-size-default\">Faltbare Rampe Schwellenl\u00f6sungen<\/h1>\t\t\t\t<\/div>\n\t\t\t\t<\/div>\n\t\t\t\t\t<\/div>\r\n\t\t\t\t<\/div>\r\n\t\t\t\t\t<\/div>\r\n\t\t\t\t<\/section>\r\n\t\t\t\t<section class=\"elementor-section elementor-top-section elementor-element elementor-element-4076f7f elementor-section-boxed elementor-section-height-default elementor-section-height-default\" data-id=\"4076f7f\" data-element_type=\"section\" data-e-type=\"section\">\r\n\t\t\r\n\t\t\t\t\t\t\t<div class=\"elementor-container elementor-column-gap-default\">\r\n\t\t\t\t\t\t\t\t\t\t\t<div class=\"elementor-column elementor-col-50 elementor-top-column elementor-element elementor-element-1e192f4\" data-id=\"1e192f4\" data-element_type=\"column\" data-e-type=\"column\">\r\n\t\t\t\t\t<div class=\"elementor-widget-wrap elementor-element-populated\">\r\n\t\t\t\t\t\t\t\t<div class=\"elementor-element elementor-element-b61d67f elementor-widget elementor-widget-text-editor\" data-id=\"b61d67f\" data-element_type=\"widget\" data-e-type=\"widget\" data-widget_type=\"text-editor.default\">\n\t\t\t\t<div class=\"elementor-widget-container\">\n\t\t\t\t\t\t\t\t\t<p>Diese praktische Klapprampe ist f\u00fcr viele Schwellenl\u00f6sungen geeignet! Diese praktische, faltbare Rampe ist vielseitig einsetzbar! Dank ihrer extrabreiten Ausf\u00fchrung k\u00f6nnen Sie mit Ihrem Mobilit\u00e4tsroller oder Rollstuhl problemlos \u00fcber jede Bordsteinkante oder Schwelle fahren. Das geringe Gewicht und das faltbare Design der Rampe machen sie einfach zu handhaben und zu tragen. Erh\u00f6hte Kanten auf beiden Seiten, um zu verhindern, dass Sie versehentlich neben die Rollstuhlrampe fallen.<\/p>\n<p><a href=\"https:\/\/turschwellenrampe.de\/de\/rollstuhlrampen\/\">Sehen Sie hier unsere faltbaren Rampen<\/a><\/p>\n\t\t\t\t\t\t\t\t<\/div>\n\t\t\t\t<\/div>\n\t\t\t\t\t<\/div>\r\n\t\t\t\t<\/div>\r\n\t\t\t\t<div class=\"elementor-column elementor-col-50 elementor-top-column elementor-element elementor-element-50c14e1\" data-id=\"50c14e1\" data-element_type=\"column\" data-e-type=\"column\">\r\n\t\t\t\t\t<div class=\"elementor-widget-wrap elementor-element-populated\">\r\n\t\t\t\t\t\t\t\t<div class=\"elementor-element elementor-element-033085c elementor-widget elementor-widget-image\" data-id=\"033085c\" data-element_type=\"widget\" data-e-type=\"widget\" data-widget_type=\"image.default\">\n\t\t\t\t<div class=\"elementor-widget-container\">\n\t\t\t\t\t\t\t\t\t\t\t\t\t\t\t<img fetchpriority=\"high\" decoding=\"async\" width=\"498\" height=\"498\" src=\"https:\/\/turschwellenrampe.de\/wp-content\/uploads\/2020\/03\/rolo.jpg\" class=\"attachment-large size-large wp-image-11913\" alt=\"\" srcset=\"https:\/\/turschwellenrampe.de\/wp-content\/uploads\/2020\/03\/rolo.jpg 498w, https:\/\/turschwellenrampe.de\/wp-content\/uploads\/2020\/03\/rolo-400x400.jpg 400w, https:\/\/turschwellenrampe.de\/wp-content\/uploads\/2020\/03\/rolo-367x367.jpg 367w\" sizes=\"(max-width: 498px) 100vw, 498px\" \/>\t\t\t\t\t\t\t\t\t\t\t\t\t\t\t<\/div>\n\t\t\t\t<\/div>\n\t\t\t\t\t<\/div>\r\n\t\t\t\t<\/div>\r\n\t\t\t\t\t<\/div>\r\n\t\t\t\t<\/section>\r\n\t\t\t\t<\/div>\n\t\t","protected":false},"excerpt":{"rendered":"<p>Faltbare Rampe Schwellenl\u00f6sungen Diese praktische Klapprampe ist f\u00fcr viele Schwellenl\u00f6sungen geeignet! Diese praktische, faltbare Rampe ist vielseitig einsetzbar! Dank ihrer extrabreiten Ausf\u00fchrung k\u00f6nnen Sie mit Ihrem Mobilit\u00e4tsroller oder Rollstuhl problemlos \u00fcber jede Bordsteinkante oder Schwelle fahren. Das geringe Gewicht und das faltbare Design der Rampe machen sie einfach zu handhaben und zu tragen. Erh\u00f6hte Kanten [&hellip;]<\/p>\n","protected":false},"author":2,"featured_media":0,"parent":0,"menu_order":0,"comment_status":"closed","ping_status":"closed","template":"","meta":{"footnotes":""},"class_list":["post-13169","page","type-page","status-publish","hentry"],"yoast_head":"<!-- This site is optimized with the Yoast SEO plugin v27.3 - https:\/\/yoast.com\/product\/yoast-seo-wordpress\/ -->\n<title>Faltbare Rampe - Schwellenl\u00f6sungen - Turschwellenrampe.de<\/title>\n<meta name=\"robots\" content=\"index, follow, max-snippet:-1, max-image-preview:large, max-video-preview:-1\" \/>\n<link rel=\"canonical\" href=\"https:\/\/turschwellenrampe.de\/de\/faltbare-rampe-schwellenloesungen\/\" \/>\n<meta property=\"og:locale\" content=\"de_DE\" \/>\n<meta property=\"og:type\" content=\"article\" \/>\n<meta property=\"og:title\" content=\"Faltbare Rampe - Schwellenl\u00f6sungen - Turschwellenrampe.de\" \/>\n<meta property=\"og:description\" content=\"Faltbare Rampe Schwellenl\u00f6sungen Diese praktische Klapprampe ist f\u00fcr viele Schwellenl\u00f6sungen geeignet! Diese praktische, faltbare Rampe ist vielseitig einsetzbar! Dank ihrer extrabreiten Ausf\u00fchrung k\u00f6nnen Sie mit Ihrem Mobilit\u00e4tsroller oder Rollstuhl problemlos \u00fcber jede Bordsteinkante oder Schwelle fahren. Das geringe Gewicht und das faltbare Design der Rampe machen sie einfach zu handhaben und zu tragen. Erh\u00f6hte Kanten [&hellip;]\" \/>\n<meta property=\"og:url\" content=\"https:\/\/turschwellenrampe.de\/de\/faltbare-rampe-schwellenloesungen\/\" \/>\n<meta property=\"og:site_name\" content=\"Turschwellenrampe.de\" \/>\n<meta property=\"article:publisher\" content=\"https:\/\/www.facebook.com\/Drempelhulp\/\" \/>\n<meta property=\"article:modified_time\" content=\"2023-05-30T09:44:31+00:00\" \/>\n<meta property=\"og:image\" content=\"https:\/\/turschwellenrampe.de\/wp-content\/uploads\/2020\/03\/rolo.jpg\" \/>\n<meta name=\"twitter:card\" content=\"summary_large_image\" \/>\n<script type=\"application\/ld+json\" class=\"yoast-schema-graph\">{\"@context\":\"https:\\\/\\\/schema.org\",\"@graph\":[{\"@type\":\"WebPage\",\"@id\":\"https:\\\/\\\/turschwellenrampe.de\\\/de\\\/faltbare-rampe-schwellenloesungen\\\/\",\"url\":\"https:\\\/\\\/turschwellenrampe.de\\\/de\\\/faltbare-rampe-schwellenloesungen\\\/\",\"name\":\"Faltbare Rampe - Schwellenl\u00f6sungen - Turschwellenrampe.de\",\"isPartOf\":{\"@id\":\"https:\\\/\\\/turschwellenrampe.de\\\/de\\\/#website\"},\"primaryImageOfPage\":{\"@id\":\"https:\\\/\\\/turschwellenrampe.de\\\/de\\\/faltbare-rampe-schwellenloesungen\\\/#primaryimage\"},\"image\":{\"@id\":\"https:\\\/\\\/turschwellenrampe.de\\\/de\\\/faltbare-rampe-schwellenloesungen\\\/#primaryimage\"},\"thumbnailUrl\":\"https:\\\/\\\/turschwellenrampe.de\\\/wp-content\\\/uploads\\\/2020\\\/03\\\/rolo.jpg\",\"datePublished\":\"2020-03-31T11:45:25+00:00\",\"dateModified\":\"2023-05-30T09:44:31+00:00\",\"breadcrumb\":{\"@id\":\"https:\\\/\\\/turschwellenrampe.de\\\/de\\\/faltbare-rampe-schwellenloesungen\\\/#breadcrumb\"},\"inLanguage\":\"de\",\"potentialAction\":[{\"@type\":\"ReadAction\",\"target\":[\"https:\\\/\\\/turschwellenrampe.de\\\/de\\\/faltbare-rampe-schwellenloesungen\\\/\"]}]},{\"@type\":\"ImageObject\",\"inLanguage\":\"de\",\"@id\":\"https:\\\/\\\/turschwellenrampe.de\\\/de\\\/faltbare-rampe-schwellenloesungen\\\/#primaryimage\",\"url\":\"https:\\\/\\\/turschwellenrampe.de\\\/wp-content\\\/uploads\\\/2020\\\/03\\\/rolo.jpg\",\"contentUrl\":\"https:\\\/\\\/turschwellenrampe.de\\\/wp-content\\\/uploads\\\/2020\\\/03\\\/rolo.jpg\"},{\"@type\":\"BreadcrumbList\",\"@id\":\"https:\\\/\\\/turschwellenrampe.de\\\/de\\\/faltbare-rampe-schwellenloesungen\\\/#breadcrumb\",\"itemListElement\":[{\"@type\":\"ListItem\",\"position\":1,\"name\":\"Home\",\"item\":\"https:\\\/\\\/turschwellenrampe.de\\\/de\\\/\"},{\"@type\":\"ListItem\",\"position\":2,\"name\":\"Faltbare Rampe &#8211; Schwellenl\u00f6sungen\"}]},{\"@type\":\"WebSite\",\"@id\":\"https:\\\/\\\/turschwellenrampe.de\\\/de\\\/#website\",\"url\":\"https:\\\/\\\/turschwellenrampe.de\\\/de\\\/\",\"name\":\"Turschwellenrampe.de\",\"description\":\"De Specialist in Toegankelijkheid\",\"potentialAction\":[{\"@type\":\"SearchAction\",\"target\":{\"@type\":\"EntryPoint\",\"urlTemplate\":\"https:\\\/\\\/turschwellenrampe.de\\\/de\\\/?s={search_term_string}\"},\"query-input\":{\"@type\":\"PropertyValueSpecification\",\"valueRequired\":true,\"valueName\":\"search_term_string\"}}],\"inLanguage\":\"de\"}]}<\/script>\n<!-- \/ Yoast SEO plugin. -->","yoast_head_json":{"title":"Faltbare Rampe - Schwellenl\u00f6sungen - Turschwellenrampe.de","robots":{"index":"index","follow":"follow","max-snippet":"max-snippet:-1","max-image-preview":"max-image-preview:large","max-video-preview":"max-video-preview:-1"},"canonical":"https:\/\/turschwellenrampe.de\/de\/faltbare-rampe-schwellenloesungen\/","og_locale":"de_DE","og_type":"article","og_title":"Faltbare Rampe - Schwellenl\u00f6sungen - Turschwellenrampe.de","og_description":"Faltbare Rampe Schwellenl\u00f6sungen Diese praktische Klapprampe ist f\u00fcr viele Schwellenl\u00f6sungen geeignet! Diese praktische, faltbare Rampe ist vielseitig einsetzbar! Dank ihrer extrabreiten Ausf\u00fchrung k\u00f6nnen Sie mit Ihrem Mobilit\u00e4tsroller oder Rollstuhl problemlos \u00fcber jede Bordsteinkante oder Schwelle fahren. Das geringe Gewicht und das faltbare Design der Rampe machen sie einfach zu handhaben und zu tragen. Erh\u00f6hte Kanten [&hellip;]","og_url":"https:\/\/turschwellenrampe.de\/de\/faltbare-rampe-schwellenloesungen\/","og_site_name":"Turschwellenrampe.de","article_publisher":"https:\/\/www.facebook.com\/Drempelhulp\/","article_modified_time":"2023-05-30T09:44:31+00:00","og_image":[{"url":"https:\/\/turschwellenrampe.de\/wp-content\/uploads\/2020\/03\/rolo.jpg","type":"","width":"","height":""}],"twitter_card":"summary_large_image","schema":{"@context":"https:\/\/schema.org","@graph":[{"@type":"WebPage","@id":"https:\/\/turschwellenrampe.de\/de\/faltbare-rampe-schwellenloesungen\/","url":"https:\/\/turschwellenrampe.de\/de\/faltbare-rampe-schwellenloesungen\/","name":"Faltbare Rampe - Schwellenl\u00f6sungen - Turschwellenrampe.de","isPartOf":{"@id":"https:\/\/turschwellenrampe.de\/de\/#website"},"primaryImageOfPage":{"@id":"https:\/\/turschwellenrampe.de\/de\/faltbare-rampe-schwellenloesungen\/#primaryimage"},"image":{"@id":"https:\/\/turschwellenrampe.de\/de\/faltbare-rampe-schwellenloesungen\/#primaryimage"},"thumbnailUrl":"https:\/\/turschwellenrampe.de\/wp-content\/uploads\/2020\/03\/rolo.jpg","datePublished":"2020-03-31T11:45:25+00:00","dateModified":"2023-05-30T09:44:31+00:00","breadcrumb":{"@id":"https:\/\/turschwellenrampe.de\/de\/faltbare-rampe-schwellenloesungen\/#breadcrumb"},"inLanguage":"de","potentialAction":[{"@type":"ReadAction","target":["https:\/\/turschwellenrampe.de\/de\/faltbare-rampe-schwellenloesungen\/"]}]},{"@type":"ImageObject","inLanguage":"de","@id":"https:\/\/turschwellenrampe.de\/de\/faltbare-rampe-schwellenloesungen\/#primaryimage","url":"https:\/\/turschwellenrampe.de\/wp-content\/uploads\/2020\/03\/rolo.jpg","contentUrl":"https:\/\/turschwellenrampe.de\/wp-content\/uploads\/2020\/03\/rolo.jpg"},{"@type":"BreadcrumbList","@id":"https:\/\/turschwellenrampe.de\/de\/faltbare-rampe-schwellenloesungen\/#breadcrumb","itemListElement":[{"@type":"ListItem","position":1,"name":"Home","item":"https:\/\/turschwellenrampe.de\/de\/"},{"@type":"ListItem","position":2,"name":"Faltbare Rampe &#8211; Schwellenl\u00f6sungen"}]},{"@type":"WebSite","@id":"https:\/\/turschwellenrampe.de\/de\/#website","url":"https:\/\/turschwellenrampe.de\/de\/","name":"Turschwellenrampe.de","description":"De Specialist in Toegankelijkheid","potentialAction":[{"@type":"SearchAction","target":{"@type":"EntryPoint","urlTemplate":"https:\/\/turschwellenrampe.de\/de\/?s={search_term_string}"},"query-input":{"@type":"PropertyValueSpecification","valueRequired":true,"valueName":"search_term_string"}}],"inLanguage":"de"}]}},"_links":{"self":[{"href":"https:\/\/turschwellenrampe.de\/de\/wp-json\/wp\/v2\/pages\/13169","targetHints":{"allow":["GET"]}}],"collection":[{"href":"https:\/\/turschwellenrampe.de\/de\/wp-json\/wp\/v2\/pages"}],"about":[{"href":"https:\/\/turschwellenrampe.de\/de\/wp-json\/wp\/v2\/types\/page"}],"author":[{"embeddable":true,"href":"https:\/\/turschwellenrampe.de\/de\/wp-json\/wp\/v2\/users\/2"}],"replies":[{"embeddable":true,"href":"https:\/\/turschwellenrampe.de\/de\/wp-json\/wp\/v2\/comments?post=13169"}],"version-history":[{"count":0,"href":"https:\/\/turschwellenrampe.de\/de\/wp-json\/wp\/v2\/pages\/13169\/revisions"}],"wp:attachment":[{"href":"https:\/\/turschwellenrampe.de\/de\/wp-json\/wp\/v2\/media?parent=13169"}],"curies":[{"name":"wp","href":"https:\/\/api.w.org\/{rel}","templated":true}]}}