{"id":13167,"date":"2020-03-27T10:23:03","date_gmt":"2020-03-27T09:23:03","guid":{"rendered":"https:\/\/turschwellenrampe.de\/unser-showroom\/"},"modified":"2024-01-23T15:21:31","modified_gmt":"2024-01-23T14:21:31","slug":"unser-showroom","status":"publish","type":"page","link":"https:\/\/turschwellenrampe.de\/de\/unser-showroom\/","title":{"rendered":"Unser Showroom"},"content":{"rendered":"\t\t<div data-elementor-type=\"wp-post\" data-elementor-id=\"13167\" class=\"elementor elementor-13167 elementor-5772\">\n\t\t\t\t\t\t<section class=\"elementor-section elementor-top-section elementor-element elementor-element-5deb5d7 elementor-section-boxed elementor-section-height-default elementor-section-height-default\" data-id=\"5deb5d7\" data-element_type=\"section\" data-e-type=\"section\">\r\n\t\t\r\n\t\t\t\t\t\t\t<div class=\"elementor-container elementor-column-gap-default\">\r\n\t\t\t\t\t\t\t\t\t\t\t<div class=\"elementor-column elementor-col-50 elementor-top-column elementor-element elementor-element-01c4929\" data-id=\"01c4929\" data-element_type=\"column\" data-e-type=\"column\">\r\n\t\t\t\t\t<div class=\"elementor-widget-wrap elementor-element-populated\">\r\n\t\t\t\t\t\t\t\t<div class=\"elementor-element elementor-element-b89f275 elementor-widget elementor-widget-heading\" data-id=\"b89f275\" data-element_type=\"widget\" data-e-type=\"widget\" data-widget_type=\"heading.default\">\n\t\t\t\t<div class=\"elementor-widget-container\">\n\t\t\t\t\t<h1 class=\"elementor-heading-title elementor-size-default\">Unser Showroom<\/h1>\t\t\t\t<\/div>\n\t\t\t\t<\/div>\n\t\t\t\t<div class=\"elementor-element elementor-element-aafae0c elementor-widget elementor-widget-text-editor\" data-id=\"aafae0c\" data-element_type=\"widget\" data-e-type=\"widget\" data-widget_type=\"text-editor.default\">\n\t\t\t\t<div class=\"elementor-widget-container\">\n\t\t\t\t\t\t\t\t\t<p>Wir von <a href=\"\/\"><strong>Turschwellenrampe.de<\/strong><\/a> verstehen sehr gut, dass Sie ein Gef\u00fchl f\u00fcr das Produkt bekommen m\u00f6chten und dass Sie manchmal eine zus\u00e4tzliche Beratung beim Kauf einer <a href=\"https:\/\/turschwellenrampe.de\/de\/turschwellenrampen\/\"><strong>Schwellenrampe<\/strong><\/a> oder <a href=\"https:\/\/turschwellenrampe.de\/de\/rollstuhlrampen\/\"><strong>Rampe<\/strong><\/a> gebrauchen k\u00f6nnen.\u00a0<\/p><p>Wenn Sie zum ersten Mal nach einer Schwellenrampe suchen, verstehen wir sehr gut, dass all diese verschiedenen Typen und Gr\u00f6\u00dfen zu Verwirrung f\u00fchren k\u00f6nnen. Deshalb haben wir die meisten unserer Produkte hier im Ausstellungsraum, wo Sie sie sehen und ausprobieren k\u00f6nnen, um herauszufinden, welche L\u00f6sung am besten zu Ihnen und Ihrer Situation passt.<\/p><p><br \/>Kontaktieren Sie uns, wir helfen Ihnen gerne bei der Auswahl einer Schwellenrampe, Rollstuhlrampe oder eines unserer anderen Produkte!<\/p><p>Senden Sie eine <a href=\"TEL:\/\/0102420914\">E-Mail<\/a> an: <a href=\"mailto:info@drempelhulp.nl\">info@turschwellenrampe.de<\/a><\/p>\t\t\t\t\t\t\t\t<\/div>\n\t\t\t\t<\/div>\n\t\t\t\t\t<\/div>\r\n\t\t\t\t<\/div>\r\n\t\t\t\t<div class=\"elementor-column elementor-col-50 elementor-top-column elementor-element elementor-element-cae4632\" data-id=\"cae4632\" data-element_type=\"column\" data-e-type=\"column\">\r\n\t\t\t\t\t<div class=\"elementor-widget-wrap elementor-element-populated\">\r\n\t\t\t\t\t\t\t\t<div class=\"elementor-element elementor-element-2e284de elementor-widget elementor-widget-image\" data-id=\"2e284de\" data-element_type=\"widget\" data-e-type=\"widget\" data-widget_type=\"image.default\">\n\t\t\t\t<div class=\"elementor-widget-container\">\n\t\t\t\t\t\t\t\t\t\t\t\t\t\t\t<img fetchpriority=\"high\" decoding=\"async\" width=\"1024\" height=\"683\" src=\"https:\/\/turschwellenrampe.de\/wp-content\/uploads\/2024\/01\/Homercare-Nieuwerkerk-ad-IJssel-28-1-1024x683.jpg\" class=\"attachment-large size-large wp-image-14493\" alt=\"\" srcset=\"https:\/\/turschwellenrampe.de\/wp-content\/uploads\/2024\/01\/Homercare-Nieuwerkerk-ad-IJssel-28-1-1024x683.jpg 1024w, https:\/\/turschwellenrampe.de\/wp-content\/uploads\/2024\/01\/Homercare-Nieuwerkerk-ad-IJssel-28-1-768x512.jpg 768w, https:\/\/turschwellenrampe.de\/wp-content\/uploads\/2024\/01\/Homercare-Nieuwerkerk-ad-IJssel-28-1-640x427.jpg 640w, https:\/\/turschwellenrampe.de\/wp-content\/uploads\/2024\/01\/Homercare-Nieuwerkerk-ad-IJssel-28-1-400x267.jpg 400w, https:\/\/turschwellenrampe.de\/wp-content\/uploads\/2024\/01\/Homercare-Nieuwerkerk-ad-IJssel-28-1-600x400.jpg 600w\" sizes=\"(max-width: 1024px) 100vw, 1024px\" \/>\t\t\t\t\t\t\t\t\t\t\t\t\t\t\t<\/div>\n\t\t\t\t<\/div>\n\t\t\t\t\t<\/div>\r\n\t\t\t\t<\/div>\r\n\t\t\t\t\t<\/div>\r\n\t\t\t\t<\/section>\r\n\t\t\t\t<section class=\"elementor-section elementor-top-section elementor-element elementor-element-b2bbadb elementor-section-boxed elementor-section-height-default elementor-section-height-default\" data-id=\"b2bbadb\" data-element_type=\"section\" data-e-type=\"section\">\r\n\t\t\r\n\t\t\t\t\t\t\t<div class=\"elementor-container elementor-column-gap-default\">\r\n\t\t\t\t\t\t\t\t\t\t\t<div class=\"elementor-column elementor-col-100 elementor-top-column elementor-element elementor-element-171d490\" data-id=\"171d490\" data-element_type=\"column\" data-e-type=\"column\">\r\n\t\t\t\t\t<div class=\"elementor-widget-wrap elementor-element-populated\">\r\n\t\t\t\t\t\t\t\t<div class=\"elementor-element elementor-element-eb890e9 elementor-widget elementor-widget-google_maps\" data-id=\"eb890e9\" data-element_type=\"widget\" data-e-type=\"widget\" data-widget_type=\"google_maps.default\">\n\t\t\t\t<div class=\"elementor-widget-container\">\n\t\t\t\t\t\t\t<div class=\"elementor-custom-embed\">\n\t\t\t<iframe loading=\"lazy\"\n\t\t\t\t\tsrc=\"https:\/\/maps.google.com\/maps?q=steenbakkerij%2016&#038;t=m&#038;z=8&#038;output=embed&#038;iwloc=near\"\n\t\t\t\t\ttitle=\"steenbakkerij 16\"\n\t\t\t\t\taria-label=\"steenbakkerij 16\"\n\t\t\t><\/iframe>\n\t\t<\/div>\n\t\t\t\t\t\t<\/div>\n\t\t\t\t<\/div>\n\t\t\t\t\t<\/div>\r\n\t\t\t\t<\/div>\r\n\t\t\t\t\t<\/div>\r\n\t\t\t\t<\/section>\r\n\t\t\t\t<\/div>\n\t\t","protected":false},"excerpt":{"rendered":"<p>Unser Showroom Wir von Turschwellenrampe.de verstehen sehr gut, dass Sie ein Gef\u00fchl f\u00fcr das Produkt bekommen m\u00f6chten und dass Sie manchmal eine zus\u00e4tzliche Beratung beim Kauf einer Schwellenrampe oder Rampe gebrauchen k\u00f6nnen.\u00a0 Wenn Sie zum ersten Mal nach einer Schwellenrampe suchen, verstehen wir sehr gut, dass all diese verschiedenen Typen und Gr\u00f6\u00dfen zu Verwirrung f\u00fchren [&hellip;]<\/p>\n","protected":false},"author":2,"featured_media":0,"parent":0,"menu_order":0,"comment_status":"closed","ping_status":"closed","template":"","meta":{"footnotes":""},"class_list":["post-13167","page","type-page","status-publish","hentry"],"yoast_head":"<!-- This site is optimized with the Yoast SEO plugin v27.5 - https:\/\/yoast.com\/product\/yoast-seo-wordpress\/ -->\n<title>Unser Showroom - Turschwellenrampe.de<\/title>\n<meta name=\"robots\" content=\"index, follow, max-snippet:-1, max-image-preview:large, max-video-preview:-1\" \/>\n<link rel=\"canonical\" href=\"https:\/\/turschwellenrampe.de\/de\/unser-showroom\/\" \/>\n<meta property=\"og:locale\" content=\"de_DE\" \/>\n<meta property=\"og:type\" content=\"article\" \/>\n<meta property=\"og:title\" content=\"Unser Showroom - Turschwellenrampe.de\" \/>\n<meta property=\"og:description\" content=\"Unser Showroom Wir von Turschwellenrampe.de verstehen sehr gut, dass Sie ein Gef\u00fchl f\u00fcr das Produkt bekommen m\u00f6chten und dass Sie manchmal eine zus\u00e4tzliche Beratung beim Kauf einer Schwellenrampe oder Rampe gebrauchen k\u00f6nnen.\u00a0 Wenn Sie zum ersten Mal nach einer Schwellenrampe suchen, verstehen wir sehr gut, dass all diese verschiedenen Typen und Gr\u00f6\u00dfen zu Verwirrung f\u00fchren [&hellip;]\" \/>\n<meta property=\"og:url\" content=\"https:\/\/turschwellenrampe.de\/de\/unser-showroom\/\" \/>\n<meta property=\"og:site_name\" content=\"Turschwellenrampe.de\" \/>\n<meta property=\"article:publisher\" content=\"https:\/\/www.facebook.com\/Drempelhulp\/\" \/>\n<meta property=\"article:modified_time\" content=\"2024-01-23T14:21:31+00:00\" \/>\n<meta property=\"og:image\" content=\"https:\/\/turschwellenrampe.de\/wp-content\/uploads\/2024\/01\/Homercare-Nieuwerkerk-ad-IJssel-28-1-1024x683.jpg\" \/>\n<meta name=\"twitter:card\" content=\"summary_large_image\" \/>\n<meta name=\"twitter:label1\" content=\"Gesch\u00e4tzte Lesezeit\" \/>\n\t<meta name=\"twitter:data1\" content=\"1\u00a0Minute\" \/>\n<script type=\"application\/ld+json\" class=\"yoast-schema-graph\">{\"@context\":\"https:\\\/\\\/schema.org\",\"@graph\":[{\"@type\":\"WebPage\",\"@id\":\"https:\\\/\\\/turschwellenrampe.de\\\/de\\\/unser-showroom\\\/\",\"url\":\"https:\\\/\\\/turschwellenrampe.de\\\/de\\\/unser-showroom\\\/\",\"name\":\"Unser Showroom - Turschwellenrampe.de\",\"isPartOf\":{\"@id\":\"https:\\\/\\\/turschwellenrampe.de\\\/de\\\/#website\"},\"primaryImageOfPage\":{\"@id\":\"https:\\\/\\\/turschwellenrampe.de\\\/de\\\/unser-showroom\\\/#primaryimage\"},\"image\":{\"@id\":\"https:\\\/\\\/turschwellenrampe.de\\\/de\\\/unser-showroom\\\/#primaryimage\"},\"thumbnailUrl\":\"https:\\\/\\\/turschwellenrampe.de\\\/wp-content\\\/uploads\\\/2024\\\/01\\\/Homercare-Nieuwerkerk-ad-IJssel-28-1-1024x683.jpg\",\"datePublished\":\"2020-03-27T09:23:03+00:00\",\"dateModified\":\"2024-01-23T14:21:31+00:00\",\"breadcrumb\":{\"@id\":\"https:\\\/\\\/turschwellenrampe.de\\\/de\\\/unser-showroom\\\/#breadcrumb\"},\"inLanguage\":\"de\",\"potentialAction\":[{\"@type\":\"ReadAction\",\"target\":[\"https:\\\/\\\/turschwellenrampe.de\\\/de\\\/unser-showroom\\\/\"]}]},{\"@type\":\"ImageObject\",\"inLanguage\":\"de\",\"@id\":\"https:\\\/\\\/turschwellenrampe.de\\\/de\\\/unser-showroom\\\/#primaryimage\",\"url\":\"https:\\\/\\\/turschwellenrampe.de\\\/wp-content\\\/uploads\\\/2024\\\/01\\\/Homercare-Nieuwerkerk-ad-IJssel-28-1-1024x683.jpg\",\"contentUrl\":\"https:\\\/\\\/turschwellenrampe.de\\\/wp-content\\\/uploads\\\/2024\\\/01\\\/Homercare-Nieuwerkerk-ad-IJssel-28-1-1024x683.jpg\"},{\"@type\":\"BreadcrumbList\",\"@id\":\"https:\\\/\\\/turschwellenrampe.de\\\/de\\\/unser-showroom\\\/#breadcrumb\",\"itemListElement\":[{\"@type\":\"ListItem\",\"position\":1,\"name\":\"Home\",\"item\":\"https:\\\/\\\/turschwellenrampe.de\\\/de\\\/\"},{\"@type\":\"ListItem\",\"position\":2,\"name\":\"Unser Showroom\"}]},{\"@type\":\"WebSite\",\"@id\":\"https:\\\/\\\/turschwellenrampe.de\\\/de\\\/#website\",\"url\":\"https:\\\/\\\/turschwellenrampe.de\\\/de\\\/\",\"name\":\"Turschwellenrampe.de\",\"description\":\"De Specialist in Toegankelijkheid\",\"potentialAction\":[{\"@type\":\"SearchAction\",\"target\":{\"@type\":\"EntryPoint\",\"urlTemplate\":\"https:\\\/\\\/turschwellenrampe.de\\\/de\\\/?s={search_term_string}\"},\"query-input\":{\"@type\":\"PropertyValueSpecification\",\"valueRequired\":true,\"valueName\":\"search_term_string\"}}],\"inLanguage\":\"de\"}]}<\/script>\n<!-- \/ Yoast SEO plugin. -->","yoast_head_json":{"title":"Unser Showroom - Turschwellenrampe.de","robots":{"index":"index","follow":"follow","max-snippet":"max-snippet:-1","max-image-preview":"max-image-preview:large","max-video-preview":"max-video-preview:-1"},"canonical":"https:\/\/turschwellenrampe.de\/de\/unser-showroom\/","og_locale":"de_DE","og_type":"article","og_title":"Unser Showroom - Turschwellenrampe.de","og_description":"Unser Showroom Wir von Turschwellenrampe.de verstehen sehr gut, dass Sie ein Gef\u00fchl f\u00fcr das Produkt bekommen m\u00f6chten und dass Sie manchmal eine zus\u00e4tzliche Beratung beim Kauf einer Schwellenrampe oder Rampe gebrauchen k\u00f6nnen.\u00a0 Wenn Sie zum ersten Mal nach einer Schwellenrampe suchen, verstehen wir sehr gut, dass all diese verschiedenen Typen und Gr\u00f6\u00dfen zu Verwirrung f\u00fchren [&hellip;]","og_url":"https:\/\/turschwellenrampe.de\/de\/unser-showroom\/","og_site_name":"Turschwellenrampe.de","article_publisher":"https:\/\/www.facebook.com\/Drempelhulp\/","article_modified_time":"2024-01-23T14:21:31+00:00","og_image":[{"url":"https:\/\/turschwellenrampe.de\/wp-content\/uploads\/2024\/01\/Homercare-Nieuwerkerk-ad-IJssel-28-1-1024x683.jpg","type":"","width":"","height":""}],"twitter_card":"summary_large_image","twitter_misc":{"Gesch\u00e4tzte Lesezeit":"1\u00a0Minute"},"schema":{"@context":"https:\/\/schema.org","@graph":[{"@type":"WebPage","@id":"https:\/\/turschwellenrampe.de\/de\/unser-showroom\/","url":"https:\/\/turschwellenrampe.de\/de\/unser-showroom\/","name":"Unser Showroom - Turschwellenrampe.de","isPartOf":{"@id":"https:\/\/turschwellenrampe.de\/de\/#website"},"primaryImageOfPage":{"@id":"https:\/\/turschwellenrampe.de\/de\/unser-showroom\/#primaryimage"},"image":{"@id":"https:\/\/turschwellenrampe.de\/de\/unser-showroom\/#primaryimage"},"thumbnailUrl":"https:\/\/turschwellenrampe.de\/wp-content\/uploads\/2024\/01\/Homercare-Nieuwerkerk-ad-IJssel-28-1-1024x683.jpg","datePublished":"2020-03-27T09:23:03+00:00","dateModified":"2024-01-23T14:21:31+00:00","breadcrumb":{"@id":"https:\/\/turschwellenrampe.de\/de\/unser-showroom\/#breadcrumb"},"inLanguage":"de","potentialAction":[{"@type":"ReadAction","target":["https:\/\/turschwellenrampe.de\/de\/unser-showroom\/"]}]},{"@type":"ImageObject","inLanguage":"de","@id":"https:\/\/turschwellenrampe.de\/de\/unser-showroom\/#primaryimage","url":"https:\/\/turschwellenrampe.de\/wp-content\/uploads\/2024\/01\/Homercare-Nieuwerkerk-ad-IJssel-28-1-1024x683.jpg","contentUrl":"https:\/\/turschwellenrampe.de\/wp-content\/uploads\/2024\/01\/Homercare-Nieuwerkerk-ad-IJssel-28-1-1024x683.jpg"},{"@type":"BreadcrumbList","@id":"https:\/\/turschwellenrampe.de\/de\/unser-showroom\/#breadcrumb","itemListElement":[{"@type":"ListItem","position":1,"name":"Home","item":"https:\/\/turschwellenrampe.de\/de\/"},{"@type":"ListItem","position":2,"name":"Unser Showroom"}]},{"@type":"WebSite","@id":"https:\/\/turschwellenrampe.de\/de\/#website","url":"https:\/\/turschwellenrampe.de\/de\/","name":"Turschwellenrampe.de","description":"De Specialist in Toegankelijkheid","potentialAction":[{"@type":"SearchAction","target":{"@type":"EntryPoint","urlTemplate":"https:\/\/turschwellenrampe.de\/de\/?s={search_term_string}"},"query-input":{"@type":"PropertyValueSpecification","valueRequired":true,"valueName":"search_term_string"}}],"inLanguage":"de"}]}},"_links":{"self":[{"href":"https:\/\/turschwellenrampe.de\/de\/wp-json\/wp\/v2\/pages\/13167","targetHints":{"allow":["GET"]}}],"collection":[{"href":"https:\/\/turschwellenrampe.de\/de\/wp-json\/wp\/v2\/pages"}],"about":[{"href":"https:\/\/turschwellenrampe.de\/de\/wp-json\/wp\/v2\/types\/page"}],"author":[{"embeddable":true,"href":"https:\/\/turschwellenrampe.de\/de\/wp-json\/wp\/v2\/users\/2"}],"replies":[{"embeddable":true,"href":"https:\/\/turschwellenrampe.de\/de\/wp-json\/wp\/v2\/comments?post=13167"}],"version-history":[{"count":0,"href":"https:\/\/turschwellenrampe.de\/de\/wp-json\/wp\/v2\/pages\/13167\/revisions"}],"wp:attachment":[{"href":"https:\/\/turschwellenrampe.de\/de\/wp-json\/wp\/v2\/media?parent=13167"}],"curies":[{"name":"wp","href":"https:\/\/api.w.org\/{rel}","templated":true}]}}