{"id":13157,"date":"2020-03-27T12:35:33","date_gmt":"2020-03-27T11:35:33","guid":{"rendered":"https:\/\/turschwellenrampe.de\/modulare-rampe\/"},"modified":"2023-05-30T11:39:53","modified_gmt":"2023-05-30T09:39:53","slug":"modulare-rampe","status":"publish","type":"page","link":"https:\/\/turschwellenrampe.de\/de\/modulare-rampe\/","title":{"rendered":"Modulare Rampe"},"content":{"rendered":"\t\t<div data-elementor-type=\"wp-post\" data-elementor-id=\"13157\" class=\"elementor elementor-13157 elementor-5807\">\n\t\t\t\t\t\t<section class=\"elementor-section elementor-top-section elementor-element elementor-element-f78308b elementor-section-boxed elementor-section-height-default elementor-section-height-default\" data-id=\"f78308b\" data-element_type=\"section\" data-e-type=\"section\">\r\n\t\t\r\n\t\t\t\t\t\t\t<div class=\"elementor-container elementor-column-gap-default\">\r\n\t\t\t\t\t\t\t\t\t\t\t<div class=\"elementor-column elementor-col-100 elementor-top-column elementor-element elementor-element-3649e98\" data-id=\"3649e98\" data-element_type=\"column\" data-e-type=\"column\">\r\n\t\t\t\t\t<div class=\"elementor-widget-wrap elementor-element-populated\">\r\n\t\t\t\t\t\t\t\t<div class=\"elementor-element elementor-element-f6e33c6 elementor-widget elementor-widget-heading\" data-id=\"f6e33c6\" data-element_type=\"widget\" data-e-type=\"widget\" data-widget_type=\"heading.default\">\n\t\t\t\t<div class=\"elementor-widget-container\">\n\t\t\t\t\t<h1 class=\"elementor-heading-title elementor-size-default\">Rampe f\u00fcr gr\u00f6\u00dfere H\u00f6hen:<\/h1>\t\t\t\t<\/div>\n\t\t\t\t<\/div>\n\t\t\t\t\t<\/div>\r\n\t\t\t\t<\/div>\r\n\t\t\t\t\t<\/div>\r\n\t\t\t\t<\/section>\r\n\t\t\t\t<section class=\"elementor-section elementor-top-section elementor-element elementor-element-25541dc elementor-section-boxed elementor-section-height-default elementor-section-height-default\" data-id=\"25541dc\" data-element_type=\"section\" data-e-type=\"section\">\r\n\t\t\r\n\t\t\t\t\t\t\t<div class=\"elementor-container elementor-column-gap-default\">\r\n\t\t\t\t\t\t\t\t\t\t\t<div class=\"elementor-column elementor-col-100 elementor-top-column elementor-element elementor-element-253883e\" data-id=\"253883e\" data-element_type=\"column\" data-e-type=\"column\">\r\n\t\t\t\t\t<div class=\"elementor-widget-wrap elementor-element-populated\">\r\n\t\t\t\t\t\t\t\t<div class=\"elementor-element elementor-element-e0bbebc elementor-widget elementor-widget-text-editor\" data-id=\"e0bbebc\" data-element_type=\"widget\" data-e-type=\"widget\" data-widget_type=\"text-editor.default\">\n\t\t\t\t<div class=\"elementor-widget-container\">\n\t\t\t\t\t\t\t\t\t<p>Modulare Rampen bieten eine L\u00f6sung f\u00fcr die \u00dcberbr\u00fcckung gr\u00f6\u00dferer H\u00f6henunterschiede. Mit den Elementen l\u00e4sst sich f\u00fcr fast jede Situation eine passende Rampe in Kombination mit einem sicheren Handlauf erstellen. Wir beraten Sie gerne.<br \/>Das Aluminiumplattensystem ist leicht und dennoch sehr langlebig. Das System bietet immer eine L\u00f6sung, der Preis variiert je nach Ihrer Situation.<\/p>\n<p><b>Preis auf Anfrage.<\/b><\/p>\n<p>Bitte nehmen Sie Kontakt mit uns auf, indem Sie eine <a href=\"mailto:info@drempelhulp.nl\">E-Mail<\/a> senden an: <a href=\"TEL:\/\/0102420914\">info@turschwellenrampe.de<\/a><\/p>\n<p><b>Sehen Sie sich das Video an:<\/b><\/p>\n\t\t\t\t\t\t\t\t<\/div>\n\t\t\t\t<\/div>\n\t\t\t\t<div class=\"elementor-element elementor-element-08c1e2f elementor-widget elementor-widget-video\" data-id=\"08c1e2f\" data-element_type=\"widget\" data-e-type=\"widget\" data-settings=\"{&quot;youtube_url&quot;:&quot;https:\\\/\\\/www.youtube.com\\\/watch?v=c9Z0p2nPiac&quot;,&quot;video_type&quot;:&quot;youtube&quot;,&quot;controls&quot;:&quot;yes&quot;}\" data-widget_type=\"video.default\">\n\t\t\t\t<div class=\"elementor-widget-container\">\n\t\t\t\t\t\t\t<div class=\"elementor-wrapper elementor-open-inline\">\n\t\t\t<div class=\"elementor-video\"><\/div>\t\t<\/div>\n\t\t\t\t\t\t<\/div>\n\t\t\t\t<\/div>\n\t\t\t\t<div class=\"elementor-element elementor-element-5cd8b80 elementor-widget elementor-widget-button\" data-id=\"5cd8b80\" data-element_type=\"widget\" data-e-type=\"widget\" data-widget_type=\"button.default\">\n\t\t\t\t<div class=\"elementor-widget-container\">\n\t\t\t\t\t\t\t\t\t<div class=\"elementor-button-wrapper\">\n\t\t\t\t\t<a class=\"elementor-button elementor-button-link elementor-size-md\" href=\"https:\/\/turschwellenrampe.de\/de\/modulaire-hellingbaan-2\/\">\n\t\t\t\t\t\t<span class=\"elementor-button-content-wrapper\">\n\t\t\t\t\t\t\t\t\t<span class=\"elementor-button-text\">Siehe unser<\/span>\n\t\t\t\t\t<\/span>\n\t\t\t\t\t<\/a>\n\t\t\t\t<\/div>\n\t\t\t\t\t\t\t\t<\/div>\n\t\t\t\t<\/div>\n\t\t\t\t\t<\/div>\r\n\t\t\t\t<\/div>\r\n\t\t\t\t\t<\/div>\r\n\t\t\t\t<\/section>\r\n\t\t\t\t<\/div>\n\t\t","protected":false},"excerpt":{"rendered":"<p>Rampe f\u00fcr gr\u00f6\u00dfere H\u00f6hen: Modulare Rampen bieten eine L\u00f6sung f\u00fcr die \u00dcberbr\u00fcckung gr\u00f6\u00dferer H\u00f6henunterschiede. Mit den Elementen l\u00e4sst sich f\u00fcr fast jede Situation eine passende Rampe in Kombination mit einem sicheren Handlauf erstellen. Wir beraten Sie gerne.Das Aluminiumplattensystem ist leicht und dennoch sehr langlebig. Das System bietet immer eine L\u00f6sung, der Preis variiert je nach [&hellip;]<\/p>\n","protected":false},"author":2,"featured_media":0,"parent":0,"menu_order":0,"comment_status":"closed","ping_status":"closed","template":"","meta":{"footnotes":""},"class_list":["post-13157","page","type-page","status-publish","hentry"],"yoast_head":"<!-- This site is optimized with the Yoast SEO plugin v27.5 - https:\/\/yoast.com\/product\/yoast-seo-wordpress\/ -->\n<title>Modulare Rampe - Turschwellenrampe.de<\/title>\n<meta name=\"robots\" content=\"index, follow, max-snippet:-1, max-image-preview:large, max-video-preview:-1\" \/>\n<link rel=\"canonical\" href=\"https:\/\/turschwellenrampe.de\/de\/modulare-rampe\/\" \/>\n<meta property=\"og:locale\" content=\"de_DE\" \/>\n<meta property=\"og:type\" content=\"article\" \/>\n<meta property=\"og:title\" content=\"Modulare Rampe - Turschwellenrampe.de\" \/>\n<meta property=\"og:description\" content=\"Rampe f\u00fcr gr\u00f6\u00dfere H\u00f6hen: Modulare Rampen bieten eine L\u00f6sung f\u00fcr die \u00dcberbr\u00fcckung gr\u00f6\u00dferer H\u00f6henunterschiede. Mit den Elementen l\u00e4sst sich f\u00fcr fast jede Situation eine passende Rampe in Kombination mit einem sicheren Handlauf erstellen. Wir beraten Sie gerne.Das Aluminiumplattensystem ist leicht und dennoch sehr langlebig. Das System bietet immer eine L\u00f6sung, der Preis variiert je nach [&hellip;]\" \/>\n<meta property=\"og:url\" content=\"https:\/\/turschwellenrampe.de\/de\/modulare-rampe\/\" \/>\n<meta property=\"og:site_name\" content=\"Turschwellenrampe.de\" \/>\n<meta property=\"article:publisher\" content=\"https:\/\/www.facebook.com\/Drempelhulp\/\" \/>\n<meta property=\"article:modified_time\" content=\"2023-05-30T09:39:53+00:00\" \/>\n<meta name=\"twitter:card\" content=\"summary_large_image\" \/>\n<meta name=\"twitter:label1\" content=\"Gesch\u00e4tzte Lesezeit\" \/>\n\t<meta name=\"twitter:data1\" content=\"1\u00a0Minute\" \/>\n<script type=\"application\/ld+json\" class=\"yoast-schema-graph\">{\"@context\":\"https:\\\/\\\/schema.org\",\"@graph\":[{\"@type\":\"WebPage\",\"@id\":\"https:\\\/\\\/turschwellenrampe.de\\\/de\\\/modulare-rampe\\\/\",\"url\":\"https:\\\/\\\/turschwellenrampe.de\\\/de\\\/modulare-rampe\\\/\",\"name\":\"Modulare Rampe - Turschwellenrampe.de\",\"isPartOf\":{\"@id\":\"https:\\\/\\\/turschwellenrampe.de\\\/de\\\/#website\"},\"datePublished\":\"2020-03-27T11:35:33+00:00\",\"dateModified\":\"2023-05-30T09:39:53+00:00\",\"breadcrumb\":{\"@id\":\"https:\\\/\\\/turschwellenrampe.de\\\/de\\\/modulare-rampe\\\/#breadcrumb\"},\"inLanguage\":\"de\",\"potentialAction\":[{\"@type\":\"ReadAction\",\"target\":[\"https:\\\/\\\/turschwellenrampe.de\\\/de\\\/modulare-rampe\\\/\"]}]},{\"@type\":\"BreadcrumbList\",\"@id\":\"https:\\\/\\\/turschwellenrampe.de\\\/de\\\/modulare-rampe\\\/#breadcrumb\",\"itemListElement\":[{\"@type\":\"ListItem\",\"position\":1,\"name\":\"Home\",\"item\":\"https:\\\/\\\/turschwellenrampe.de\\\/de\\\/\"},{\"@type\":\"ListItem\",\"position\":2,\"name\":\"Modulare Rampe\"}]},{\"@type\":\"WebSite\",\"@id\":\"https:\\\/\\\/turschwellenrampe.de\\\/de\\\/#website\",\"url\":\"https:\\\/\\\/turschwellenrampe.de\\\/de\\\/\",\"name\":\"Turschwellenrampe.de\",\"description\":\"De Specialist in Toegankelijkheid\",\"potentialAction\":[{\"@type\":\"SearchAction\",\"target\":{\"@type\":\"EntryPoint\",\"urlTemplate\":\"https:\\\/\\\/turschwellenrampe.de\\\/de\\\/?s={search_term_string}\"},\"query-input\":{\"@type\":\"PropertyValueSpecification\",\"valueRequired\":true,\"valueName\":\"search_term_string\"}}],\"inLanguage\":\"de\"}]}<\/script>\n<!-- \/ Yoast SEO plugin. -->","yoast_head_json":{"title":"Modulare Rampe - Turschwellenrampe.de","robots":{"index":"index","follow":"follow","max-snippet":"max-snippet:-1","max-image-preview":"max-image-preview:large","max-video-preview":"max-video-preview:-1"},"canonical":"https:\/\/turschwellenrampe.de\/de\/modulare-rampe\/","og_locale":"de_DE","og_type":"article","og_title":"Modulare Rampe - Turschwellenrampe.de","og_description":"Rampe f\u00fcr gr\u00f6\u00dfere H\u00f6hen: Modulare Rampen bieten eine L\u00f6sung f\u00fcr die \u00dcberbr\u00fcckung gr\u00f6\u00dferer H\u00f6henunterschiede. Mit den Elementen l\u00e4sst sich f\u00fcr fast jede Situation eine passende Rampe in Kombination mit einem sicheren Handlauf erstellen. Wir beraten Sie gerne.Das Aluminiumplattensystem ist leicht und dennoch sehr langlebig. Das System bietet immer eine L\u00f6sung, der Preis variiert je nach [&hellip;]","og_url":"https:\/\/turschwellenrampe.de\/de\/modulare-rampe\/","og_site_name":"Turschwellenrampe.de","article_publisher":"https:\/\/www.facebook.com\/Drempelhulp\/","article_modified_time":"2023-05-30T09:39:53+00:00","twitter_card":"summary_large_image","twitter_misc":{"Gesch\u00e4tzte Lesezeit":"1\u00a0Minute"},"schema":{"@context":"https:\/\/schema.org","@graph":[{"@type":"WebPage","@id":"https:\/\/turschwellenrampe.de\/de\/modulare-rampe\/","url":"https:\/\/turschwellenrampe.de\/de\/modulare-rampe\/","name":"Modulare Rampe - Turschwellenrampe.de","isPartOf":{"@id":"https:\/\/turschwellenrampe.de\/de\/#website"},"datePublished":"2020-03-27T11:35:33+00:00","dateModified":"2023-05-30T09:39:53+00:00","breadcrumb":{"@id":"https:\/\/turschwellenrampe.de\/de\/modulare-rampe\/#breadcrumb"},"inLanguage":"de","potentialAction":[{"@type":"ReadAction","target":["https:\/\/turschwellenrampe.de\/de\/modulare-rampe\/"]}]},{"@type":"BreadcrumbList","@id":"https:\/\/turschwellenrampe.de\/de\/modulare-rampe\/#breadcrumb","itemListElement":[{"@type":"ListItem","position":1,"name":"Home","item":"https:\/\/turschwellenrampe.de\/de\/"},{"@type":"ListItem","position":2,"name":"Modulare Rampe"}]},{"@type":"WebSite","@id":"https:\/\/turschwellenrampe.de\/de\/#website","url":"https:\/\/turschwellenrampe.de\/de\/","name":"Turschwellenrampe.de","description":"De Specialist in Toegankelijkheid","potentialAction":[{"@type":"SearchAction","target":{"@type":"EntryPoint","urlTemplate":"https:\/\/turschwellenrampe.de\/de\/?s={search_term_string}"},"query-input":{"@type":"PropertyValueSpecification","valueRequired":true,"valueName":"search_term_string"}}],"inLanguage":"de"}]}},"_links":{"self":[{"href":"https:\/\/turschwellenrampe.de\/de\/wp-json\/wp\/v2\/pages\/13157","targetHints":{"allow":["GET"]}}],"collection":[{"href":"https:\/\/turschwellenrampe.de\/de\/wp-json\/wp\/v2\/pages"}],"about":[{"href":"https:\/\/turschwellenrampe.de\/de\/wp-json\/wp\/v2\/types\/page"}],"author":[{"embeddable":true,"href":"https:\/\/turschwellenrampe.de\/de\/wp-json\/wp\/v2\/users\/2"}],"replies":[{"embeddable":true,"href":"https:\/\/turschwellenrampe.de\/de\/wp-json\/wp\/v2\/comments?post=13157"}],"version-history":[{"count":0,"href":"https:\/\/turschwellenrampe.de\/de\/wp-json\/wp\/v2\/pages\/13157\/revisions"}],"wp:attachment":[{"href":"https:\/\/turschwellenrampe.de\/de\/wp-json\/wp\/v2\/media?parent=13157"}],"curies":[{"name":"wp","href":"https:\/\/api.w.org\/{rel}","templated":true}]}}