{"id":13155,"date":"2020-03-26T12:50:40","date_gmt":"2020-03-26T11:50:40","guid":{"rendered":"https:\/\/turschwellenrampe.de\/messen-sie-ihre-eigene-tuerschwellenrampe\/"},"modified":"2023-05-30T11:38:45","modified_gmt":"2023-05-30T09:38:45","slug":"messen-sie-ihre-eigene-tuerschwellenrampe","status":"publish","type":"page","link":"https:\/\/turschwellenrampe.de\/de\/messen-sie-ihre-eigene-tuerschwellenrampe\/","title":{"rendered":"Messen Sie Ihre eigene T\u00fcrschwellenrampe"},"content":{"rendered":"\t\t<div data-elementor-type=\"wp-post\" data-elementor-id=\"13155\" class=\"elementor elementor-13155 elementor-5704\">\n\t\t\t\t\t\t<section class=\"elementor-section elementor-top-section elementor-element elementor-element-82d4ed6 elementor-section-boxed elementor-section-height-default elementor-section-height-default\" data-id=\"82d4ed6\" data-element_type=\"section\" data-e-type=\"section\">\r\n\t\t\r\n\t\t\t\t\t\t\t<div class=\"elementor-container elementor-column-gap-default\">\r\n\t\t\t\t\t\t\t\t\t\t\t<div class=\"elementor-column elementor-col-100 elementor-top-column elementor-element elementor-element-1626b75\" data-id=\"1626b75\" data-element_type=\"column\" data-e-type=\"column\">\r\n\t\t\t\t\t<div class=\"elementor-widget-wrap elementor-element-populated\">\r\n\t\t\t\t\t\t\t\t<div class=\"elementor-element elementor-element-9846921 elementor-widget elementor-widget-heading\" data-id=\"9846921\" data-element_type=\"widget\" data-e-type=\"widget\" data-widget_type=\"heading.default\">\n\t\t\t\t<div class=\"elementor-widget-container\">\n\t\t\t\t\t<h1 class=\"elementor-heading-title elementor-size-default\">Messung einer T\u00fcrschwellenrampe <\/h1>\t\t\t\t<\/div>\n\t\t\t\t<\/div>\n\t\t\t\t\t<\/div>\r\n\t\t\t\t<\/div>\r\n\t\t\t\t\t<\/div>\r\n\t\t\t\t<\/section>\r\n\t\t\t\t<section class=\"elementor-section elementor-top-section elementor-element elementor-element-da49818 elementor-section-boxed elementor-section-height-default elementor-section-height-default\" data-id=\"da49818\" data-element_type=\"section\" data-e-type=\"section\">\r\n\t\t\r\n\t\t\t\t\t\t\t<div class=\"elementor-container elementor-column-gap-default\">\r\n\t\t\t\t\t\t\t\t\t\t\t<div class=\"elementor-column elementor-col-100 elementor-top-column elementor-element elementor-element-57458df\" data-id=\"57458df\" data-element_type=\"column\" data-e-type=\"column\">\r\n\t\t\t\t\t<div class=\"elementor-widget-wrap elementor-element-populated\">\r\n\t\t\t\t\t\t\t\t<div class=\"elementor-element elementor-element-80fda61 elementor-widget elementor-widget-heading\" data-id=\"80fda61\" data-element_type=\"widget\" data-e-type=\"widget\" data-widget_type=\"heading.default\">\n\t\t\t\t<div class=\"elementor-widget-container\">\n\t\t\t\t\t<h2 class=\"elementor-heading-title elementor-size-default\">Messung einer T\u00fcrschwellenrampe<\/h2>\t\t\t\t<\/div>\n\t\t\t\t<\/div>\n\t\t\t\t\t<\/div>\r\n\t\t\t\t<\/div>\r\n\t\t\t\t\t<\/div>\r\n\t\t\t\t<\/section>\r\n\t\t\t\t<section class=\"elementor-section elementor-top-section elementor-element elementor-element-5747df0 elementor-section-boxed elementor-section-height-default elementor-section-height-default\" data-id=\"5747df0\" data-element_type=\"section\" data-e-type=\"section\">\r\n\t\t\r\n\t\t\t\t\t\t\t<div class=\"elementor-container elementor-column-gap-default\">\r\n\t\t\t\t\t\t\t\t\t\t\t<div class=\"elementor-column elementor-col-100 elementor-top-column elementor-element elementor-element-e463ee6\" data-id=\"e463ee6\" data-element_type=\"column\" data-e-type=\"column\">\r\n\t\t\t\t\t<div class=\"elementor-widget-wrap elementor-element-populated\">\r\n\t\t\t\t\t\t\t\t<div class=\"elementor-element elementor-element-4de005f elementor-widget elementor-widget-text-editor\" data-id=\"4de005f\" data-element_type=\"widget\" data-e-type=\"widget\" data-widget_type=\"text-editor.default\">\n\t\t\t\t<div class=\"elementor-widget-container\">\n\t\t\t\t\t\t\t\t\t<p>Jede Standard-Schwellenrampe von Turschwellenrampe.de hat eine Neigung von 1:7 (14,5 %) und weist ein allm\u00e4hliches Ansteigen und Abfallen ohne Pausen dazwischen auf, so dass Sie die T\u00fcrshwellenrampe problemlos in gerader Linie \u00fcberqueren k\u00f6nnen.<\/p>\n<p>F\u00fcr Schwellen mit einer maximalen H\u00f6he von 16,2 cm werden generell Schwellenrampe mit einer Neigung von 1:7 (14,5 %) empfohlen.<\/p>\n\t\t\t\t\t\t\t\t<\/div>\n\t\t\t\t<\/div>\n\t\t\t\t\t<\/div>\r\n\t\t\t\t<\/div>\r\n\t\t\t\t\t<\/div>\r\n\t\t\t\t<\/section>\r\n\t\t\t\t<section class=\"elementor-section elementor-top-section elementor-element elementor-element-834a3c5 elementor-section-boxed elementor-section-height-default elementor-section-height-default\" data-id=\"834a3c5\" data-element_type=\"section\" data-e-type=\"section\">\r\n\t\t\r\n\t\t\t\t\t\t\t<div class=\"elementor-container elementor-column-gap-default\">\r\n\t\t\t\t\t\t\t\t\t\t\t<div class=\"elementor-column elementor-col-100 elementor-top-column elementor-element elementor-element-cf34400\" data-id=\"cf34400\" data-element_type=\"column\" data-e-type=\"column\">\r\n\t\t\t\t\t<div class=\"elementor-widget-wrap elementor-element-populated\">\r\n\t\t\t\t\t\t\t\t<div class=\"elementor-element elementor-element-c960190 elementor-widget elementor-widget-image\" data-id=\"c960190\" data-element_type=\"widget\" data-e-type=\"widget\" data-widget_type=\"image.default\">\n\t\t\t\t<div class=\"elementor-widget-container\">\n\t\t\t\t\t\t\t\t\t\t\t\t\t\t\t<img fetchpriority=\"high\" decoding=\"async\" width=\"637\" height=\"202\" src=\"https:\/\/turschwellenrampe.de\/wp-content\/uploads\/2020\/03\/Picture1.png-drempel-.png\" class=\"attachment-large size-large wp-image-11867\" alt=\"\" srcset=\"https:\/\/turschwellenrampe.de\/wp-content\/uploads\/2020\/03\/Picture1.png-drempel-.png 637w, https:\/\/turschwellenrampe.de\/wp-content\/uploads\/2020\/03\/Picture1.png-drempel--600x190.png 600w, https:\/\/turschwellenrampe.de\/wp-content\/uploads\/2020\/03\/Picture1.png-drempel--400x127.png 400w, https:\/\/turschwellenrampe.de\/wp-content\/uploads\/2020\/03\/Picture1.png-drempel--367x116.png 367w\" sizes=\"(max-width: 637px) 100vw, 637px\" \/>\t\t\t\t\t\t\t\t\t\t\t\t\t\t\t<\/div>\n\t\t\t\t<\/div>\n\t\t\t\t\t<\/div>\r\n\t\t\t\t<\/div>\r\n\t\t\t\t\t<\/div>\r\n\t\t\t\t<\/section>\r\n\t\t\t\t<section class=\"elementor-section elementor-top-section elementor-element elementor-element-6ddd493 elementor-section-boxed elementor-section-height-default elementor-section-height-default\" data-id=\"6ddd493\" data-element_type=\"section\" data-e-type=\"section\">\r\n\t\t\r\n\t\t\t\t\t\t\t<div class=\"elementor-container elementor-column-gap-default\">\r\n\t\t\t\t\t\t\t\t\t\t\t<div class=\"elementor-column elementor-col-100 elementor-top-column elementor-element elementor-element-60a55e3\" data-id=\"60a55e3\" data-element_type=\"column\" data-e-type=\"column\">\r\n\t\t\t\t\t<div class=\"elementor-widget-wrap elementor-element-populated\">\r\n\t\t\t\t\t\t\t\t<div class=\"elementor-element elementor-element-fdcca3e elementor-widget elementor-widget-heading\" data-id=\"fdcca3e\" data-element_type=\"widget\" data-e-type=\"widget\" data-widget_type=\"heading.default\">\n\t\t\t\t<div class=\"elementor-widget-container\">\n\t\t\t\t\t<h2 class=\"elementor-heading-title elementor-size-default\">Festsetzung der T\u00fcrschwellenrampe <\/h2>\t\t\t\t<\/div>\n\t\t\t\t<\/div>\n\t\t\t\t\t<\/div>\r\n\t\t\t\t<\/div>\r\n\t\t\t\t\t<\/div>\r\n\t\t\t\t<\/section>\r\n\t\t\t\t<section class=\"elementor-section elementor-top-section elementor-element elementor-element-d365d49 elementor-section-boxed elementor-section-height-default elementor-section-height-default\" data-id=\"d365d49\" data-element_type=\"section\" data-e-type=\"section\">\r\n\t\t\r\n\t\t\t\t\t\t\t<div class=\"elementor-container elementor-column-gap-default\">\r\n\t\t\t\t\t\t\t\t\t\t\t<div class=\"elementor-column elementor-col-100 elementor-top-column elementor-element elementor-element-080bc84\" data-id=\"080bc84\" data-element_type=\"column\" data-e-type=\"column\">\r\n\t\t\t\t\t<div class=\"elementor-widget-wrap elementor-element-populated\">\r\n\t\t\t\t\t\t\t\t<div class=\"elementor-element elementor-element-ab74dee elementor-widget elementor-widget-text-editor\" data-id=\"ab74dee\" data-element_type=\"widget\" data-e-type=\"widget\" data-widget_type=\"text-editor.default\">\n\t\t\t\t<div class=\"elementor-widget-container\">\n\t\t\t\t\t\t\t\t\t<p>Haben Sie die mitgelieferte Bedienungsanleitung verloren? Oder fragen Sie sich vor dem Kauf einfach, wie Sie die Schwellenrampe anbringen k\u00f6nnen? <a href=\"https:\/\/turschwellenrampe.de\/files\/kit100zonderrampajds.pdf\">Sehen Sie sich hier die Online-Anleitung zur Befestigung an.<\/a><\/p>\n\t\t\t\t\t\t\t\t<\/div>\n\t\t\t\t<\/div>\n\t\t\t\t\t<\/div>\r\n\t\t\t\t<\/div>\r\n\t\t\t\t\t<\/div>\r\n\t\t\t\t<\/section>\r\n\t\t\t\t<section class=\"elementor-section elementor-top-section elementor-element elementor-element-f572c45 elementor-section-boxed elementor-section-height-default elementor-section-height-default\" data-id=\"f572c45\" data-element_type=\"section\" data-e-type=\"section\">\r\n\t\t\r\n\t\t\t\t\t\t\t<div class=\"elementor-container elementor-column-gap-default\">\r\n\t\t\t\t\t\t\t\t\t\t\t<div class=\"elementor-column elementor-col-66 elementor-top-column elementor-element elementor-element-ad7d158\" data-id=\"ad7d158\" data-element_type=\"column\" data-e-type=\"column\">\r\n\t\t\t\t\t<div class=\"elementor-widget-wrap elementor-element-populated\">\r\n\t\t\t\t\t\t\t\t<div class=\"elementor-element elementor-element-0789eb2 elementor-widget elementor-widget-text-editor\" data-id=\"0789eb2\" data-element_type=\"widget\" data-e-type=\"widget\" data-widget_type=\"text-editor.default\">\n\t\t\t\t<div class=\"elementor-widget-container\">\n\t\t\t\t\t\t\t\t\t<p>Hat die Messung geklappt?<\/p>\n\t\t\t\t\t\t\t\t<\/div>\n\t\t\t\t<\/div>\n\t\t\t\t\t<\/div>\r\n\t\t\t\t<\/div>\r\n\t\t\t\t<div class=\"elementor-column elementor-col-33 elementor-top-column elementor-element elementor-element-3d0eb4c\" data-id=\"3d0eb4c\" data-element_type=\"column\" data-e-type=\"column\">\r\n\t\t\t\t\t<div class=\"elementor-widget-wrap elementor-element-populated\">\r\n\t\t\t\t\t\t\t\t<div class=\"elementor-element elementor-element-9d525d4 elementor-widget elementor-widget-button\" data-id=\"9d525d4\" data-element_type=\"widget\" data-e-type=\"widget\" data-widget_type=\"button.default\">\n\t\t\t\t<div class=\"elementor-widget-container\">\n\t\t\t\t\t\t\t\t\t<div class=\"elementor-button-wrapper\">\n\t\t\t\t\t<a class=\"elementor-button elementor-button-link elementor-size-sm\" href=\"https:\/\/turschwellenrampe.de\/kant-en-klare-drempelhulpen\/drempelhulp-modulair\/\">\n\t\t\t\t\t\t<span class=\"elementor-button-content-wrapper\">\n\t\t\t\t\t\t\t\t\t<span class=\"elementor-button-text\">Dann finden Sie hier Ihren Schwellenrampe<\/span>\n\t\t\t\t\t<\/span>\n\t\t\t\t\t<\/a>\n\t\t\t\t<\/div>\n\t\t\t\t\t\t\t\t<\/div>\n\t\t\t\t<\/div>\n\t\t\t\t\t<\/div>\r\n\t\t\t\t<\/div>\r\n\t\t\t\t\t<\/div>\r\n\t\t\t\t<\/section>\r\n\t\t\t\t<\/div>\n\t\t","protected":false},"excerpt":{"rendered":"<p>Messung einer T\u00fcrschwellenrampe Messung einer T\u00fcrschwellenrampe Jede Standard-Schwellenrampe von Turschwellenrampe.de hat eine Neigung von 1:7 (14,5 %) und weist ein allm\u00e4hliches Ansteigen und Abfallen ohne Pausen dazwischen auf, so dass Sie die T\u00fcrshwellenrampe problemlos in gerader Linie \u00fcberqueren k\u00f6nnen. F\u00fcr Schwellen mit einer maximalen H\u00f6he von 16,2 cm werden generell Schwellenrampe mit einer Neigung von [&hellip;]<\/p>\n","protected":false},"author":2,"featured_media":0,"parent":0,"menu_order":0,"comment_status":"closed","ping_status":"closed","template":"","meta":{"footnotes":""},"class_list":["post-13155","page","type-page","status-publish","hentry"],"yoast_head":"<!-- This site is optimized with the Yoast SEO plugin v27.5 - https:\/\/yoast.com\/product\/yoast-seo-wordpress\/ -->\n<title>Messen Sie Ihre eigene T\u00fcrschwellenrampe - Turschwellenrampe.de<\/title>\n<meta name=\"robots\" content=\"index, follow, max-snippet:-1, max-image-preview:large, max-video-preview:-1\" \/>\n<link rel=\"canonical\" href=\"https:\/\/turschwellenrampe.de\/de\/messen-sie-ihre-eigene-tuerschwellenrampe\/\" \/>\n<meta property=\"og:locale\" content=\"de_DE\" \/>\n<meta property=\"og:type\" content=\"article\" \/>\n<meta property=\"og:title\" content=\"Messen Sie Ihre eigene T\u00fcrschwellenrampe - Turschwellenrampe.de\" \/>\n<meta property=\"og:description\" content=\"Messung einer T\u00fcrschwellenrampe Messung einer T\u00fcrschwellenrampe Jede Standard-Schwellenrampe von Turschwellenrampe.de hat eine Neigung von 1:7 (14,5 %) und weist ein allm\u00e4hliches Ansteigen und Abfallen ohne Pausen dazwischen auf, so dass Sie die T\u00fcrshwellenrampe problemlos in gerader Linie \u00fcberqueren k\u00f6nnen. F\u00fcr Schwellen mit einer maximalen H\u00f6he von 16,2 cm werden generell Schwellenrampe mit einer Neigung von [&hellip;]\" \/>\n<meta property=\"og:url\" content=\"https:\/\/turschwellenrampe.de\/de\/messen-sie-ihre-eigene-tuerschwellenrampe\/\" \/>\n<meta property=\"og:site_name\" content=\"Turschwellenrampe.de\" \/>\n<meta property=\"article:publisher\" content=\"https:\/\/www.facebook.com\/Drempelhulp\/\" \/>\n<meta property=\"article:modified_time\" content=\"2023-05-30T09:38:45+00:00\" \/>\n<meta property=\"og:image\" content=\"https:\/\/turschwellenrampe.de\/wp-content\/uploads\/2020\/03\/Picture1.png-drempel-.png\" \/>\n<meta name=\"twitter:card\" content=\"summary_large_image\" \/>\n<meta name=\"twitter:label1\" content=\"Gesch\u00e4tzte Lesezeit\" \/>\n\t<meta name=\"twitter:data1\" content=\"1\u00a0Minute\" \/>\n<script type=\"application\/ld+json\" class=\"yoast-schema-graph\">{\"@context\":\"https:\\\/\\\/schema.org\",\"@graph\":[{\"@type\":\"WebPage\",\"@id\":\"https:\\\/\\\/turschwellenrampe.de\\\/de\\\/messen-sie-ihre-eigene-tuerschwellenrampe\\\/\",\"url\":\"https:\\\/\\\/turschwellenrampe.de\\\/de\\\/messen-sie-ihre-eigene-tuerschwellenrampe\\\/\",\"name\":\"Messen Sie Ihre eigene T\u00fcrschwellenrampe - Turschwellenrampe.de\",\"isPartOf\":{\"@id\":\"https:\\\/\\\/turschwellenrampe.de\\\/de\\\/#website\"},\"primaryImageOfPage\":{\"@id\":\"https:\\\/\\\/turschwellenrampe.de\\\/de\\\/messen-sie-ihre-eigene-tuerschwellenrampe\\\/#primaryimage\"},\"image\":{\"@id\":\"https:\\\/\\\/turschwellenrampe.de\\\/de\\\/messen-sie-ihre-eigene-tuerschwellenrampe\\\/#primaryimage\"},\"thumbnailUrl\":\"https:\\\/\\\/turschwellenrampe.de\\\/wp-content\\\/uploads\\\/2020\\\/03\\\/Picture1.png-drempel-.png\",\"datePublished\":\"2020-03-26T11:50:40+00:00\",\"dateModified\":\"2023-05-30T09:38:45+00:00\",\"breadcrumb\":{\"@id\":\"https:\\\/\\\/turschwellenrampe.de\\\/de\\\/messen-sie-ihre-eigene-tuerschwellenrampe\\\/#breadcrumb\"},\"inLanguage\":\"de\",\"potentialAction\":[{\"@type\":\"ReadAction\",\"target\":[\"https:\\\/\\\/turschwellenrampe.de\\\/de\\\/messen-sie-ihre-eigene-tuerschwellenrampe\\\/\"]}]},{\"@type\":\"ImageObject\",\"inLanguage\":\"de\",\"@id\":\"https:\\\/\\\/turschwellenrampe.de\\\/de\\\/messen-sie-ihre-eigene-tuerschwellenrampe\\\/#primaryimage\",\"url\":\"https:\\\/\\\/turschwellenrampe.de\\\/wp-content\\\/uploads\\\/2020\\\/03\\\/Picture1.png-drempel-.png\",\"contentUrl\":\"https:\\\/\\\/turschwellenrampe.de\\\/wp-content\\\/uploads\\\/2020\\\/03\\\/Picture1.png-drempel-.png\"},{\"@type\":\"BreadcrumbList\",\"@id\":\"https:\\\/\\\/turschwellenrampe.de\\\/de\\\/messen-sie-ihre-eigene-tuerschwellenrampe\\\/#breadcrumb\",\"itemListElement\":[{\"@type\":\"ListItem\",\"position\":1,\"name\":\"Home\",\"item\":\"https:\\\/\\\/turschwellenrampe.de\\\/de\\\/\"},{\"@type\":\"ListItem\",\"position\":2,\"name\":\"Messen Sie Ihre eigene T\u00fcrschwellenrampe\"}]},{\"@type\":\"WebSite\",\"@id\":\"https:\\\/\\\/turschwellenrampe.de\\\/de\\\/#website\",\"url\":\"https:\\\/\\\/turschwellenrampe.de\\\/de\\\/\",\"name\":\"Turschwellenrampe.de\",\"description\":\"De Specialist in Toegankelijkheid\",\"potentialAction\":[{\"@type\":\"SearchAction\",\"target\":{\"@type\":\"EntryPoint\",\"urlTemplate\":\"https:\\\/\\\/turschwellenrampe.de\\\/de\\\/?s={search_term_string}\"},\"query-input\":{\"@type\":\"PropertyValueSpecification\",\"valueRequired\":true,\"valueName\":\"search_term_string\"}}],\"inLanguage\":\"de\"}]}<\/script>\n<!-- \/ Yoast SEO plugin. -->","yoast_head_json":{"title":"Messen Sie Ihre eigene T\u00fcrschwellenrampe - Turschwellenrampe.de","robots":{"index":"index","follow":"follow","max-snippet":"max-snippet:-1","max-image-preview":"max-image-preview:large","max-video-preview":"max-video-preview:-1"},"canonical":"https:\/\/turschwellenrampe.de\/de\/messen-sie-ihre-eigene-tuerschwellenrampe\/","og_locale":"de_DE","og_type":"article","og_title":"Messen Sie Ihre eigene T\u00fcrschwellenrampe - Turschwellenrampe.de","og_description":"Messung einer T\u00fcrschwellenrampe Messung einer T\u00fcrschwellenrampe Jede Standard-Schwellenrampe von Turschwellenrampe.de hat eine Neigung von 1:7 (14,5 %) und weist ein allm\u00e4hliches Ansteigen und Abfallen ohne Pausen dazwischen auf, so dass Sie die T\u00fcrshwellenrampe problemlos in gerader Linie \u00fcberqueren k\u00f6nnen. F\u00fcr Schwellen mit einer maximalen H\u00f6he von 16,2 cm werden generell Schwellenrampe mit einer Neigung von [&hellip;]","og_url":"https:\/\/turschwellenrampe.de\/de\/messen-sie-ihre-eigene-tuerschwellenrampe\/","og_site_name":"Turschwellenrampe.de","article_publisher":"https:\/\/www.facebook.com\/Drempelhulp\/","article_modified_time":"2023-05-30T09:38:45+00:00","og_image":[{"url":"https:\/\/turschwellenrampe.de\/wp-content\/uploads\/2020\/03\/Picture1.png-drempel-.png","type":"","width":"","height":""}],"twitter_card":"summary_large_image","twitter_misc":{"Gesch\u00e4tzte Lesezeit":"1\u00a0Minute"},"schema":{"@context":"https:\/\/schema.org","@graph":[{"@type":"WebPage","@id":"https:\/\/turschwellenrampe.de\/de\/messen-sie-ihre-eigene-tuerschwellenrampe\/","url":"https:\/\/turschwellenrampe.de\/de\/messen-sie-ihre-eigene-tuerschwellenrampe\/","name":"Messen Sie Ihre eigene T\u00fcrschwellenrampe - Turschwellenrampe.de","isPartOf":{"@id":"https:\/\/turschwellenrampe.de\/de\/#website"},"primaryImageOfPage":{"@id":"https:\/\/turschwellenrampe.de\/de\/messen-sie-ihre-eigene-tuerschwellenrampe\/#primaryimage"},"image":{"@id":"https:\/\/turschwellenrampe.de\/de\/messen-sie-ihre-eigene-tuerschwellenrampe\/#primaryimage"},"thumbnailUrl":"https:\/\/turschwellenrampe.de\/wp-content\/uploads\/2020\/03\/Picture1.png-drempel-.png","datePublished":"2020-03-26T11:50:40+00:00","dateModified":"2023-05-30T09:38:45+00:00","breadcrumb":{"@id":"https:\/\/turschwellenrampe.de\/de\/messen-sie-ihre-eigene-tuerschwellenrampe\/#breadcrumb"},"inLanguage":"de","potentialAction":[{"@type":"ReadAction","target":["https:\/\/turschwellenrampe.de\/de\/messen-sie-ihre-eigene-tuerschwellenrampe\/"]}]},{"@type":"ImageObject","inLanguage":"de","@id":"https:\/\/turschwellenrampe.de\/de\/messen-sie-ihre-eigene-tuerschwellenrampe\/#primaryimage","url":"https:\/\/turschwellenrampe.de\/wp-content\/uploads\/2020\/03\/Picture1.png-drempel-.png","contentUrl":"https:\/\/turschwellenrampe.de\/wp-content\/uploads\/2020\/03\/Picture1.png-drempel-.png"},{"@type":"BreadcrumbList","@id":"https:\/\/turschwellenrampe.de\/de\/messen-sie-ihre-eigene-tuerschwellenrampe\/#breadcrumb","itemListElement":[{"@type":"ListItem","position":1,"name":"Home","item":"https:\/\/turschwellenrampe.de\/de\/"},{"@type":"ListItem","position":2,"name":"Messen Sie Ihre eigene T\u00fcrschwellenrampe"}]},{"@type":"WebSite","@id":"https:\/\/turschwellenrampe.de\/de\/#website","url":"https:\/\/turschwellenrampe.de\/de\/","name":"Turschwellenrampe.de","description":"De Specialist in Toegankelijkheid","potentialAction":[{"@type":"SearchAction","target":{"@type":"EntryPoint","urlTemplate":"https:\/\/turschwellenrampe.de\/de\/?s={search_term_string}"},"query-input":{"@type":"PropertyValueSpecification","valueRequired":true,"valueName":"search_term_string"}}],"inLanguage":"de"}]}},"_links":{"self":[{"href":"https:\/\/turschwellenrampe.de\/de\/wp-json\/wp\/v2\/pages\/13155","targetHints":{"allow":["GET"]}}],"collection":[{"href":"https:\/\/turschwellenrampe.de\/de\/wp-json\/wp\/v2\/pages"}],"about":[{"href":"https:\/\/turschwellenrampe.de\/de\/wp-json\/wp\/v2\/types\/page"}],"author":[{"embeddable":true,"href":"https:\/\/turschwellenrampe.de\/de\/wp-json\/wp\/v2\/users\/2"}],"replies":[{"embeddable":true,"href":"https:\/\/turschwellenrampe.de\/de\/wp-json\/wp\/v2\/comments?post=13155"}],"version-history":[{"count":0,"href":"https:\/\/turschwellenrampe.de\/de\/wp-json\/wp\/v2\/pages\/13155\/revisions"}],"wp:attachment":[{"href":"https:\/\/turschwellenrampe.de\/de\/wp-json\/wp\/v2\/media?parent=13155"}],"curies":[{"name":"wp","href":"https:\/\/api.w.org\/{rel}","templated":true}]}}