{"id":13154,"date":"2020-03-31T10:04:13","date_gmt":"2020-03-31T08:04:13","guid":{"rendered":"https:\/\/turschwellenrampe.de\/beschwerdeverfahren\/"},"modified":"2024-01-09T15:27:26","modified_gmt":"2024-01-09T14:27:26","slug":"beschwerdeverfahren","status":"publish","type":"page","link":"https:\/\/turschwellenrampe.de\/de\/beschwerdeverfahren\/","title":{"rendered":"Beschwerdeverfahren"},"content":{"rendered":"\t\t<div data-elementor-type=\"wp-post\" data-elementor-id=\"13154\" class=\"elementor elementor-13154 elementor-5915\">\n\t\t\t\t\t\t<section class=\"elementor-section elementor-top-section elementor-element elementor-element-258be48 elementor-section-boxed elementor-section-height-default elementor-section-height-default\" data-id=\"258be48\" data-element_type=\"section\" data-e-type=\"section\">\r\n\t\t\r\n\t\t\t\t\t\t\t<div class=\"elementor-container elementor-column-gap-default\">\r\n\t\t\t\t\t\t\t\t\t\t\t<div class=\"elementor-column elementor-col-100 elementor-top-column elementor-element elementor-element-27b019f\" data-id=\"27b019f\" data-element_type=\"column\" data-e-type=\"column\">\r\n\t\t\t\t\t<div class=\"elementor-widget-wrap elementor-element-populated\">\r\n\t\t\t\t\t\t\t\t<div class=\"elementor-element elementor-element-2e744c5 elementor-widget elementor-widget-heading\" data-id=\"2e744c5\" data-element_type=\"widget\" data-e-type=\"widget\" data-widget_type=\"heading.default\">\n\t\t\t\t<div class=\"elementor-widget-container\">\n\t\t\t\t\t<h1 class=\"elementor-heading-title elementor-size-default\">Beschwerdeverfahren<\/h1>\t\t\t\t<\/div>\n\t\t\t\t<\/div>\n\t\t\t\t\t<\/div>\r\n\t\t\t\t<\/div>\r\n\t\t\t\t\t<\/div>\r\n\t\t\t\t<\/section>\r\n\t\t\t\t<section class=\"elementor-section elementor-top-section elementor-element elementor-element-847a971 elementor-section-boxed elementor-section-height-default elementor-section-height-default\" data-id=\"847a971\" data-element_type=\"section\" data-e-type=\"section\">\r\n\t\t\r\n\t\t\t\t\t\t\t<div class=\"elementor-container elementor-column-gap-default\">\r\n\t\t\t\t\t\t\t\t\t\t\t<div class=\"elementor-column elementor-col-100 elementor-top-column elementor-element elementor-element-6a46738\" data-id=\"6a46738\" data-element_type=\"column\" data-e-type=\"column\">\r\n\t\t\t\t\t<div class=\"elementor-widget-wrap elementor-element-populated\">\r\n\t\t\t\t\t\t\t\t<div class=\"elementor-element elementor-element-2100819 elementor-widget elementor-widget-heading\" data-id=\"2100819\" data-element_type=\"widget\" data-e-type=\"widget\" data-widget_type=\"heading.default\">\n\t\t\t\t<div class=\"elementor-widget-container\">\n\t\t\t\t\t<h2 class=\"elementor-heading-title elementor-size-default\">Beschwerden melden:<\/h2>\t\t\t\t<\/div>\n\t\t\t\t<\/div>\n\t\t\t\t\t<\/div>\r\n\t\t\t\t<\/div>\r\n\t\t\t\t\t<\/div>\r\n\t\t\t\t<\/section>\r\n\t\t\t\t<section class=\"elementor-section elementor-top-section elementor-element elementor-element-c237851 elementor-section-boxed elementor-section-height-default elementor-section-height-default\" data-id=\"c237851\" data-element_type=\"section\" data-e-type=\"section\">\r\n\t\t\r\n\t\t\t\t\t\t\t<div class=\"elementor-container elementor-column-gap-default\">\r\n\t\t\t\t\t\t\t\t\t\t\t<div class=\"elementor-column elementor-col-100 elementor-top-column elementor-element elementor-element-87478cc\" data-id=\"87478cc\" data-element_type=\"column\" data-e-type=\"column\">\r\n\t\t\t\t\t<div class=\"elementor-widget-wrap elementor-element-populated\">\r\n\t\t\t\t\t\t\t\t<div class=\"elementor-element elementor-element-f4c9616 elementor-widget elementor-widget-text-editor\" data-id=\"f4c9616\" data-element_type=\"widget\" data-e-type=\"widget\" data-widget_type=\"text-editor.default\">\n\t\t\t\t<div class=\"elementor-widget-container\">\n\t\t\t\t\t\t\t\t\t<p>Wir empfehlen Ihnen, Beschwerden zun\u00e4chst per E-Mail an <a href=\"mailto:info@drempelhulp.nl\">info@turschwellenrampe<\/a>.de zu richten. F\u00fchrt dies nicht zu einer L\u00f6sung, besteht die M\u00f6glichkeit, Ihren Streitfall zur Schlichtung bei der <a href=\"https:\/\/www.webwinkelkeur.nl\/consument\/geschil\/\">Stichting WebwinkelKeur<\/a> anzumelden.<\/p>\n<p>Ab dem 15. Februar 2016 k\u00f6nnen Verbraucher in der EU Beschwerden auch \u00fcber die OS-Plattform der Europ\u00e4ischen Kommission einreichen. Diese ODR-Plattform ist zu finden unter <a href=\"http:\/\/ec.europa.eu\/odr\">http:\/\/ec.europa.eu\/odr<\/a>.<\/p>\n<p>Wenn Ihre Beschwerde nicht bereits anderweitig bearbeitet wird, k\u00f6nnen Sie Ihre Beschwerde \u00fcber die Plattform der Europ\u00e4ischen Union einreichen.<\/p>\n\t\t\t\t\t\t\t\t<\/div>\n\t\t\t\t<\/div>\n\t\t\t\t\t<\/div>\r\n\t\t\t\t<\/div>\r\n\t\t\t\t\t<\/div>\r\n\t\t\t\t<\/section>\r\n\t\t\t\t<\/div>\n\t\t","protected":false},"excerpt":{"rendered":"<p>Beschwerdeverfahren Beschwerden melden: Wir empfehlen Ihnen, Beschwerden zun\u00e4chst per E-Mail an info@turschwellenrampe.de zu richten. F\u00fchrt dies nicht zu einer L\u00f6sung, besteht die M\u00f6glichkeit, Ihren Streitfall zur Schlichtung bei der Stichting WebwinkelKeur anzumelden. Ab dem 15. Februar 2016 k\u00f6nnen Verbraucher in der EU Beschwerden auch \u00fcber die OS-Plattform der Europ\u00e4ischen Kommission einreichen. Diese ODR-Plattform ist zu [&hellip;]<\/p>\n","protected":false},"author":2,"featured_media":0,"parent":0,"menu_order":0,"comment_status":"closed","ping_status":"closed","template":"","meta":{"footnotes":""},"class_list":["post-13154","page","type-page","status-publish","hentry"],"yoast_head":"<!-- This site is optimized with the Yoast SEO plugin v27.5 - https:\/\/yoast.com\/product\/yoast-seo-wordpress\/ -->\n<title>Beschwerdeverfahren - Turschwellenrampe.de<\/title>\n<meta name=\"robots\" content=\"index, follow, max-snippet:-1, max-image-preview:large, max-video-preview:-1\" \/>\n<link rel=\"canonical\" href=\"https:\/\/turschwellenrampe.de\/de\/beschwerdeverfahren\/\" \/>\n<meta property=\"og:locale\" content=\"de_DE\" \/>\n<meta property=\"og:type\" content=\"article\" \/>\n<meta property=\"og:title\" content=\"Beschwerdeverfahren - Turschwellenrampe.de\" \/>\n<meta property=\"og:description\" content=\"Beschwerdeverfahren Beschwerden melden: Wir empfehlen Ihnen, Beschwerden zun\u00e4chst per E-Mail an info@turschwellenrampe.de zu richten. F\u00fchrt dies nicht zu einer L\u00f6sung, besteht die M\u00f6glichkeit, Ihren Streitfall zur Schlichtung bei der Stichting WebwinkelKeur anzumelden. Ab dem 15. Februar 2016 k\u00f6nnen Verbraucher in der EU Beschwerden auch \u00fcber die OS-Plattform der Europ\u00e4ischen Kommission einreichen. Diese ODR-Plattform ist zu [&hellip;]\" \/>\n<meta property=\"og:url\" content=\"https:\/\/turschwellenrampe.de\/de\/beschwerdeverfahren\/\" \/>\n<meta property=\"og:site_name\" content=\"Turschwellenrampe.de\" \/>\n<meta property=\"article:publisher\" content=\"https:\/\/www.facebook.com\/Drempelhulp\/\" \/>\n<meta property=\"article:modified_time\" content=\"2024-01-09T14:27:26+00:00\" \/>\n<meta name=\"twitter:card\" content=\"summary_large_image\" \/>\n<meta name=\"twitter:label1\" content=\"Gesch\u00e4tzte Lesezeit\" \/>\n\t<meta name=\"twitter:data1\" content=\"1\u00a0Minute\" \/>\n<script type=\"application\/ld+json\" class=\"yoast-schema-graph\">{\"@context\":\"https:\\\/\\\/schema.org\",\"@graph\":[{\"@type\":\"WebPage\",\"@id\":\"https:\\\/\\\/turschwellenrampe.de\\\/de\\\/beschwerdeverfahren\\\/\",\"url\":\"https:\\\/\\\/turschwellenrampe.de\\\/de\\\/beschwerdeverfahren\\\/\",\"name\":\"Beschwerdeverfahren - Turschwellenrampe.de\",\"isPartOf\":{\"@id\":\"https:\\\/\\\/turschwellenrampe.de\\\/de\\\/#website\"},\"datePublished\":\"2020-03-31T08:04:13+00:00\",\"dateModified\":\"2024-01-09T14:27:26+00:00\",\"breadcrumb\":{\"@id\":\"https:\\\/\\\/turschwellenrampe.de\\\/de\\\/beschwerdeverfahren\\\/#breadcrumb\"},\"inLanguage\":\"de\",\"potentialAction\":[{\"@type\":\"ReadAction\",\"target\":[\"https:\\\/\\\/turschwellenrampe.de\\\/de\\\/beschwerdeverfahren\\\/\"]}]},{\"@type\":\"BreadcrumbList\",\"@id\":\"https:\\\/\\\/turschwellenrampe.de\\\/de\\\/beschwerdeverfahren\\\/#breadcrumb\",\"itemListElement\":[{\"@type\":\"ListItem\",\"position\":1,\"name\":\"Home\",\"item\":\"https:\\\/\\\/turschwellenrampe.de\\\/de\\\/\"},{\"@type\":\"ListItem\",\"position\":2,\"name\":\"Beschwerdeverfahren\"}]},{\"@type\":\"WebSite\",\"@id\":\"https:\\\/\\\/turschwellenrampe.de\\\/de\\\/#website\",\"url\":\"https:\\\/\\\/turschwellenrampe.de\\\/de\\\/\",\"name\":\"Turschwellenrampe.de\",\"description\":\"De Specialist in Toegankelijkheid\",\"potentialAction\":[{\"@type\":\"SearchAction\",\"target\":{\"@type\":\"EntryPoint\",\"urlTemplate\":\"https:\\\/\\\/turschwellenrampe.de\\\/de\\\/?s={search_term_string}\"},\"query-input\":{\"@type\":\"PropertyValueSpecification\",\"valueRequired\":true,\"valueName\":\"search_term_string\"}}],\"inLanguage\":\"de\"}]}<\/script>\n<!-- \/ Yoast SEO plugin. -->","yoast_head_json":{"title":"Beschwerdeverfahren - Turschwellenrampe.de","robots":{"index":"index","follow":"follow","max-snippet":"max-snippet:-1","max-image-preview":"max-image-preview:large","max-video-preview":"max-video-preview:-1"},"canonical":"https:\/\/turschwellenrampe.de\/de\/beschwerdeverfahren\/","og_locale":"de_DE","og_type":"article","og_title":"Beschwerdeverfahren - Turschwellenrampe.de","og_description":"Beschwerdeverfahren Beschwerden melden: Wir empfehlen Ihnen, Beschwerden zun\u00e4chst per E-Mail an info@turschwellenrampe.de zu richten. F\u00fchrt dies nicht zu einer L\u00f6sung, besteht die M\u00f6glichkeit, Ihren Streitfall zur Schlichtung bei der Stichting WebwinkelKeur anzumelden. Ab dem 15. Februar 2016 k\u00f6nnen Verbraucher in der EU Beschwerden auch \u00fcber die OS-Plattform der Europ\u00e4ischen Kommission einreichen. Diese ODR-Plattform ist zu [&hellip;]","og_url":"https:\/\/turschwellenrampe.de\/de\/beschwerdeverfahren\/","og_site_name":"Turschwellenrampe.de","article_publisher":"https:\/\/www.facebook.com\/Drempelhulp\/","article_modified_time":"2024-01-09T14:27:26+00:00","twitter_card":"summary_large_image","twitter_misc":{"Gesch\u00e4tzte Lesezeit":"1\u00a0Minute"},"schema":{"@context":"https:\/\/schema.org","@graph":[{"@type":"WebPage","@id":"https:\/\/turschwellenrampe.de\/de\/beschwerdeverfahren\/","url":"https:\/\/turschwellenrampe.de\/de\/beschwerdeverfahren\/","name":"Beschwerdeverfahren - Turschwellenrampe.de","isPartOf":{"@id":"https:\/\/turschwellenrampe.de\/de\/#website"},"datePublished":"2020-03-31T08:04:13+00:00","dateModified":"2024-01-09T14:27:26+00:00","breadcrumb":{"@id":"https:\/\/turschwellenrampe.de\/de\/beschwerdeverfahren\/#breadcrumb"},"inLanguage":"de","potentialAction":[{"@type":"ReadAction","target":["https:\/\/turschwellenrampe.de\/de\/beschwerdeverfahren\/"]}]},{"@type":"BreadcrumbList","@id":"https:\/\/turschwellenrampe.de\/de\/beschwerdeverfahren\/#breadcrumb","itemListElement":[{"@type":"ListItem","position":1,"name":"Home","item":"https:\/\/turschwellenrampe.de\/de\/"},{"@type":"ListItem","position":2,"name":"Beschwerdeverfahren"}]},{"@type":"WebSite","@id":"https:\/\/turschwellenrampe.de\/de\/#website","url":"https:\/\/turschwellenrampe.de\/de\/","name":"Turschwellenrampe.de","description":"De Specialist in Toegankelijkheid","potentialAction":[{"@type":"SearchAction","target":{"@type":"EntryPoint","urlTemplate":"https:\/\/turschwellenrampe.de\/de\/?s={search_term_string}"},"query-input":{"@type":"PropertyValueSpecification","valueRequired":true,"valueName":"search_term_string"}}],"inLanguage":"de"}]}},"_links":{"self":[{"href":"https:\/\/turschwellenrampe.de\/de\/wp-json\/wp\/v2\/pages\/13154","targetHints":{"allow":["GET"]}}],"collection":[{"href":"https:\/\/turschwellenrampe.de\/de\/wp-json\/wp\/v2\/pages"}],"about":[{"href":"https:\/\/turschwellenrampe.de\/de\/wp-json\/wp\/v2\/types\/page"}],"author":[{"embeddable":true,"href":"https:\/\/turschwellenrampe.de\/de\/wp-json\/wp\/v2\/users\/2"}],"replies":[{"embeddable":true,"href":"https:\/\/turschwellenrampe.de\/de\/wp-json\/wp\/v2\/comments?post=13154"}],"version-history":[{"count":0,"href":"https:\/\/turschwellenrampe.de\/de\/wp-json\/wp\/v2\/pages\/13154\/revisions"}],"wp:attachment":[{"href":"https:\/\/turschwellenrampe.de\/de\/wp-json\/wp\/v2\/media?parent=13154"}],"curies":[{"name":"wp","href":"https:\/\/api.w.org\/{rel}","templated":true}]}}