{"id":13147,"date":"2020-04-14T08:41:53","date_gmt":"2020-04-14T06:41:53","guid":{"rendered":"https:\/\/turschwellenrampe.de\/hoehe-der-galerie\/"},"modified":"2023-02-13T15:34:28","modified_gmt":"2023-02-13T14:34:28","slug":"hoehe-der-galerie","status":"publish","type":"page","link":"https:\/\/turschwellenrampe.de\/de\/hoehe-der-galerie\/","title":{"rendered":"H\u00f6he der Galerie"},"content":{"rendered":"\n<figure class=\"wp-block-image size-large\"><img fetchpriority=\"high\" decoding=\"async\" width=\"251\" height=\"411\" src=\"https:\/\/turschwellenrampe.de\/wp-content\/uploads\/2020\/04\/image.png\" alt=\"\" class=\"wp-image-11959\"\/><\/figure>\n\n<p>Machen Sie Ihr\nWohnung optimal zug\u00e4nglich f\u00fcr Bewohner und Besucher mit einem Rollstuhl oder\nWalker. Ein Balkon oder eine Empore bietet den Bewohnern einen Ausblick,\nBesuchern, \u00e4lteren Menschen und Behinderten die M\u00f6glichkeit zu geben, wieder v\u00f6llig frei zu leben\ndas Leben in und um ihre H\u00e4user. <\/p>\n\n<p><a href=\"https:\/\/turschwellenrampe.de\/kant-en-klare-drempelhulpen\/\">Unsere Produkte<\/a><\/p>\n","protected":false},"excerpt":{"rendered":"<p>Machen Sie Ihr Wohnung optimal zug\u00e4nglich f\u00fcr Bewohner und Besucher mit einem Rollstuhl oder Walker. Ein Balkon oder eine Empore bietet den Bewohnern einen Ausblick, Besuchern, \u00e4lteren Menschen und Behinderten die M\u00f6glichkeit zu geben, wieder v\u00f6llig frei zu leben das Leben in und um ihre H\u00e4user. Unsere Produkte<\/p>\n","protected":false},"author":2,"featured_media":0,"parent":0,"menu_order":0,"comment_status":"closed","ping_status":"closed","template":"","meta":{"footnotes":""},"class_list":["post-13147","page","type-page","status-publish","hentry"],"yoast_head":"<!-- This site is optimized with the Yoast SEO plugin v27.5 - https:\/\/yoast.com\/product\/yoast-seo-wordpress\/ -->\n<title>Galerie Aufst\u00e4nderung Kunststoff-Module<\/title>\n<meta name=\"description\" content=\"Mit diesen Kunststoffmodulen zur Galerieerh\u00f6hung kann eine ganze Galerie f\u00fcr alle Bewohner leicht zug\u00e4nglich gemacht werden.\" \/>\n<meta name=\"robots\" content=\"index, follow, max-snippet:-1, max-image-preview:large, max-video-preview:-1\" \/>\n<link rel=\"canonical\" href=\"https:\/\/turschwellenrampe.de\/de\/hoehe-der-galerie\/\" \/>\n<meta property=\"og:locale\" content=\"de_DE\" \/>\n<meta property=\"og:type\" content=\"article\" \/>\n<meta property=\"og:title\" content=\"Galerie Aufst\u00e4nderung Kunststoff-Module\" \/>\n<meta property=\"og:description\" content=\"Mit diesen Kunststoffmodulen zur Galerieerh\u00f6hung kann eine ganze Galerie f\u00fcr alle Bewohner leicht zug\u00e4nglich gemacht werden.\" \/>\n<meta property=\"og:url\" content=\"https:\/\/turschwellenrampe.de\/de\/hoehe-der-galerie\/\" \/>\n<meta property=\"og:site_name\" content=\"Turschwellenrampe.de\" \/>\n<meta property=\"article:publisher\" content=\"https:\/\/www.facebook.com\/Drempelhulp\/\" \/>\n<meta property=\"article:modified_time\" content=\"2023-02-13T14:34:28+00:00\" \/>\n<meta property=\"og:image\" content=\"https:\/\/turschwellenrampe.de\/wp-content\/uploads\/2020\/04\/image.png\" \/>\n<meta name=\"twitter:card\" content=\"summary_large_image\" \/>\n<script type=\"application\/ld+json\" class=\"yoast-schema-graph\">{\"@context\":\"https:\\\/\\\/schema.org\",\"@graph\":[{\"@type\":\"WebPage\",\"@id\":\"https:\\\/\\\/turschwellenrampe.de\\\/de\\\/hoehe-der-galerie\\\/\",\"url\":\"https:\\\/\\\/turschwellenrampe.de\\\/de\\\/hoehe-der-galerie\\\/\",\"name\":\"Galerie Aufst\u00e4nderung Kunststoff-Module\",\"isPartOf\":{\"@id\":\"https:\\\/\\\/turschwellenrampe.de\\\/de\\\/#website\"},\"primaryImageOfPage\":{\"@id\":\"https:\\\/\\\/turschwellenrampe.de\\\/de\\\/hoehe-der-galerie\\\/#primaryimage\"},\"image\":{\"@id\":\"https:\\\/\\\/turschwellenrampe.de\\\/de\\\/hoehe-der-galerie\\\/#primaryimage\"},\"thumbnailUrl\":\"https:\\\/\\\/turschwellenrampe.de\\\/wp-content\\\/uploads\\\/2020\\\/04\\\/image.png\",\"datePublished\":\"2020-04-14T06:41:53+00:00\",\"dateModified\":\"2023-02-13T14:34:28+00:00\",\"description\":\"Mit diesen Kunststoffmodulen zur Galerieerh\u00f6hung kann eine ganze Galerie f\u00fcr alle Bewohner leicht zug\u00e4nglich gemacht werden.\",\"breadcrumb\":{\"@id\":\"https:\\\/\\\/turschwellenrampe.de\\\/de\\\/hoehe-der-galerie\\\/#breadcrumb\"},\"inLanguage\":\"de\",\"potentialAction\":[{\"@type\":\"ReadAction\",\"target\":[\"https:\\\/\\\/turschwellenrampe.de\\\/de\\\/hoehe-der-galerie\\\/\"]}]},{\"@type\":\"ImageObject\",\"inLanguage\":\"de\",\"@id\":\"https:\\\/\\\/turschwellenrampe.de\\\/de\\\/hoehe-der-galerie\\\/#primaryimage\",\"url\":\"https:\\\/\\\/turschwellenrampe.de\\\/wp-content\\\/uploads\\\/2020\\\/04\\\/image.png\",\"contentUrl\":\"https:\\\/\\\/turschwellenrampe.de\\\/wp-content\\\/uploads\\\/2020\\\/04\\\/image.png\"},{\"@type\":\"BreadcrumbList\",\"@id\":\"https:\\\/\\\/turschwellenrampe.de\\\/de\\\/hoehe-der-galerie\\\/#breadcrumb\",\"itemListElement\":[{\"@type\":\"ListItem\",\"position\":1,\"name\":\"Home\",\"item\":\"https:\\\/\\\/turschwellenrampe.de\\\/de\\\/\"},{\"@type\":\"ListItem\",\"position\":2,\"name\":\"H\u00f6he der Galerie\"}]},{\"@type\":\"WebSite\",\"@id\":\"https:\\\/\\\/turschwellenrampe.de\\\/de\\\/#website\",\"url\":\"https:\\\/\\\/turschwellenrampe.de\\\/de\\\/\",\"name\":\"Turschwellenrampe.de\",\"description\":\"De Specialist in Toegankelijkheid\",\"potentialAction\":[{\"@type\":\"SearchAction\",\"target\":{\"@type\":\"EntryPoint\",\"urlTemplate\":\"https:\\\/\\\/turschwellenrampe.de\\\/de\\\/?s={search_term_string}\"},\"query-input\":{\"@type\":\"PropertyValueSpecification\",\"valueRequired\":true,\"valueName\":\"search_term_string\"}}],\"inLanguage\":\"de\"}]}<\/script>\n<!-- \/ Yoast SEO plugin. -->","yoast_head_json":{"title":"Galerie Aufst\u00e4nderung Kunststoff-Module","description":"Mit diesen Kunststoffmodulen zur Galerieerh\u00f6hung kann eine ganze Galerie f\u00fcr alle Bewohner leicht zug\u00e4nglich gemacht werden.","robots":{"index":"index","follow":"follow","max-snippet":"max-snippet:-1","max-image-preview":"max-image-preview:large","max-video-preview":"max-video-preview:-1"},"canonical":"https:\/\/turschwellenrampe.de\/de\/hoehe-der-galerie\/","og_locale":"de_DE","og_type":"article","og_title":"Galerie Aufst\u00e4nderung Kunststoff-Module","og_description":"Mit diesen Kunststoffmodulen zur Galerieerh\u00f6hung kann eine ganze Galerie f\u00fcr alle Bewohner leicht zug\u00e4nglich gemacht werden.","og_url":"https:\/\/turschwellenrampe.de\/de\/hoehe-der-galerie\/","og_site_name":"Turschwellenrampe.de","article_publisher":"https:\/\/www.facebook.com\/Drempelhulp\/","article_modified_time":"2023-02-13T14:34:28+00:00","og_image":[{"url":"https:\/\/turschwellenrampe.de\/wp-content\/uploads\/2020\/04\/image.png","type":"","width":"","height":""}],"twitter_card":"summary_large_image","schema":{"@context":"https:\/\/schema.org","@graph":[{"@type":"WebPage","@id":"https:\/\/turschwellenrampe.de\/de\/hoehe-der-galerie\/","url":"https:\/\/turschwellenrampe.de\/de\/hoehe-der-galerie\/","name":"Galerie Aufst\u00e4nderung Kunststoff-Module","isPartOf":{"@id":"https:\/\/turschwellenrampe.de\/de\/#website"},"primaryImageOfPage":{"@id":"https:\/\/turschwellenrampe.de\/de\/hoehe-der-galerie\/#primaryimage"},"image":{"@id":"https:\/\/turschwellenrampe.de\/de\/hoehe-der-galerie\/#primaryimage"},"thumbnailUrl":"https:\/\/turschwellenrampe.de\/wp-content\/uploads\/2020\/04\/image.png","datePublished":"2020-04-14T06:41:53+00:00","dateModified":"2023-02-13T14:34:28+00:00","description":"Mit diesen Kunststoffmodulen zur Galerieerh\u00f6hung kann eine ganze Galerie f\u00fcr alle Bewohner leicht zug\u00e4nglich gemacht werden.","breadcrumb":{"@id":"https:\/\/turschwellenrampe.de\/de\/hoehe-der-galerie\/#breadcrumb"},"inLanguage":"de","potentialAction":[{"@type":"ReadAction","target":["https:\/\/turschwellenrampe.de\/de\/hoehe-der-galerie\/"]}]},{"@type":"ImageObject","inLanguage":"de","@id":"https:\/\/turschwellenrampe.de\/de\/hoehe-der-galerie\/#primaryimage","url":"https:\/\/turschwellenrampe.de\/wp-content\/uploads\/2020\/04\/image.png","contentUrl":"https:\/\/turschwellenrampe.de\/wp-content\/uploads\/2020\/04\/image.png"},{"@type":"BreadcrumbList","@id":"https:\/\/turschwellenrampe.de\/de\/hoehe-der-galerie\/#breadcrumb","itemListElement":[{"@type":"ListItem","position":1,"name":"Home","item":"https:\/\/turschwellenrampe.de\/de\/"},{"@type":"ListItem","position":2,"name":"H\u00f6he der Galerie"}]},{"@type":"WebSite","@id":"https:\/\/turschwellenrampe.de\/de\/#website","url":"https:\/\/turschwellenrampe.de\/de\/","name":"Turschwellenrampe.de","description":"De Specialist in Toegankelijkheid","potentialAction":[{"@type":"SearchAction","target":{"@type":"EntryPoint","urlTemplate":"https:\/\/turschwellenrampe.de\/de\/?s={search_term_string}"},"query-input":{"@type":"PropertyValueSpecification","valueRequired":true,"valueName":"search_term_string"}}],"inLanguage":"de"}]}},"_links":{"self":[{"href":"https:\/\/turschwellenrampe.de\/de\/wp-json\/wp\/v2\/pages\/13147","targetHints":{"allow":["GET"]}}],"collection":[{"href":"https:\/\/turschwellenrampe.de\/de\/wp-json\/wp\/v2\/pages"}],"about":[{"href":"https:\/\/turschwellenrampe.de\/de\/wp-json\/wp\/v2\/types\/page"}],"author":[{"embeddable":true,"href":"https:\/\/turschwellenrampe.de\/de\/wp-json\/wp\/v2\/users\/2"}],"replies":[{"embeddable":true,"href":"https:\/\/turschwellenrampe.de\/de\/wp-json\/wp\/v2\/comments?post=13147"}],"version-history":[{"count":0,"href":"https:\/\/turschwellenrampe.de\/de\/wp-json\/wp\/v2\/pages\/13147\/revisions"}],"wp:attachment":[{"href":"https:\/\/turschwellenrampe.de\/de\/wp-json\/wp\/v2\/media?parent=13147"}],"curies":[{"name":"wp","href":"https:\/\/api.w.org\/{rel}","templated":true}]}}