{"id":13146,"date":"2020-03-31T14:08:40","date_gmt":"2020-03-31T12:08:40","guid":{"rendered":"https:\/\/turschwellenrampe.de\/galerie-loesung\/"},"modified":"2023-05-30T11:26:19","modified_gmt":"2023-05-30T09:26:19","slug":"galerie-loesung","status":"publish","type":"page","link":"https:\/\/turschwellenrampe.de\/de\/galerie-loesung\/","title":{"rendered":"Galerie-L\u00f6sung"},"content":{"rendered":"\t\t<div data-elementor-type=\"wp-post\" data-elementor-id=\"13146\" class=\"elementor elementor-13146 elementor-5954\">\n\t\t\t\t\t\t<section class=\"elementor-section elementor-top-section elementor-element elementor-element-dd7de46 elementor-section-boxed elementor-section-height-default elementor-section-height-default\" data-id=\"dd7de46\" data-element_type=\"section\" data-e-type=\"section\">\r\n\t\t\r\n\t\t\t\t\t\t\t<div class=\"elementor-container elementor-column-gap-default\">\r\n\t\t\t\t\t\t\t\t\t\t\t<div class=\"elementor-column elementor-col-100 elementor-top-column elementor-element elementor-element-38feea6\" data-id=\"38feea6\" data-element_type=\"column\" data-e-type=\"column\">\r\n\t\t\t\t\t<div class=\"elementor-widget-wrap elementor-element-populated\">\r\n\t\t\t\t\t\t\t\t<div class=\"elementor-element elementor-element-599f3f7 elementor-widget elementor-widget-heading\" data-id=\"599f3f7\" data-element_type=\"widget\" data-e-type=\"widget\" data-widget_type=\"heading.default\">\n\t\t\t\t<div class=\"elementor-widget-container\">\n\t\t\t\t\t<h1 class=\"elementor-heading-title elementor-size-default\">Galerie-L\u00f6sung<\/h1>\t\t\t\t<\/div>\n\t\t\t\t<\/div>\n\t\t\t\t\t<\/div>\r\n\t\t\t\t<\/div>\r\n\t\t\t\t\t<\/div>\r\n\t\t\t\t<\/section>\r\n\t\t\t\t<section class=\"elementor-section elementor-top-section elementor-element elementor-element-d121cb6 elementor-section-boxed elementor-section-height-default elementor-section-height-default\" data-id=\"d121cb6\" data-element_type=\"section\" data-e-type=\"section\">\r\n\t\t\r\n\t\t\t\t\t\t\t<div class=\"elementor-container elementor-column-gap-default\">\r\n\t\t\t\t\t\t\t\t\t\t\t<div class=\"elementor-column elementor-col-100 elementor-top-column elementor-element elementor-element-c2a0b89\" data-id=\"c2a0b89\" data-element_type=\"column\" data-e-type=\"column\">\r\n\t\t\t\t\t<div class=\"elementor-widget-wrap elementor-element-populated\">\r\n\t\t\t\t\t\t\t\t<div class=\"elementor-element elementor-element-10c24a0 elementor-widget elementor-widget-text-editor\" data-id=\"10c24a0\" data-element_type=\"widget\" data-e-type=\"widget\" data-widget_type=\"text-editor.default\">\n\t\t\t\t<div class=\"elementor-widget-container\">\n\t\t\t\t\t\t\t\t\t<p><span style=\"font-family: 'Verdana','sans-serif'; color: black;\">Wir bieten eine hervorragende L\u00f6sung f\u00fcr die Erh\u00f6hung der Wohnungsgalerie, um sie rollstuhlgerecht zu machen.<\/span><\/p>\n<p><span style=\"font-family: 'Verdana','sans-serif'; color: black;\">Suchen Sie nach einer L\u00f6sung f\u00fcr Ihre Galerie? Aarzel niet om contact met ons op te nemen via <a href=\"TEL:\/\/0102420914\">e-mail<\/a>: <a href=\"mailto:info@drempelhulp.nl\">info@turschwellenrampe.de<\/a>. Wir werden dann gemeinsam mit Ihnen nach einer geeigneten L\u00f6sung suchen.<\/span><\/p>\n\t\t\t\t\t\t\t\t<\/div>\n\t\t\t\t<\/div>\n\t\t\t\t\t<\/div>\r\n\t\t\t\t<\/div>\r\n\t\t\t\t\t<\/div>\r\n\t\t\t\t<\/section>\r\n\t\t\t\t<section class=\"elementor-section elementor-top-section elementor-element elementor-element-2bd283f elementor-section-boxed elementor-section-height-default elementor-section-height-default\" data-id=\"2bd283f\" data-element_type=\"section\" data-e-type=\"section\">\r\n\t\t\r\n\t\t\t\t\t\t\t<div class=\"elementor-container elementor-column-gap-default\">\r\n\t\t\t\t\t\t\t\t\t\t\t<div class=\"elementor-column elementor-col-100 elementor-top-column elementor-element elementor-element-fbc7f18\" data-id=\"fbc7f18\" data-element_type=\"column\" data-e-type=\"column\">\r\n\t\t\t\t\t<div class=\"elementor-widget-wrap elementor-element-populated\">\r\n\t\t\t\t\t\t\t\t<div class=\"elementor-element elementor-element-ec3ac87 elementor-widget elementor-widget-image\" data-id=\"ec3ac87\" data-element_type=\"widget\" data-e-type=\"widget\" data-widget_type=\"image.default\">\n\t\t\t\t<div class=\"elementor-widget-container\">\n\t\t\t\t\t\t\t\t\t\t\t\t\t\t\t<img fetchpriority=\"high\" decoding=\"async\" width=\"575\" height=\"943\" src=\"https:\/\/turschwellenrampe.de\/wp-content\/uploads\/2020\/03\/galerij-oplossing.jpg\" class=\"attachment-large size-large wp-image-11917\" alt=\"\" srcset=\"https:\/\/turschwellenrampe.de\/wp-content\/uploads\/2020\/03\/galerij-oplossing.jpg 575w, https:\/\/turschwellenrampe.de\/wp-content\/uploads\/2020\/03\/galerij-oplossing-400x656.jpg 400w, https:\/\/turschwellenrampe.de\/wp-content\/uploads\/2020\/03\/galerij-oplossing-367x602.jpg 367w\" sizes=\"(max-width: 575px) 100vw, 575px\" \/>\t\t\t\t\t\t\t\t\t\t\t\t\t\t\t<\/div>\n\t\t\t\t<\/div>\n\t\t\t\t\t<\/div>\r\n\t\t\t\t<\/div>\r\n\t\t\t\t\t<\/div>\r\n\t\t\t\t<\/section>\r\n\t\t\t\t<\/div>\n\t\t","protected":false},"excerpt":{"rendered":"<p>Galerie-L\u00f6sung Wir bieten eine hervorragende L\u00f6sung f\u00fcr die Erh\u00f6hung der Wohnungsgalerie, um sie rollstuhlgerecht zu machen. Suchen Sie nach einer L\u00f6sung f\u00fcr Ihre Galerie? Aarzel niet om contact met ons op te nemen via e-mail: info@turschwellenrampe.de. Wir werden dann gemeinsam mit Ihnen nach einer geeigneten L\u00f6sung suchen.<\/p>\n","protected":false},"author":2,"featured_media":0,"parent":0,"menu_order":0,"comment_status":"closed","ping_status":"closed","template":"","meta":{"footnotes":""},"class_list":["post-13146","page","type-page","status-publish","hentry"],"yoast_head":"<!-- This site is optimized with the Yoast SEO plugin v27.3 - https:\/\/yoast.com\/product\/yoast-seo-wordpress\/ -->\n<title>Galeriel\u00f6sung - Paket zum Selbermachen oder zum Installieren<\/title>\n<meta name=\"description\" content=\"Eine hervorragende L\u00f6sung, um die H\u00f6he der Wohnungsgalerie zu erh\u00f6hen und sie so rollstuhlgerecht zu gestalten. Turschwellenrampe.de bietet immer eine L\u00f6sung.\" \/>\n<meta name=\"robots\" content=\"index, follow, max-snippet:-1, max-image-preview:large, max-video-preview:-1\" \/>\n<link rel=\"canonical\" href=\"https:\/\/turschwellenrampe.de\/de\/galerie-loesung\/\" \/>\n<meta property=\"og:locale\" content=\"de_DE\" \/>\n<meta property=\"og:type\" content=\"article\" \/>\n<meta property=\"og:title\" content=\"Galeriel\u00f6sung - Paket zum Selbermachen oder zum Installieren\" \/>\n<meta property=\"og:description\" content=\"Eine hervorragende L\u00f6sung, um die H\u00f6he der Wohnungsgalerie zu erh\u00f6hen und sie so rollstuhlgerecht zu gestalten. Turschwellenrampe.de bietet immer eine L\u00f6sung.\" \/>\n<meta property=\"og:url\" content=\"https:\/\/turschwellenrampe.de\/de\/galerie-loesung\/\" \/>\n<meta property=\"og:site_name\" content=\"Turschwellenrampe.de\" \/>\n<meta property=\"article:publisher\" content=\"https:\/\/www.facebook.com\/Drempelhulp\/\" \/>\n<meta property=\"article:modified_time\" content=\"2023-05-30T09:26:19+00:00\" \/>\n<meta property=\"og:image\" content=\"https:\/\/turschwellenrampe.de\/wp-content\/uploads\/2020\/03\/galerij-oplossing.jpg\" \/>\n<meta name=\"twitter:card\" content=\"summary_large_image\" \/>\n<script type=\"application\/ld+json\" class=\"yoast-schema-graph\">{\"@context\":\"https:\\\/\\\/schema.org\",\"@graph\":[{\"@type\":\"WebPage\",\"@id\":\"https:\\\/\\\/turschwellenrampe.de\\\/de\\\/galerie-loesung\\\/\",\"url\":\"https:\\\/\\\/turschwellenrampe.de\\\/de\\\/galerie-loesung\\\/\",\"name\":\"Galeriel\u00f6sung - Paket zum Selbermachen oder zum Installieren\",\"isPartOf\":{\"@id\":\"https:\\\/\\\/turschwellenrampe.de\\\/de\\\/#website\"},\"primaryImageOfPage\":{\"@id\":\"https:\\\/\\\/turschwellenrampe.de\\\/de\\\/galerie-loesung\\\/#primaryimage\"},\"image\":{\"@id\":\"https:\\\/\\\/turschwellenrampe.de\\\/de\\\/galerie-loesung\\\/#primaryimage\"},\"thumbnailUrl\":\"https:\\\/\\\/turschwellenrampe.de\\\/wp-content\\\/uploads\\\/2020\\\/03\\\/galerij-oplossing.jpg\",\"datePublished\":\"2020-03-31T12:08:40+00:00\",\"dateModified\":\"2023-05-30T09:26:19+00:00\",\"description\":\"Eine hervorragende L\u00f6sung, um die H\u00f6he der Wohnungsgalerie zu erh\u00f6hen und sie so rollstuhlgerecht zu gestalten. Turschwellenrampe.de bietet immer eine L\u00f6sung.\",\"breadcrumb\":{\"@id\":\"https:\\\/\\\/turschwellenrampe.de\\\/de\\\/galerie-loesung\\\/#breadcrumb\"},\"inLanguage\":\"de\",\"potentialAction\":[{\"@type\":\"ReadAction\",\"target\":[\"https:\\\/\\\/turschwellenrampe.de\\\/de\\\/galerie-loesung\\\/\"]}]},{\"@type\":\"ImageObject\",\"inLanguage\":\"de\",\"@id\":\"https:\\\/\\\/turschwellenrampe.de\\\/de\\\/galerie-loesung\\\/#primaryimage\",\"url\":\"https:\\\/\\\/turschwellenrampe.de\\\/wp-content\\\/uploads\\\/2020\\\/03\\\/galerij-oplossing.jpg\",\"contentUrl\":\"https:\\\/\\\/turschwellenrampe.de\\\/wp-content\\\/uploads\\\/2020\\\/03\\\/galerij-oplossing.jpg\"},{\"@type\":\"BreadcrumbList\",\"@id\":\"https:\\\/\\\/turschwellenrampe.de\\\/de\\\/galerie-loesung\\\/#breadcrumb\",\"itemListElement\":[{\"@type\":\"ListItem\",\"position\":1,\"name\":\"Home\",\"item\":\"https:\\\/\\\/turschwellenrampe.de\\\/de\\\/\"},{\"@type\":\"ListItem\",\"position\":2,\"name\":\"Galerie-L\u00f6sung\"}]},{\"@type\":\"WebSite\",\"@id\":\"https:\\\/\\\/turschwellenrampe.de\\\/de\\\/#website\",\"url\":\"https:\\\/\\\/turschwellenrampe.de\\\/de\\\/\",\"name\":\"Turschwellenrampe.de\",\"description\":\"De Specialist in Toegankelijkheid\",\"potentialAction\":[{\"@type\":\"SearchAction\",\"target\":{\"@type\":\"EntryPoint\",\"urlTemplate\":\"https:\\\/\\\/turschwellenrampe.de\\\/de\\\/?s={search_term_string}\"},\"query-input\":{\"@type\":\"PropertyValueSpecification\",\"valueRequired\":true,\"valueName\":\"search_term_string\"}}],\"inLanguage\":\"de\"}]}<\/script>\n<!-- \/ Yoast SEO plugin. -->","yoast_head_json":{"title":"Galeriel\u00f6sung - Paket zum Selbermachen oder zum Installieren","description":"Eine hervorragende L\u00f6sung, um die H\u00f6he der Wohnungsgalerie zu erh\u00f6hen und sie so rollstuhlgerecht zu gestalten. Turschwellenrampe.de bietet immer eine L\u00f6sung.","robots":{"index":"index","follow":"follow","max-snippet":"max-snippet:-1","max-image-preview":"max-image-preview:large","max-video-preview":"max-video-preview:-1"},"canonical":"https:\/\/turschwellenrampe.de\/de\/galerie-loesung\/","og_locale":"de_DE","og_type":"article","og_title":"Galeriel\u00f6sung - Paket zum Selbermachen oder zum Installieren","og_description":"Eine hervorragende L\u00f6sung, um die H\u00f6he der Wohnungsgalerie zu erh\u00f6hen und sie so rollstuhlgerecht zu gestalten. Turschwellenrampe.de bietet immer eine L\u00f6sung.","og_url":"https:\/\/turschwellenrampe.de\/de\/galerie-loesung\/","og_site_name":"Turschwellenrampe.de","article_publisher":"https:\/\/www.facebook.com\/Drempelhulp\/","article_modified_time":"2023-05-30T09:26:19+00:00","og_image":[{"url":"https:\/\/turschwellenrampe.de\/wp-content\/uploads\/2020\/03\/galerij-oplossing.jpg","type":"","width":"","height":""}],"twitter_card":"summary_large_image","schema":{"@context":"https:\/\/schema.org","@graph":[{"@type":"WebPage","@id":"https:\/\/turschwellenrampe.de\/de\/galerie-loesung\/","url":"https:\/\/turschwellenrampe.de\/de\/galerie-loesung\/","name":"Galeriel\u00f6sung - Paket zum Selbermachen oder zum Installieren","isPartOf":{"@id":"https:\/\/turschwellenrampe.de\/de\/#website"},"primaryImageOfPage":{"@id":"https:\/\/turschwellenrampe.de\/de\/galerie-loesung\/#primaryimage"},"image":{"@id":"https:\/\/turschwellenrampe.de\/de\/galerie-loesung\/#primaryimage"},"thumbnailUrl":"https:\/\/turschwellenrampe.de\/wp-content\/uploads\/2020\/03\/galerij-oplossing.jpg","datePublished":"2020-03-31T12:08:40+00:00","dateModified":"2023-05-30T09:26:19+00:00","description":"Eine hervorragende L\u00f6sung, um die H\u00f6he der Wohnungsgalerie zu erh\u00f6hen und sie so rollstuhlgerecht zu gestalten. Turschwellenrampe.de bietet immer eine L\u00f6sung.","breadcrumb":{"@id":"https:\/\/turschwellenrampe.de\/de\/galerie-loesung\/#breadcrumb"},"inLanguage":"de","potentialAction":[{"@type":"ReadAction","target":["https:\/\/turschwellenrampe.de\/de\/galerie-loesung\/"]}]},{"@type":"ImageObject","inLanguage":"de","@id":"https:\/\/turschwellenrampe.de\/de\/galerie-loesung\/#primaryimage","url":"https:\/\/turschwellenrampe.de\/wp-content\/uploads\/2020\/03\/galerij-oplossing.jpg","contentUrl":"https:\/\/turschwellenrampe.de\/wp-content\/uploads\/2020\/03\/galerij-oplossing.jpg"},{"@type":"BreadcrumbList","@id":"https:\/\/turschwellenrampe.de\/de\/galerie-loesung\/#breadcrumb","itemListElement":[{"@type":"ListItem","position":1,"name":"Home","item":"https:\/\/turschwellenrampe.de\/de\/"},{"@type":"ListItem","position":2,"name":"Galerie-L\u00f6sung"}]},{"@type":"WebSite","@id":"https:\/\/turschwellenrampe.de\/de\/#website","url":"https:\/\/turschwellenrampe.de\/de\/","name":"Turschwellenrampe.de","description":"De Specialist in Toegankelijkheid","potentialAction":[{"@type":"SearchAction","target":{"@type":"EntryPoint","urlTemplate":"https:\/\/turschwellenrampe.de\/de\/?s={search_term_string}"},"query-input":{"@type":"PropertyValueSpecification","valueRequired":true,"valueName":"search_term_string"}}],"inLanguage":"de"}]}},"_links":{"self":[{"href":"https:\/\/turschwellenrampe.de\/de\/wp-json\/wp\/v2\/pages\/13146","targetHints":{"allow":["GET"]}}],"collection":[{"href":"https:\/\/turschwellenrampe.de\/de\/wp-json\/wp\/v2\/pages"}],"about":[{"href":"https:\/\/turschwellenrampe.de\/de\/wp-json\/wp\/v2\/types\/page"}],"author":[{"embeddable":true,"href":"https:\/\/turschwellenrampe.de\/de\/wp-json\/wp\/v2\/users\/2"}],"replies":[{"embeddable":true,"href":"https:\/\/turschwellenrampe.de\/de\/wp-json\/wp\/v2\/comments?post=13146"}],"version-history":[{"count":0,"href":"https:\/\/turschwellenrampe.de\/de\/wp-json\/wp\/v2\/pages\/13146\/revisions"}],"wp:attachment":[{"href":"https:\/\/turschwellenrampe.de\/de\/wp-json\/wp\/v2\/media?parent=13146"}],"curies":[{"name":"wp","href":"https:\/\/api.w.org\/{rel}","templated":true}]}}