{"id":13100,"date":"2020-03-31T10:29:49","date_gmt":"2020-03-31T08:29:49","guid":{"rendered":"https:\/\/turschwellenrampe.de\/haus-oder-wohnung-fuer-rollstuhlfahrer-zugaenglich-machen\/"},"modified":"2023-05-30T13:20:10","modified_gmt":"2023-05-30T11:20:10","slug":"haus-oder-wohnung-fuer-rollstuhlfahrer-zugaenglich-machen","status":"publish","type":"page","link":"https:\/\/turschwellenrampe.de\/de\/haus-oder-wohnung-fuer-rollstuhlfahrer-zugaenglich-machen\/","title":{"rendered":"Haus oder Wohnung f\u00fcr Rollstuhlfahrer zug\u00e4nglich machen"},"content":{"rendered":"\t\t<div data-elementor-type=\"wp-post\" data-elementor-id=\"13100\" class=\"elementor elementor-13100 elementor-5921\">\n\t\t\t\t\t\t<section class=\"elementor-section elementor-top-section elementor-element elementor-element-45ab493 elementor-section-boxed elementor-section-height-default elementor-section-height-default\" data-id=\"45ab493\" data-element_type=\"section\" data-e-type=\"section\">\r\n\t\t\r\n\t\t\t\t\t\t\t<div class=\"elementor-container elementor-column-gap-default\">\r\n\t\t\t\t\t\t\t\t\t\t\t<div class=\"elementor-column elementor-col-100 elementor-top-column elementor-element elementor-element-fecf1fc\" data-id=\"fecf1fc\" data-element_type=\"column\" data-e-type=\"column\">\r\n\t\t\t\t\t<div class=\"elementor-widget-wrap elementor-element-populated\">\r\n\t\t\t\t\t\t\t\t<div class=\"elementor-element elementor-element-d5c2eed elementor-widget elementor-widget-heading\" data-id=\"d5c2eed\" data-element_type=\"widget\" data-e-type=\"widget\" data-widget_type=\"heading.default\">\n\t\t\t\t<div class=\"elementor-widget-container\">\n\t\t\t\t\t<h1 class=\"elementor-heading-title elementor-size-default\">Haus oder Wohnung f\u00fcr Rollstuhlfahrer zug\u00e4nglich machen<\/h1>\t\t\t\t<\/div>\n\t\t\t\t<\/div>\n\t\t\t\t\t<\/div>\r\n\t\t\t\t<\/div>\r\n\t\t\t\t\t<\/div>\r\n\t\t\t\t<\/section>\r\n\t\t\t\t<section class=\"elementor-section elementor-top-section elementor-element elementor-element-25d4481 elementor-section-boxed elementor-section-height-default elementor-section-height-default\" data-id=\"25d4481\" data-element_type=\"section\" data-e-type=\"section\">\r\n\t\t\r\n\t\t\t\t\t\t\t<div class=\"elementor-container elementor-column-gap-default\">\r\n\t\t\t\t\t\t\t\t\t\t\t<div class=\"elementor-column elementor-col-100 elementor-top-column elementor-element elementor-element-c40e2e6\" data-id=\"c40e2e6\" data-element_type=\"column\" data-e-type=\"column\">\r\n\t\t\t\t\t<div class=\"elementor-widget-wrap elementor-element-populated\">\r\n\t\t\t\t\t\t\t\t<div class=\"elementor-element elementor-element-6df2a51 elementor-widget elementor-widget-text-editor\" data-id=\"6df2a51\" data-element_type=\"widget\" data-e-type=\"widget\" data-widget_type=\"text-editor.default\">\n\t\t\t\t<div class=\"elementor-widget-container\">\n\t\t\t\t\t\t\t\t\t<p>Turschwellenrampe.de hat ein komplettes Sortiment an Produkten, mit denen Sie Ihr Haus oder Ihre Wohnung rollstuhlgerecht gestalten k\u00f6nnen. Dazu geh\u00f6ren Schwellenrampen, Schwellenerh\u00f6hungen und Schwellenabsenkungen.<\/p>\n<p>Wir verkaufen auch Produkte wie Galerieerh\u00f6hungen und Galerieabsenkungen. Kurzum, ein komplettes Sortiment an Produkten, die Ihnen helfen, Ihr Haus oder Ihre Wohnung rollstuhlgerecht zu gestalten.<\/p>\n<p>&nbsp;<a href=\"https:\/\/turschwellenrampe.de\/de\/turschwellenrampen\/\">Hier einkaufen &gt;<\/a><\/p>\n<p><img decoding=\"async\" width=\"300\" height=\"53\" class=\"alignnone size-medium wp-image-6016\" style=\"border-bottom-color: currentColor; border-bottom-left-radius: 0px; border-bottom-right-radius: 0px; border-bottom-style: none; border-bottom-width: medium; border-image-outset: 0; border-image-repeat: stretch; border-image-slice: 100%; border-image-source: none; border-image-width: 1; border-left-color: currentColor; border-left-style: none; border-left-width: medium; border-right-color: currentColor; border-right-style: none; border-right-width: medium; border-top-color: currentColor; border-top-left-radius: 0px; border-top-right-radius: 0px; border-top-style: none; border-top-width: medium; box-shadow: none; box-sizing: border-box; color: rgb(122, 122, 122); font-family: \"Roboto\",Open Sans; font-size: 14px; font-style: normal; font-variant: normal; font-weight: 400; height: auto; letter-spacing: normal; max-width: 100%; -ms-user-select: none; orphans: 2; text-align: left; text-decoration: none; text-indent: 0px; text-transform: none; vertical-align: middle; -webkit-text-stroke-width: 0px; white-space: normal; word-spacing: 0px;\" alt=\"\" src=\"https:\/\/turschwellenrampe.de\/wp-content\/uploads\/2020\/04\/logo-drempelhulp-size-edit-300x53.png\"><\/p>\n<p><\/p>\n<p><br><\/p>\n<p><\/p>\t\t\t\t\t\t\t\t<\/div>\n\t\t\t\t<\/div>\n\t\t\t\t\t<\/div>\r\n\t\t\t\t<\/div>\r\n\t\t\t\t\t<\/div>\r\n\t\t\t\t<\/section>\r\n\t\t\t\t<\/div>\n\t\t","protected":false},"excerpt":{"rendered":"<p>Haus oder Wohnung f\u00fcr Rollstuhlfahrer zug\u00e4nglich machen Turschwellenrampe.de hat ein komplettes Sortiment an Produkten, mit denen Sie Ihr Haus oder Ihre Wohnung rollstuhlgerecht gestalten k\u00f6nnen. Dazu geh\u00f6ren Schwellenrampen, Schwellenerh\u00f6hungen und Schwellenabsenkungen. Wir verkaufen auch Produkte wie Galerieerh\u00f6hungen und Galerieabsenkungen. Kurzum, ein komplettes Sortiment an Produkten, die Ihnen helfen, Ihr Haus oder Ihre Wohnung rollstuhlgerecht zu [&hellip;]<\/p>\n","protected":false},"author":2,"featured_media":0,"parent":0,"menu_order":0,"comment_status":"closed","ping_status":"closed","template":"","meta":{"footnotes":""},"class_list":["post-13100","page","type-page","status-publish","hentry"],"yoast_head":"<!-- This site is optimized with the Yoast SEO plugin v27.5 - https:\/\/yoast.com\/product\/yoast-seo-wordpress\/ -->\n<title>Haus oder Wohnung f\u00fcr Rollstuhlfahrer zug\u00e4nglich machen - Turschwellenrampe.de<\/title>\n<meta name=\"description\" content=\"Ein rollstuhlgerechtes Haus? Was gibt es Sch\u00f6neres, als sein Haus oder seine Wohnung unkompliziert zu verlassen, weil es rollstuhlgerecht eingerichtet wurde?\" \/>\n<meta name=\"robots\" content=\"index, follow, max-snippet:-1, max-image-preview:large, max-video-preview:-1\" \/>\n<link rel=\"canonical\" href=\"https:\/\/turschwellenrampe.de\/de\/haus-oder-wohnung-fuer-rollstuhlfahrer-zugaenglich-machen\/\" \/>\n<meta property=\"og:locale\" content=\"de_DE\" \/>\n<meta property=\"og:type\" content=\"article\" \/>\n<meta property=\"og:title\" content=\"Haus oder Wohnung f\u00fcr Rollstuhlfahrer zug\u00e4nglich machen - Turschwellenrampe.de\" \/>\n<meta property=\"og:description\" content=\"Ein rollstuhlgerechtes Haus? Was gibt es Sch\u00f6neres, als sein Haus oder seine Wohnung unkompliziert zu verlassen, weil es rollstuhlgerecht eingerichtet wurde?\" \/>\n<meta property=\"og:url\" content=\"https:\/\/turschwellenrampe.de\/de\/haus-oder-wohnung-fuer-rollstuhlfahrer-zugaenglich-machen\/\" \/>\n<meta property=\"og:site_name\" content=\"Turschwellenrampe.de\" \/>\n<meta property=\"article:publisher\" content=\"https:\/\/www.facebook.com\/Drempelhulp\/\" \/>\n<meta property=\"article:modified_time\" content=\"2023-05-30T11:20:10+00:00\" \/>\n<meta property=\"og:image\" content=\"https:\/\/turschwellenrampe.de\/wp-content\/uploads\/2020\/04\/logo-drempelhulp-size-edit-300x53.png\" \/>\n<meta name=\"twitter:card\" content=\"summary_large_image\" \/>\n<script type=\"application\/ld+json\" class=\"yoast-schema-graph\">{\"@context\":\"https:\\\/\\\/schema.org\",\"@graph\":[{\"@type\":\"WebPage\",\"@id\":\"https:\\\/\\\/turschwellenrampe.de\\\/de\\\/haus-oder-wohnung-fuer-rollstuhlfahrer-zugaenglich-machen\\\/\",\"url\":\"https:\\\/\\\/turschwellenrampe.de\\\/de\\\/haus-oder-wohnung-fuer-rollstuhlfahrer-zugaenglich-machen\\\/\",\"name\":\"Haus oder Wohnung f\u00fcr Rollstuhlfahrer zug\u00e4nglich machen - Turschwellenrampe.de\",\"isPartOf\":{\"@id\":\"https:\\\/\\\/turschwellenrampe.de\\\/de\\\/#website\"},\"primaryImageOfPage\":{\"@id\":\"https:\\\/\\\/turschwellenrampe.de\\\/de\\\/haus-oder-wohnung-fuer-rollstuhlfahrer-zugaenglich-machen\\\/#primaryimage\"},\"image\":{\"@id\":\"https:\\\/\\\/turschwellenrampe.de\\\/de\\\/haus-oder-wohnung-fuer-rollstuhlfahrer-zugaenglich-machen\\\/#primaryimage\"},\"thumbnailUrl\":\"https:\\\/\\\/turschwellenrampe.de\\\/wp-content\\\/uploads\\\/2020\\\/04\\\/logo-drempelhulp-size-edit-300x53.png\",\"datePublished\":\"2020-03-31T08:29:49+00:00\",\"dateModified\":\"2023-05-30T11:20:10+00:00\",\"description\":\"Ein rollstuhlgerechtes Haus? Was gibt es Sch\u00f6neres, als sein Haus oder seine Wohnung unkompliziert zu verlassen, weil es rollstuhlgerecht eingerichtet wurde?\",\"breadcrumb\":{\"@id\":\"https:\\\/\\\/turschwellenrampe.de\\\/de\\\/haus-oder-wohnung-fuer-rollstuhlfahrer-zugaenglich-machen\\\/#breadcrumb\"},\"inLanguage\":\"de\",\"potentialAction\":[{\"@type\":\"ReadAction\",\"target\":[\"https:\\\/\\\/turschwellenrampe.de\\\/de\\\/haus-oder-wohnung-fuer-rollstuhlfahrer-zugaenglich-machen\\\/\"]}]},{\"@type\":\"ImageObject\",\"inLanguage\":\"de\",\"@id\":\"https:\\\/\\\/turschwellenrampe.de\\\/de\\\/haus-oder-wohnung-fuer-rollstuhlfahrer-zugaenglich-machen\\\/#primaryimage\",\"url\":\"https:\\\/\\\/turschwellenrampe.de\\\/wp-content\\\/uploads\\\/2020\\\/04\\\/logo-drempelhulp-size-edit-300x53.png\",\"contentUrl\":\"https:\\\/\\\/turschwellenrampe.de\\\/wp-content\\\/uploads\\\/2020\\\/04\\\/logo-drempelhulp-size-edit-300x53.png\"},{\"@type\":\"BreadcrumbList\",\"@id\":\"https:\\\/\\\/turschwellenrampe.de\\\/de\\\/haus-oder-wohnung-fuer-rollstuhlfahrer-zugaenglich-machen\\\/#breadcrumb\",\"itemListElement\":[{\"@type\":\"ListItem\",\"position\":1,\"name\":\"Home\",\"item\":\"https:\\\/\\\/turschwellenrampe.de\\\/de\\\/\"},{\"@type\":\"ListItem\",\"position\":2,\"name\":\"Haus oder Wohnung f\u00fcr Rollstuhlfahrer zug\u00e4nglich machen\"}]},{\"@type\":\"WebSite\",\"@id\":\"https:\\\/\\\/turschwellenrampe.de\\\/de\\\/#website\",\"url\":\"https:\\\/\\\/turschwellenrampe.de\\\/de\\\/\",\"name\":\"Turschwellenrampe.de\",\"description\":\"De Specialist in Toegankelijkheid\",\"potentialAction\":[{\"@type\":\"SearchAction\",\"target\":{\"@type\":\"EntryPoint\",\"urlTemplate\":\"https:\\\/\\\/turschwellenrampe.de\\\/de\\\/?s={search_term_string}\"},\"query-input\":{\"@type\":\"PropertyValueSpecification\",\"valueRequired\":true,\"valueName\":\"search_term_string\"}}],\"inLanguage\":\"de\"}]}<\/script>\n<!-- \/ Yoast SEO plugin. -->","yoast_head_json":{"title":"Haus oder Wohnung f\u00fcr Rollstuhlfahrer zug\u00e4nglich machen - Turschwellenrampe.de","description":"Ein rollstuhlgerechtes Haus? Was gibt es Sch\u00f6neres, als sein Haus oder seine Wohnung unkompliziert zu verlassen, weil es rollstuhlgerecht eingerichtet wurde?","robots":{"index":"index","follow":"follow","max-snippet":"max-snippet:-1","max-image-preview":"max-image-preview:large","max-video-preview":"max-video-preview:-1"},"canonical":"https:\/\/turschwellenrampe.de\/de\/haus-oder-wohnung-fuer-rollstuhlfahrer-zugaenglich-machen\/","og_locale":"de_DE","og_type":"article","og_title":"Haus oder Wohnung f\u00fcr Rollstuhlfahrer zug\u00e4nglich machen - Turschwellenrampe.de","og_description":"Ein rollstuhlgerechtes Haus? Was gibt es Sch\u00f6neres, als sein Haus oder seine Wohnung unkompliziert zu verlassen, weil es rollstuhlgerecht eingerichtet wurde?","og_url":"https:\/\/turschwellenrampe.de\/de\/haus-oder-wohnung-fuer-rollstuhlfahrer-zugaenglich-machen\/","og_site_name":"Turschwellenrampe.de","article_publisher":"https:\/\/www.facebook.com\/Drempelhulp\/","article_modified_time":"2023-05-30T11:20:10+00:00","og_image":[{"url":"https:\/\/turschwellenrampe.de\/wp-content\/uploads\/2020\/04\/logo-drempelhulp-size-edit-300x53.png","type":"","width":"","height":""}],"twitter_card":"summary_large_image","schema":{"@context":"https:\/\/schema.org","@graph":[{"@type":"WebPage","@id":"https:\/\/turschwellenrampe.de\/de\/haus-oder-wohnung-fuer-rollstuhlfahrer-zugaenglich-machen\/","url":"https:\/\/turschwellenrampe.de\/de\/haus-oder-wohnung-fuer-rollstuhlfahrer-zugaenglich-machen\/","name":"Haus oder Wohnung f\u00fcr Rollstuhlfahrer zug\u00e4nglich machen - Turschwellenrampe.de","isPartOf":{"@id":"https:\/\/turschwellenrampe.de\/de\/#website"},"primaryImageOfPage":{"@id":"https:\/\/turschwellenrampe.de\/de\/haus-oder-wohnung-fuer-rollstuhlfahrer-zugaenglich-machen\/#primaryimage"},"image":{"@id":"https:\/\/turschwellenrampe.de\/de\/haus-oder-wohnung-fuer-rollstuhlfahrer-zugaenglich-machen\/#primaryimage"},"thumbnailUrl":"https:\/\/turschwellenrampe.de\/wp-content\/uploads\/2020\/04\/logo-drempelhulp-size-edit-300x53.png","datePublished":"2020-03-31T08:29:49+00:00","dateModified":"2023-05-30T11:20:10+00:00","description":"Ein rollstuhlgerechtes Haus? Was gibt es Sch\u00f6neres, als sein Haus oder seine Wohnung unkompliziert zu verlassen, weil es rollstuhlgerecht eingerichtet wurde?","breadcrumb":{"@id":"https:\/\/turschwellenrampe.de\/de\/haus-oder-wohnung-fuer-rollstuhlfahrer-zugaenglich-machen\/#breadcrumb"},"inLanguage":"de","potentialAction":[{"@type":"ReadAction","target":["https:\/\/turschwellenrampe.de\/de\/haus-oder-wohnung-fuer-rollstuhlfahrer-zugaenglich-machen\/"]}]},{"@type":"ImageObject","inLanguage":"de","@id":"https:\/\/turschwellenrampe.de\/de\/haus-oder-wohnung-fuer-rollstuhlfahrer-zugaenglich-machen\/#primaryimage","url":"https:\/\/turschwellenrampe.de\/wp-content\/uploads\/2020\/04\/logo-drempelhulp-size-edit-300x53.png","contentUrl":"https:\/\/turschwellenrampe.de\/wp-content\/uploads\/2020\/04\/logo-drempelhulp-size-edit-300x53.png"},{"@type":"BreadcrumbList","@id":"https:\/\/turschwellenrampe.de\/de\/haus-oder-wohnung-fuer-rollstuhlfahrer-zugaenglich-machen\/#breadcrumb","itemListElement":[{"@type":"ListItem","position":1,"name":"Home","item":"https:\/\/turschwellenrampe.de\/de\/"},{"@type":"ListItem","position":2,"name":"Haus oder Wohnung f\u00fcr Rollstuhlfahrer zug\u00e4nglich machen"}]},{"@type":"WebSite","@id":"https:\/\/turschwellenrampe.de\/de\/#website","url":"https:\/\/turschwellenrampe.de\/de\/","name":"Turschwellenrampe.de","description":"De Specialist in Toegankelijkheid","potentialAction":[{"@type":"SearchAction","target":{"@type":"EntryPoint","urlTemplate":"https:\/\/turschwellenrampe.de\/de\/?s={search_term_string}"},"query-input":{"@type":"PropertyValueSpecification","valueRequired":true,"valueName":"search_term_string"}}],"inLanguage":"de"}]}},"_links":{"self":[{"href":"https:\/\/turschwellenrampe.de\/de\/wp-json\/wp\/v2\/pages\/13100","targetHints":{"allow":["GET"]}}],"collection":[{"href":"https:\/\/turschwellenrampe.de\/de\/wp-json\/wp\/v2\/pages"}],"about":[{"href":"https:\/\/turschwellenrampe.de\/de\/wp-json\/wp\/v2\/types\/page"}],"author":[{"embeddable":true,"href":"https:\/\/turschwellenrampe.de\/de\/wp-json\/wp\/v2\/users\/2"}],"replies":[{"embeddable":true,"href":"https:\/\/turschwellenrampe.de\/de\/wp-json\/wp\/v2\/comments?post=13100"}],"version-history":[{"count":0,"href":"https:\/\/turschwellenrampe.de\/de\/wp-json\/wp\/v2\/pages\/13100\/revisions"}],"wp:attachment":[{"href":"https:\/\/turschwellenrampe.de\/de\/wp-json\/wp\/v2\/media?parent=13100"}],"curies":[{"name":"wp","href":"https:\/\/api.w.org\/{rel}","templated":true}]}}